{"id":1801,"date":"2025-06-20T06:00:44","date_gmt":"2025-06-20T03:00:44","guid":{"rendered":"https:\/\/parkolik.com\/?page_id=1801"},"modified":"2025-06-23T10:06:49","modified_gmt":"2025-06-23T07:06:49","slug":"ekonimik-serisi","status":"publish","type":"page","link":"https:\/\/parkolik.com\/index.php\/ekonimik-serisi\/","title":{"rendered":"Ekonimik Serisi"},"content":{"rendered":"\n<figure class=\"wp-block-gallery has-nested-images columns-default is-cropped wp-block-gallery-2 is-layout-flex wp-block-gallery-is-layout-flex\">\n<figure data-wp-context=\"{&quot;imageId&quot;:&quot;69e24050dde1a&quot;}\" data-wp-interactive=\"core\/image\" data-wp-key=\"69e24050dde1a\" class=\"wp-block-image size-full is-resized is-style-rounded wp-duotone-unset-1 wp-lightbox-container\"><img loading=\"lazy\" decoding=\"async\" width=\"300\" height=\"300\" data-wp-class--hide=\"state.isContentHidden\" data-wp-class--show=\"state.isContentVisible\" data-wp-init=\"callbacks.setButtonStyles\" data-wp-on--click=\"actions.showLightbox\" data-wp-on--load=\"callbacks.setButtonStyles\" data-wp-on-window--resize=\"callbacks.setButtonStyles\" data-id=\"2105\" src=\"https:\/\/parkolik.com\/wp-content\/uploads\/2025\/06\/PIP-200-1-300x300-1.jpg\" alt=\"\" class=\"wp-image-2105\" style=\"object-fit:cover;width:220px;height:200px\" srcset=\"https:\/\/parkolik.com\/wp-content\/uploads\/2025\/06\/PIP-200-1-300x300-1.jpg 300w, https:\/\/parkolik.com\/wp-content\/uploads\/2025\/06\/PIP-200-1-300x300-1-150x150.jpg 150w\" sizes=\"auto, (max-width: 300px) 100vw, 300px\" \/><button\n\t\t\tclass=\"lightbox-trigger\"\n\t\t\ttype=\"button\"\n\t\t\taria-haspopup=\"dialog\"\n\t\t\taria-label=\"B\u00fcy\u00fct\"\n\t\t\tdata-wp-init=\"callbacks.initTriggerButton\"\n\t\t\tdata-wp-on--click=\"actions.showLightbox\"\n\t\t\tdata-wp-style--right=\"state.imageButtonRight\"\n\t\t\tdata-wp-style--top=\"state.imageButtonTop\"\n\t\t>\n\t\t\t<svg xmlns=\"http:\/\/www.w3.org\/2000\/svg\" width=\"12\" height=\"12\" fill=\"none\" viewBox=\"0 0 12 12\">\n\t\t\t\t<path fill=\"#fff\" d=\"M2 0a2 2 0 0 0-2 2v2h1.5V2a.5.5 0 0 1 .5-.5h2V0H2Zm2 10.5H2a.5.5 0 0 1-.5-.5V8H0v2a2 2 0 0 0 2 2h2v-1.5ZM8 12v-1.5h2a.5.5 0 0 0 .5-.5V8H12v2a2 2 0 0 1-2 2H8Zm2-12a2 2 0 0 1 2 2v2h-1.5V2a.5.5 0 0 0-.5-.5H8V0h2Z\" \/>\n\t\t\t<\/svg>\n\t\t<\/button><figcaption class=\"wp-element-caption\"><a href=\"https:\/\/parkolik.com\/index.php\/ekonomik-serisi-par-1001\/\" data-type=\"page\" data-id=\"2093\"><strong>Ekonomik Serisi<\/strong> <br><strong>Par 1001<\/strong><\/a><\/figcaption><\/figure>\n\n\n\n<figure data-wp-context=\"{&quot;imageId&quot;:&quot;69e24050deca5&quot;}\" data-wp-interactive=\"core\/image\" data-wp-key=\"69e24050deca5\" class=\"wp-block-image size-full is-resized is-style-rounded wp-lightbox-container\"><img loading=\"lazy\" decoding=\"async\" width=\"300\" height=\"300\" data-wp-class--hide=\"state.isContentHidden\" data-wp-class--show=\"state.isContentVisible\" data-wp-init=\"callbacks.setButtonStyles\" data-wp-on--click=\"actions.showLightbox\" data-wp-on--load=\"callbacks.setButtonStyles\" data-wp-on-window--resize=\"callbacks.setButtonStyles\" data-id=\"2106\" src=\"https:\/\/parkolik.com\/wp-content\/uploads\/2025\/06\/PIP-201-300x300-1.jpg\" alt=\"\" class=\"wp-image-2106\" style=\"object-fit:cover;width:200px;height:200px\" srcset=\"https:\/\/parkolik.com\/wp-content\/uploads\/2025\/06\/PIP-201-300x300-1.jpg 300w, https:\/\/parkolik.com\/wp-content\/uploads\/2025\/06\/PIP-201-300x300-1-150x150.jpg 150w\" sizes=\"auto, (max-width: 300px) 100vw, 300px\" \/><button\n\t\t\tclass=\"lightbox-trigger\"\n\t\t\ttype=\"button\"\n\t\t\taria-haspopup=\"dialog\"\n\t\t\taria-label=\"B\u00fcy\u00fct\"\n\t\t\tdata-wp-init=\"callbacks.initTriggerButton\"\n\t\t\tdata-wp-on--click=\"actions.showLightbox\"\n\t\t\tdata-wp-style--right=\"state.imageButtonRight\"\n\t\t\tdata-wp-style--top=\"state.imageButtonTop\"\n\t\t>\n\t\t\t<svg xmlns=\"http:\/\/www.w3.org\/2000\/svg\" width=\"12\" height=\"12\" fill=\"none\" viewBox=\"0 0 12 12\">\n\t\t\t\t<path fill=\"#fff\" d=\"M2 0a2 2 0 0 0-2 2v2h1.5V2a.5.5 0 0 1 .5-.5h2V0H2Zm2 10.5H2a.5.5 0 0 1-.5-.5V8H0v2a2 2 0 0 0 2 2h2v-1.5ZM8 12v-1.5h2a.5.5 0 0 0 .5-.5V8H12v2a2 2 0 0 1-2 2H8Zm2-12a2 2 0 0 1 2 2v2h-1.5V2a.5.5 0 0 0-.5-.5H8V0h2Z\" \/>\n\t\t\t<\/svg>\n\t\t<\/button><figcaption class=\"wp-element-caption\"><a href=\"https:\/\/parkolik.com\/index.php\/ekonomik-serisi-par-1002\/\" data-type=\"page\" data-id=\"2095\"><strong><strong><strong>Ekonomik<\/strong> Serisi<\/strong> <br>Par 100<\/strong>2<\/a><\/figcaption><\/figure>\n\n\n\n<figure data-wp-context=\"{&quot;imageId&quot;:&quot;69e24050df7a3&quot;}\" data-wp-interactive=\"core\/image\" data-wp-key=\"69e24050df7a3\" class=\"wp-block-image size-full is-resized is-style-rounded wp-lightbox-container\"><img loading=\"lazy\" decoding=\"async\" width=\"300\" height=\"300\" data-wp-class--hide=\"state.isContentHidden\" data-wp-class--show=\"state.isContentVisible\" data-wp-init=\"callbacks.setButtonStyles\" data-wp-on--click=\"actions.showLightbox\" data-wp-on--load=\"callbacks.setButtonStyles\" data-wp-on-window--resize=\"callbacks.setButtonStyles\" data-id=\"2107\" src=\"https:\/\/parkolik.com\/wp-content\/uploads\/2025\/06\/PIP-202-300x300-1.jpg\" alt=\"\" class=\"wp-image-2107\" style=\"object-fit:cover;width:200px;height:200px\" srcset=\"https:\/\/parkolik.com\/wp-content\/uploads\/2025\/06\/PIP-202-300x300-1.jpg 300w, https:\/\/parkolik.com\/wp-content\/uploads\/2025\/06\/PIP-202-300x300-1-150x150.jpg 150w\" sizes=\"auto, (max-width: 300px) 100vw, 300px\" \/><button\n\t\t\tclass=\"lightbox-trigger\"\n\t\t\ttype=\"button\"\n\t\t\taria-haspopup=\"dialog\"\n\t\t\taria-label=\"B\u00fcy\u00fct\"\n\t\t\tdata-wp-init=\"callbacks.initTriggerButton\"\n\t\t\tdata-wp-on--click=\"actions.showLightbox\"\n\t\t\tdata-wp-style--right=\"state.imageButtonRight\"\n\t\t\tdata-wp-style--top=\"state.imageButtonTop\"\n\t\t>\n\t\t\t<svg xmlns=\"http:\/\/www.w3.org\/2000\/svg\" width=\"12\" height=\"12\" fill=\"none\" viewBox=\"0 0 12 12\">\n\t\t\t\t<path fill=\"#fff\" d=\"M2 0a2 2 0 0 0-2 2v2h1.5V2a.5.5 0 0 1 .5-.5h2V0H2Zm2 10.5H2a.5.5 0 0 1-.5-.5V8H0v2a2 2 0 0 0 2 2h2v-1.5ZM8 12v-1.5h2a.5.5 0 0 0 .5-.5V8H12v2a2 2 0 0 1-2 2H8Zm2-12a2 2 0 0 1 2 2v2h-1.5V2a.5.5 0 0 0-.5-.5H8V0h2Z\" \/>\n\t\t\t<\/svg>\n\t\t<\/button><figcaption class=\"wp-element-caption\"><a href=\"https:\/\/parkolik.com\/index.php\/ekonomik-serisi-par-1003\/\" data-type=\"page\" data-id=\"2097\"><strong><strong><strong>Ekonomik<\/strong> Serisi<\/strong> <br>Par 100<\/strong>3<\/a><\/figcaption><\/figure>\n\n\n\n<figure data-wp-context=\"{&quot;imageId&quot;:&quot;69e24050e04ad&quot;}\" data-wp-interactive=\"core\/image\" data-wp-key=\"69e24050e04ad\" class=\"wp-block-image size-full is-resized is-style-rounded wp-lightbox-container\"><img loading=\"lazy\" decoding=\"async\" width=\"300\" height=\"300\" data-wp-class--hide=\"state.isContentHidden\" data-wp-class--show=\"state.isContentVisible\" data-wp-init=\"callbacks.setButtonStyles\" data-wp-on--click=\"actions.showLightbox\" data-wp-on--load=\"callbacks.setButtonStyles\" data-wp-on-window--resize=\"callbacks.setButtonStyles\" data-id=\"2108\" src=\"https:\/\/parkolik.com\/wp-content\/uploads\/2025\/06\/PIP-203-300x300-1.jpg\" alt=\"\" class=\"wp-image-2108\" style=\"object-fit:cover;width:220px;height:200px\" srcset=\"https:\/\/parkolik.com\/wp-content\/uploads\/2025\/06\/PIP-203-300x300-1.jpg 300w, https:\/\/parkolik.com\/wp-content\/uploads\/2025\/06\/PIP-203-300x300-1-150x150.jpg 150w\" sizes=\"auto, (max-width: 300px) 100vw, 300px\" \/><button\n\t\t\tclass=\"lightbox-trigger\"\n\t\t\ttype=\"button\"\n\t\t\taria-haspopup=\"dialog\"\n\t\t\taria-label=\"B\u00fcy\u00fct\"\n\t\t\tdata-wp-init=\"callbacks.initTriggerButton\"\n\t\t\tdata-wp-on--click=\"actions.showLightbox\"\n\t\t\tdata-wp-style--right=\"state.imageButtonRight\"\n\t\t\tdata-wp-style--top=\"state.imageButtonTop\"\n\t\t>\n\t\t\t<svg xmlns=\"http:\/\/www.w3.org\/2000\/svg\" width=\"12\" height=\"12\" fill=\"none\" viewBox=\"0 0 12 12\">\n\t\t\t\t<path fill=\"#fff\" d=\"M2 0a2 2 0 0 0-2 2v2h1.5V2a.5.5 0 0 1 .5-.5h2V0H2Zm2 10.5H2a.5.5 0 0 1-.5-.5V8H0v2a2 2 0 0 0 2 2h2v-1.5ZM8 12v-1.5h2a.5.5 0 0 0 .5-.5V8H12v2a2 2 0 0 1-2 2H8Zm2-12a2 2 0 0 1 2 2v2h-1.5V2a.5.5 0 0 0-.5-.5H8V0h2Z\" \/>\n\t\t\t<\/svg>\n\t\t<\/button><figcaption class=\"wp-element-caption\"><strong><a href=\"https:\/\/parkolik.com\/index.php\/ekonomik-serisi-par-1004\/\" data-type=\"page\" data-id=\"2099\"><strong><strong>Ekonomik<\/strong> Serisi<\/strong> <br>Par 1004<\/a><\/strong><\/figcaption><\/figure>\n\n\n\n<figure data-wp-context=\"{&quot;imageId&quot;:&quot;69e24050e12b3&quot;}\" data-wp-interactive=\"core\/image\" data-wp-key=\"69e24050e12b3\" class=\"wp-block-image size-full is-resized is-style-rounded wp-lightbox-container\"><img loading=\"lazy\" decoding=\"async\" width=\"300\" height=\"300\" data-wp-class--hide=\"state.isContentHidden\" data-wp-class--show=\"state.isContentVisible\" data-wp-init=\"callbacks.setButtonStyles\" data-wp-on--click=\"actions.showLightbox\" data-wp-on--load=\"callbacks.setButtonStyles\" data-wp-on-window--resize=\"callbacks.setButtonStyles\" data-id=\"2109\" src=\"https:\/\/parkolik.com\/wp-content\/uploads\/2025\/06\/PIP-204-300x300-1.jpg\" alt=\"\" class=\"wp-image-2109\" style=\"object-fit:cover;width:220px;height:200px\" srcset=\"https:\/\/parkolik.com\/wp-content\/uploads\/2025\/06\/PIP-204-300x300-1.jpg 300w, https:\/\/parkolik.com\/wp-content\/uploads\/2025\/06\/PIP-204-300x300-1-150x150.jpg 150w\" sizes=\"auto, (max-width: 300px) 100vw, 300px\" \/><button\n\t\t\tclass=\"lightbox-trigger\"\n\t\t\ttype=\"button\"\n\t\t\taria-haspopup=\"dialog\"\n\t\t\taria-label=\"B\u00fcy\u00fct\"\n\t\t\tdata-wp-init=\"callbacks.initTriggerButton\"\n\t\t\tdata-wp-on--click=\"actions.showLightbox\"\n\t\t\tdata-wp-style--right=\"state.imageButtonRight\"\n\t\t\tdata-wp-style--top=\"state.imageButtonTop\"\n\t\t>\n\t\t\t<svg xmlns=\"http:\/\/www.w3.org\/2000\/svg\" width=\"12\" height=\"12\" fill=\"none\" viewBox=\"0 0 12 12\">\n\t\t\t\t<path fill=\"#fff\" d=\"M2 0a2 2 0 0 0-2 2v2h1.5V2a.5.5 0 0 1 .5-.5h2V0H2Zm2 10.5H2a.5.5 0 0 1-.5-.5V8H0v2a2 2 0 0 0 2 2h2v-1.5ZM8 12v-1.5h2a.5.5 0 0 0 .5-.5V8H12v2a2 2 0 0 1-2 2H8Zm2-12a2 2 0 0 1 2 2v2h-1.5V2a.5.5 0 0 0-.5-.5H8V0h2Z\" \/>\n\t\t\t<\/svg>\n\t\t<\/button><figcaption class=\"wp-element-caption\"><a href=\"https:\/\/parkolik.com\/index.php\/ekonomik-serisi-par-1005\/\" data-type=\"page\" data-id=\"2101\"><strong><strong><strong><strong>Ekonomik<\/strong> Serisi<\/strong> <br>Par 100<\/strong><\/strong>5<\/a><\/figcaption><\/figure>\n\n\n\n<figure data-wp-context=\"{&quot;imageId&quot;:&quot;69e24050e2157&quot;}\" data-wp-interactive=\"core\/image\" data-wp-key=\"69e24050e2157\" class=\"wp-block-image size-full is-resized is-style-rounded wp-lightbox-container\"><img loading=\"lazy\" decoding=\"async\" width=\"300\" height=\"300\" data-wp-class--hide=\"state.isContentHidden\" data-wp-class--show=\"state.isContentVisible\" data-wp-init=\"callbacks.setButtonStyles\" data-wp-on--click=\"actions.showLightbox\" data-wp-on--load=\"callbacks.setButtonStyles\" data-wp-on-window--resize=\"callbacks.setButtonStyles\" data-id=\"2110\" src=\"https:\/\/parkolik.com\/wp-content\/uploads\/2025\/06\/PIP-205-300x300-2.jpg\" alt=\"\" class=\"wp-image-2110\" style=\"object-fit:cover;width:220px;height:200px\" srcset=\"https:\/\/parkolik.com\/wp-content\/uploads\/2025\/06\/PIP-205-300x300-2.jpg 300w, https:\/\/parkolik.com\/wp-content\/uploads\/2025\/06\/PIP-205-300x300-2-150x150.jpg 150w\" sizes=\"auto, (max-width: 300px) 100vw, 300px\" \/><button\n\t\t\tclass=\"lightbox-trigger\"\n\t\t\ttype=\"button\"\n\t\t\taria-haspopup=\"dialog\"\n\t\t\taria-label=\"B\u00fcy\u00fct\"\n\t\t\tdata-wp-init=\"callbacks.initTriggerButton\"\n\t\t\tdata-wp-on--click=\"actions.showLightbox\"\n\t\t\tdata-wp-style--right=\"state.imageButtonRight\"\n\t\t\tdata-wp-style--top=\"state.imageButtonTop\"\n\t\t>\n\t\t\t<svg xmlns=\"http:\/\/www.w3.org\/2000\/svg\" width=\"12\" height=\"12\" fill=\"none\" viewBox=\"0 0 12 12\">\n\t\t\t\t<path fill=\"#fff\" d=\"M2 0a2 2 0 0 0-2 2v2h1.5V2a.5.5 0 0 1 .5-.5h2V0H2Zm2 10.5H2a.5.5 0 0 1-.5-.5V8H0v2a2 2 0 0 0 2 2h2v-1.5ZM8 12v-1.5h2a.5.5 0 0 0 .5-.5V8H12v2a2 2 0 0 1-2 2H8Zm2-12a2 2 0 0 1 2 2v2h-1.5V2a.5.5 0 0 0-.5-.5H8V0h2Z\" \/>\n\t\t\t<\/svg>\n\t\t<\/button><figcaption class=\"wp-element-caption\"><a href=\"https:\/\/parkolik.com\/index.php\/ekonomik-serisi-par-1006\/\" data-type=\"page\" data-id=\"2103\"><strong><strong><strong><strong><strong>Ekonomik<\/strong> Serisi<\/strong> <br>Par 100<\/strong><\/strong><\/strong>6<\/a><\/figcaption><\/figure>\n<\/figure>\n\n\n\n<hr class=\"wp-block-separator has-alpha-channel-opacity\"\/>\n\n\n\n<h3 class=\"wp-block-heading\">\ud83d\udca1 Ekonomik Serisi: Kaliteyi Uygun Fiyata Sunan Oyun Grubu \u00c7\u00f6z\u00fcmleri<\/h3>\n\n\n\n<p><strong>Ekonomik Serisi \u00c7ocuk Oyun Parklar\u0131<\/strong>, b\u00fct\u00e7e dostu \u00e7\u00f6z\u00fcmler arayan belediyeler, siteler, okullar ve \u00f6zel projeler i\u00e7in \u00f6zel olarak geli\u015ftirilmi\u015ftir. Kaliteden \u00f6d\u00fcn vermeden, \u00e7ocuklar\u0131n g\u00fcvenli ve e\u011flenceli bir \u015fekilde vakit ge\u00e7irebilece\u011fi dayan\u0131kl\u0131 oyun alanlar\u0131 sunar.<\/p>\n\n\n\n<h4 class=\"wp-block-heading\">\ud83c\udfd7\ufe0f Dayan\u0131kl\u0131 ve Fonksiyonel Tasar\u0131m<\/h4>\n\n\n\n<p>Ekonomik Serisi, sade ama i\u015flevsel tasar\u0131m\u0131yla temel oyun ihtiya\u00e7lar\u0131n\u0131 kar\u015f\u0131lar. Kayd\u0131rak, sal\u0131ncak, t\u0131rmanma mod\u00fcl\u00fc gibi temel par\u00e7alar, \u00e7ocuklar\u0131n fiziksel geli\u015fimini desteklerken uzun y\u0131llar kullan\u0131m sunar.<\/p>\n\n\n\n<h4 class=\"wp-block-heading\">\ud83d\udcb0 B\u00fct\u00e7enizi Yormaz<\/h4>\n\n\n\n<p>Uygun fiyatl\u0131 bu seri, \u00f6zellikle k\u0131s\u0131tl\u0131 b\u00fct\u00e7eye sahip projeler i\u00e7in idealdir. Y\u00fcksek kaliteyi minimum maliyetle sunar; b\u00f6ylece daha fazla alanda daha \u00e7ok \u00e7ocu\u011fa oyun imk\u00e2n\u0131 sa\u011flanabilir.<\/p>\n\n\n\n<h4 class=\"wp-block-heading\">\ud83d\udee1\ufe0f G\u00fcvenlik ve Kalite Standartlar\u0131nda \u00dcretim<\/h4>\n\n\n\n<p>T\u00fcm \u00fcr\u00fcnlerimiz \u00e7ocuk g\u00fcvenli\u011fi g\u00f6z \u00f6n\u00fcnde bulundurularak, sa\u011flam malzemelerle ve EN1176 standartlar\u0131na uygun \u015fekilde \u00fcretilir. Emniyetli kenarlar ve dayan\u0131kl\u0131 yap\u0131 elemanlar\u0131yla g\u00f6n\u00fcl rahatl\u0131\u011f\u0131yla kullan\u0131labilir.<\/p>\n\n\n\n<h4 class=\"wp-block-heading\">\ud83e\uddd2 Geni\u015f Kullan\u0131m Alan\u0131<\/h4>\n\n\n\n<ul class=\"wp-block-list\">\n<li>Siteler ve apartman bah\u00e7eleri<\/li>\n\n\n\n<li>Belediyeye ba\u011fl\u0131 k\u00fc\u00e7\u00fck park alanlar\u0131<\/li>\n\n\n\n<li>K\u00f6y okullar\u0131, kre\u015fler ve anaokullar\u0131<\/li>\n\n\n\n<li>Toplu konut projeleri<\/li>\n<\/ul>\n\n\n\n<hr class=\"wp-block-separator has-alpha-channel-opacity\"\/>\n\n\n\n<p>\ud83c\udfaf <strong>Ekonomik Serisi<\/strong>, az maliyetle \u00e7ok \u00e7ocuk g\u00fcld\u00fcrmek isteyenler i\u00e7in m\u00fckemmel bir \u00e7\u00f6z\u00fcmd\u00fcr. Pratik, g\u00fcvenli, e\u011flenceli ve eri\u015filebilir!<\/p>\n","protected":false},"excerpt":{"rendered":"<p>\ud83d\udca1 Ekonomik Serisi: Kaliteyi Uygun Fiyata Sunan Oyun Grubu \u00c7\u00f6z\u00fcmleri Ekonomik Serisi \u00c7ocuk Oyun Parklar\u0131, b\u00fct\u00e7e dostu \u00e7\u00f6z\u00fcmler arayan belediyeler, siteler, okullar ve \u00f6zel projeler i\u00e7in \u00f6zel olarak geli\u015ftirilmi\u015ftir. Kaliteden \u00f6d\u00fcn vermeden, \u00e7ocuklar\u0131n g\u00fcvenli ve e\u011flenceli bir \u015fekilde vakit ge\u00e7irebilece\u011fi dayan\u0131kl\u0131 oyun alanlar\u0131 sunar. \ud83c\udfd7\ufe0f Dayan\u0131kl\u0131 ve Fonksiyonel Tasar\u0131m Ekonomik Serisi, sade ama i\u015flevsel tasar\u0131m\u0131yla [&hellip;]<\/p>\n","protected":false},"author":1,"featured_media":0,"parent":0,"menu_order":0,"comment_status":"closed","ping_status":"closed","template":"","meta":{"footnotes":""},"class_list":["post-1801","page","type-page","status-publish","hentry"],"_links":{"self":[{"href":"https:\/\/parkolik.com\/index.php\/wp-json\/wp\/v2\/pages\/1801","targetHints":{"allow":["GET"]}}],"collection":[{"href":"https:\/\/parkolik.com\/index.php\/wp-json\/wp\/v2\/pages"}],"about":[{"href":"https:\/\/parkolik.com\/index.php\/wp-json\/wp\/v2\/types\/page"}],"author":[{"embeddable":true,"href":"https:\/\/parkolik.com\/index.php\/wp-json\/wp\/v2\/users\/1"}],"replies":[{"embeddable":true,"href":"https:\/\/parkolik.com\/index.php\/wp-json\/wp\/v2\/comments?post=1801"}],"version-history":[{"count":2,"href":"https:\/\/parkolik.com\/index.php\/wp-json\/wp\/v2\/pages\/1801\/revisions"}],"predecessor-version":[{"id":2111,"href":"https:\/\/parkolik.com\/index.php\/wp-json\/wp\/v2\/pages\/1801\/revisions\/2111"}],"wp:attachment":[{"href":"https:\/\/parkolik.com\/index.php\/wp-json\/wp\/v2\/media?parent=1801"}],"curies":[{"name":"wp","href":"https:\/\/api.w.org\/{rel}","templated":true}]}}