{"id":1816,"date":"2025-06-20T06:08:10","date_gmt":"2025-06-20T03:08:10","guid":{"rendered":"https:\/\/parkolik.com\/?page_id=1816"},"modified":"2025-06-24T21:45:17","modified_gmt":"2025-06-24T18:45:17","slug":"kaydirak-serisi","status":"publish","type":"page","link":"https:\/\/parkolik.com\/index.php\/kaydirak-serisi\/","title":{"rendered":"Kayd\u0131rak Serisi"},"content":{"rendered":"\n<figure class=\"wp-block-gallery has-nested-images columns-default is-cropped wp-block-gallery-2 is-layout-flex wp-block-gallery-is-layout-flex\">\n<figure data-wp-context=\"{&quot;imageId&quot;:&quot;69e240a9da7e1&quot;}\" data-wp-interactive=\"core\/image\" data-wp-key=\"69e240a9da7e1\" class=\"wp-block-image size-full is-resized is-style-rounded wp-duotone-unset-1 wp-lightbox-container\"><img loading=\"lazy\" decoding=\"async\" width=\"300\" height=\"300\" data-wp-class--hide=\"state.isContentHidden\" data-wp-class--show=\"state.isContentVisible\" data-wp-init=\"callbacks.setButtonStyles\" data-wp-on--click=\"actions.showLightbox\" data-wp-on--load=\"callbacks.setButtonStyles\" data-wp-on-window--resize=\"callbacks.setButtonStyles\" data-id=\"2230\" src=\"https:\/\/parkolik.com\/wp-content\/uploads\/2025\/06\/PPT-122-300x300-1.jpg\" alt=\"\" class=\"wp-image-2230\" style=\"object-fit:cover;width:220px;height:200px\" srcset=\"https:\/\/parkolik.com\/wp-content\/uploads\/2025\/06\/PPT-122-300x300-1.jpg 300w, https:\/\/parkolik.com\/wp-content\/uploads\/2025\/06\/PPT-122-300x300-1-150x150.jpg 150w\" sizes=\"auto, (max-width: 300px) 100vw, 300px\" \/><button\n\t\t\tclass=\"lightbox-trigger\"\n\t\t\ttype=\"button\"\n\t\t\taria-haspopup=\"dialog\"\n\t\t\taria-label=\"B\u00fcy\u00fct\"\n\t\t\tdata-wp-init=\"callbacks.initTriggerButton\"\n\t\t\tdata-wp-on--click=\"actions.showLightbox\"\n\t\t\tdata-wp-style--right=\"state.imageButtonRight\"\n\t\t\tdata-wp-style--top=\"state.imageButtonTop\"\n\t\t>\n\t\t\t<svg xmlns=\"http:\/\/www.w3.org\/2000\/svg\" width=\"12\" height=\"12\" fill=\"none\" viewBox=\"0 0 12 12\">\n\t\t\t\t<path fill=\"#fff\" d=\"M2 0a2 2 0 0 0-2 2v2h1.5V2a.5.5 0 0 1 .5-.5h2V0H2Zm2 10.5H2a.5.5 0 0 1-.5-.5V8H0v2a2 2 0 0 0 2 2h2v-1.5ZM8 12v-1.5h2a.5.5 0 0 0 .5-.5V8H12v2a2 2 0 0 1-2 2H8Zm2-12a2 2 0 0 1 2 2v2h-1.5V2a.5.5 0 0 0-.5-.5H8V0h2Z\" \/>\n\t\t\t<\/svg>\n\t\t<\/button><figcaption class=\"wp-element-caption\"><a href=\"https:\/\/parkolik.com\/index.php\/kaydirak-serisi-par-1001\/\" data-type=\"page\" data-id=\"2218\"><strong>Kayd\u0131rak Serisi<\/strong> <br><strong>Par 1001<\/strong><\/a><\/figcaption><\/figure>\n\n\n\n<figure data-wp-context=\"{&quot;imageId&quot;:&quot;69e240a9dc6b4&quot;}\" data-wp-interactive=\"core\/image\" data-wp-key=\"69e240a9dc6b4\" class=\"wp-block-image size-full is-resized is-style-rounded wp-lightbox-container\"><img loading=\"lazy\" decoding=\"async\" width=\"300\" height=\"300\" data-wp-class--hide=\"state.isContentHidden\" data-wp-class--show=\"state.isContentVisible\" data-wp-init=\"callbacks.setButtonStyles\" data-wp-on--click=\"actions.showLightbox\" data-wp-on--load=\"callbacks.setButtonStyles\" data-wp-on-window--resize=\"callbacks.setButtonStyles\" data-id=\"2231\" src=\"https:\/\/parkolik.com\/wp-content\/uploads\/2025\/06\/PPT-123-300x300-1.jpg\" alt=\"\" class=\"wp-image-2231\" style=\"object-fit:cover;width:200px;height:200px\" srcset=\"https:\/\/parkolik.com\/wp-content\/uploads\/2025\/06\/PPT-123-300x300-1.jpg 300w, https:\/\/parkolik.com\/wp-content\/uploads\/2025\/06\/PPT-123-300x300-1-150x150.jpg 150w\" sizes=\"auto, (max-width: 300px) 100vw, 300px\" \/><button\n\t\t\tclass=\"lightbox-trigger\"\n\t\t\ttype=\"button\"\n\t\t\taria-haspopup=\"dialog\"\n\t\t\taria-label=\"B\u00fcy\u00fct\"\n\t\t\tdata-wp-init=\"callbacks.initTriggerButton\"\n\t\t\tdata-wp-on--click=\"actions.showLightbox\"\n\t\t\tdata-wp-style--right=\"state.imageButtonRight\"\n\t\t\tdata-wp-style--top=\"state.imageButtonTop\"\n\t\t>\n\t\t\t<svg xmlns=\"http:\/\/www.w3.org\/2000\/svg\" width=\"12\" height=\"12\" fill=\"none\" viewBox=\"0 0 12 12\">\n\t\t\t\t<path fill=\"#fff\" d=\"M2 0a2 2 0 0 0-2 2v2h1.5V2a.5.5 0 0 1 .5-.5h2V0H2Zm2 10.5H2a.5.5 0 0 1-.5-.5V8H0v2a2 2 0 0 0 2 2h2v-1.5ZM8 12v-1.5h2a.5.5 0 0 0 .5-.5V8H12v2a2 2 0 0 1-2 2H8Zm2-12a2 2 0 0 1 2 2v2h-1.5V2a.5.5 0 0 0-.5-.5H8V0h2Z\" \/>\n\t\t\t<\/svg>\n\t\t<\/button><figcaption class=\"wp-element-caption\"><strong><a href=\"https:\/\/parkolik.com\/index.php\/kaydirak-serisi-par-1002\/\" data-type=\"page\" data-id=\"2220\"><strong><strong><strong>Kayd\u0131rak<\/strong><\/strong> Serisi<\/strong> <br>Par 1002<\/a><\/strong><\/figcaption><\/figure>\n\n\n\n<figure data-wp-context=\"{&quot;imageId&quot;:&quot;69e240a9e09c7&quot;}\" data-wp-interactive=\"core\/image\" data-wp-key=\"69e240a9e09c7\" class=\"wp-block-image size-full is-resized is-style-rounded wp-lightbox-container\"><img loading=\"lazy\" decoding=\"async\" width=\"300\" height=\"300\" data-wp-class--hide=\"state.isContentHidden\" data-wp-class--show=\"state.isContentVisible\" data-wp-init=\"callbacks.setButtonStyles\" data-wp-on--click=\"actions.showLightbox\" data-wp-on--load=\"callbacks.setButtonStyles\" data-wp-on-window--resize=\"callbacks.setButtonStyles\" data-id=\"2232\" src=\"https:\/\/parkolik.com\/wp-content\/uploads\/2025\/06\/PPT-124-300x300-1.jpg\" alt=\"\" class=\"wp-image-2232\" style=\"object-fit:cover;width:200px;height:200px\" srcset=\"https:\/\/parkolik.com\/wp-content\/uploads\/2025\/06\/PPT-124-300x300-1.jpg 300w, https:\/\/parkolik.com\/wp-content\/uploads\/2025\/06\/PPT-124-300x300-1-150x150.jpg 150w\" sizes=\"auto, (max-width: 300px) 100vw, 300px\" \/><button\n\t\t\tclass=\"lightbox-trigger\"\n\t\t\ttype=\"button\"\n\t\t\taria-haspopup=\"dialog\"\n\t\t\taria-label=\"B\u00fcy\u00fct\"\n\t\t\tdata-wp-init=\"callbacks.initTriggerButton\"\n\t\t\tdata-wp-on--click=\"actions.showLightbox\"\n\t\t\tdata-wp-style--right=\"state.imageButtonRight\"\n\t\t\tdata-wp-style--top=\"state.imageButtonTop\"\n\t\t>\n\t\t\t<svg xmlns=\"http:\/\/www.w3.org\/2000\/svg\" width=\"12\" height=\"12\" fill=\"none\" viewBox=\"0 0 12 12\">\n\t\t\t\t<path fill=\"#fff\" d=\"M2 0a2 2 0 0 0-2 2v2h1.5V2a.5.5 0 0 1 .5-.5h2V0H2Zm2 10.5H2a.5.5 0 0 1-.5-.5V8H0v2a2 2 0 0 0 2 2h2v-1.5ZM8 12v-1.5h2a.5.5 0 0 0 .5-.5V8H12v2a2 2 0 0 1-2 2H8Zm2-12a2 2 0 0 1 2 2v2h-1.5V2a.5.5 0 0 0-.5-.5H8V0h2Z\" \/>\n\t\t\t<\/svg>\n\t\t<\/button><figcaption class=\"wp-element-caption\"><strong><a href=\"https:\/\/parkolik.com\/index.php\/kaydirak-serisi-par-1003\/\" data-type=\"page\" data-id=\"2222\"><strong><strong><strong>Kayd\u0131rak<\/strong><\/strong> Serisi<\/strong> <br>Par 1003<\/a><\/strong><\/figcaption><\/figure>\n\n\n\n<figure data-wp-context=\"{&quot;imageId&quot;:&quot;69e240a9e201f&quot;}\" data-wp-interactive=\"core\/image\" data-wp-key=\"69e240a9e201f\" class=\"wp-block-image size-full is-resized is-style-rounded wp-lightbox-container\"><img loading=\"lazy\" decoding=\"async\" width=\"300\" height=\"300\" data-wp-class--hide=\"state.isContentHidden\" data-wp-class--show=\"state.isContentVisible\" data-wp-init=\"callbacks.setButtonStyles\" data-wp-on--click=\"actions.showLightbox\" data-wp-on--load=\"callbacks.setButtonStyles\" data-wp-on-window--resize=\"callbacks.setButtonStyles\" data-id=\"2233\" src=\"https:\/\/parkolik.com\/wp-content\/uploads\/2025\/06\/PPT-125-300x300-3.jpg\" alt=\"\" class=\"wp-image-2233\" style=\"object-fit:cover;width:220px;height:200px\" srcset=\"https:\/\/parkolik.com\/wp-content\/uploads\/2025\/06\/PPT-125-300x300-3.jpg 300w, https:\/\/parkolik.com\/wp-content\/uploads\/2025\/06\/PPT-125-300x300-3-150x150.jpg 150w\" sizes=\"auto, (max-width: 300px) 100vw, 300px\" \/><button\n\t\t\tclass=\"lightbox-trigger\"\n\t\t\ttype=\"button\"\n\t\t\taria-haspopup=\"dialog\"\n\t\t\taria-label=\"B\u00fcy\u00fct\"\n\t\t\tdata-wp-init=\"callbacks.initTriggerButton\"\n\t\t\tdata-wp-on--click=\"actions.showLightbox\"\n\t\t\tdata-wp-style--right=\"state.imageButtonRight\"\n\t\t\tdata-wp-style--top=\"state.imageButtonTop\"\n\t\t>\n\t\t\t<svg xmlns=\"http:\/\/www.w3.org\/2000\/svg\" width=\"12\" height=\"12\" fill=\"none\" viewBox=\"0 0 12 12\">\n\t\t\t\t<path fill=\"#fff\" d=\"M2 0a2 2 0 0 0-2 2v2h1.5V2a.5.5 0 0 1 .5-.5h2V0H2Zm2 10.5H2a.5.5 0 0 1-.5-.5V8H0v2a2 2 0 0 0 2 2h2v-1.5ZM8 12v-1.5h2a.5.5 0 0 0 .5-.5V8H12v2a2 2 0 0 1-2 2H8Zm2-12a2 2 0 0 1 2 2v2h-1.5V2a.5.5 0 0 0-.5-.5H8V0h2Z\" \/>\n\t\t\t<\/svg>\n\t\t<\/button><figcaption class=\"wp-element-caption\"><strong><a href=\"https:\/\/parkolik.com\/index.php\/kaydirak-serisi-par-1004\/\" data-type=\"page\" data-id=\"2224\"><strong><strong><strong>Kayd\u0131rak<\/strong> <\/strong>Serisi<\/strong> <br>Par 1004<\/a><\/strong><\/figcaption><\/figure>\n\n\n\n<figure data-wp-context=\"{&quot;imageId&quot;:&quot;69e240a9e2bd9&quot;}\" data-wp-interactive=\"core\/image\" data-wp-key=\"69e240a9e2bd9\" class=\"wp-block-image size-full is-resized is-style-rounded wp-lightbox-container\"><img loading=\"lazy\" decoding=\"async\" width=\"300\" height=\"300\" data-wp-class--hide=\"state.isContentHidden\" data-wp-class--show=\"state.isContentVisible\" data-wp-init=\"callbacks.setButtonStyles\" data-wp-on--click=\"actions.showLightbox\" data-wp-on--load=\"callbacks.setButtonStyles\" data-wp-on-window--resize=\"callbacks.setButtonStyles\" data-id=\"2234\" src=\"https:\/\/parkolik.com\/wp-content\/uploads\/2025\/06\/PPT-126-300x300-1.jpg\" alt=\"\" class=\"wp-image-2234\" style=\"object-fit:cover;width:220px;height:200px\" srcset=\"https:\/\/parkolik.com\/wp-content\/uploads\/2025\/06\/PPT-126-300x300-1.jpg 300w, https:\/\/parkolik.com\/wp-content\/uploads\/2025\/06\/PPT-126-300x300-1-150x150.jpg 150w\" sizes=\"auto, (max-width: 300px) 100vw, 300px\" \/><button\n\t\t\tclass=\"lightbox-trigger\"\n\t\t\ttype=\"button\"\n\t\t\taria-haspopup=\"dialog\"\n\t\t\taria-label=\"B\u00fcy\u00fct\"\n\t\t\tdata-wp-init=\"callbacks.initTriggerButton\"\n\t\t\tdata-wp-on--click=\"actions.showLightbox\"\n\t\t\tdata-wp-style--right=\"state.imageButtonRight\"\n\t\t\tdata-wp-style--top=\"state.imageButtonTop\"\n\t\t>\n\t\t\t<svg xmlns=\"http:\/\/www.w3.org\/2000\/svg\" width=\"12\" height=\"12\" fill=\"none\" viewBox=\"0 0 12 12\">\n\t\t\t\t<path fill=\"#fff\" d=\"M2 0a2 2 0 0 0-2 2v2h1.5V2a.5.5 0 0 1 .5-.5h2V0H2Zm2 10.5H2a.5.5 0 0 1-.5-.5V8H0v2a2 2 0 0 0 2 2h2v-1.5ZM8 12v-1.5h2a.5.5 0 0 0 .5-.5V8H12v2a2 2 0 0 1-2 2H8Zm2-12a2 2 0 0 1 2 2v2h-1.5V2a.5.5 0 0 0-.5-.5H8V0h2Z\" \/>\n\t\t\t<\/svg>\n\t\t<\/button><figcaption class=\"wp-element-caption\"><strong><a href=\"https:\/\/parkolik.com\/index.php\/kaydirak-serisi-par-1005\/\" data-type=\"page\" data-id=\"2226\"><strong><strong><strong>Kayd\u0131rak<\/strong> <\/strong>Serisi<\/strong> <br>Par 1005<\/a><\/strong><\/figcaption><\/figure>\n\n\n\n<figure data-wp-context=\"{&quot;imageId&quot;:&quot;69e240a9e3fac&quot;}\" data-wp-interactive=\"core\/image\" data-wp-key=\"69e240a9e3fac\" class=\"wp-block-image size-full is-resized is-style-rounded wp-lightbox-container\"><img loading=\"lazy\" decoding=\"async\" width=\"300\" height=\"300\" data-wp-class--hide=\"state.isContentHidden\" data-wp-class--show=\"state.isContentVisible\" data-wp-init=\"callbacks.setButtonStyles\" data-wp-on--click=\"actions.showLightbox\" data-wp-on--load=\"callbacks.setButtonStyles\" data-wp-on-window--resize=\"callbacks.setButtonStyles\" data-id=\"2235\" src=\"https:\/\/parkolik.com\/wp-content\/uploads\/2025\/06\/PPT-127-300x300-1.jpg\" alt=\"\" class=\"wp-image-2235\" style=\"object-fit:cover;width:220px;height:200px\" srcset=\"https:\/\/parkolik.com\/wp-content\/uploads\/2025\/06\/PPT-127-300x300-1.jpg 300w, https:\/\/parkolik.com\/wp-content\/uploads\/2025\/06\/PPT-127-300x300-1-150x150.jpg 150w\" sizes=\"auto, (max-width: 300px) 100vw, 300px\" \/><button\n\t\t\tclass=\"lightbox-trigger\"\n\t\t\ttype=\"button\"\n\t\t\taria-haspopup=\"dialog\"\n\t\t\taria-label=\"B\u00fcy\u00fct\"\n\t\t\tdata-wp-init=\"callbacks.initTriggerButton\"\n\t\t\tdata-wp-on--click=\"actions.showLightbox\"\n\t\t\tdata-wp-style--right=\"state.imageButtonRight\"\n\t\t\tdata-wp-style--top=\"state.imageButtonTop\"\n\t\t>\n\t\t\t<svg xmlns=\"http:\/\/www.w3.org\/2000\/svg\" width=\"12\" height=\"12\" fill=\"none\" viewBox=\"0 0 12 12\">\n\t\t\t\t<path fill=\"#fff\" d=\"M2 0a2 2 0 0 0-2 2v2h1.5V2a.5.5 0 0 1 .5-.5h2V0H2Zm2 10.5H2a.5.5 0 0 1-.5-.5V8H0v2a2 2 0 0 0 2 2h2v-1.5ZM8 12v-1.5h2a.5.5 0 0 0 .5-.5V8H12v2a2 2 0 0 1-2 2H8Zm2-12a2 2 0 0 1 2 2v2h-1.5V2a.5.5 0 0 0-.5-.5H8V0h2Z\" \/>\n\t\t\t<\/svg>\n\t\t<\/button><figcaption class=\"wp-element-caption\"><strong><a href=\"https:\/\/parkolik.com\/index.php\/kaydirak-serisi-par-1006\/\" data-type=\"page\" data-id=\"2228\"><strong><strong><strong>Kayd\u0131rak<\/strong> <\/strong>Serisi<\/strong> <br>Par 1005<\/a><\/strong><\/figcaption><\/figure>\n<\/figure>\n\n\n\n<hr class=\"wp-block-separator has-alpha-channel-opacity\"\/>\n\n\n\n<h3 class=\"wp-block-heading\">\ud83d\udedd Kayd\u0131rak Serisi: E\u011flencenin Zirvesi Burada Ba\u015fl\u0131yor!<\/h3>\n\n\n\n<p><strong>Kayd\u0131rak Serisi<\/strong>, \u00e7ocuklar\u0131n en \u00e7ok sevdi\u011fi oyun ekipmanlar\u0131ndan biri olan kayd\u0131raklara odaklanarak; e\u011flenceli, g\u00fcvenli ve \u00e7e\u015fitli tasar\u0131mlar sunar. Renkli yap\u0131lar\u0131, ergonomik tasar\u0131mlar\u0131 ve farkl\u0131 boyut se\u00e7enekleriyle bu seri; her ya\u015f grubuna ve her alana uygun modeller i\u00e7erir.<\/p>\n\n\n\n<h4 class=\"wp-block-heading\">\ud83c\udfa8 Renkli ve Cezbedici Tasar\u0131mlar<\/h4>\n\n\n\n<p>Kayd\u0131rak Serisi, canl\u0131 renk paleti ile \u00e7ocuklar\u0131n dikkatini \u00e7eker ve onlar\u0131 fiziksel aktiviteye te\u015fvik eder. Klasik d\u00fcz kayd\u0131raklardan spiral, dalgal\u0131, \u00e7iftli ve t\u00fcnel kayd\u0131raklara kadar pek \u00e7ok model se\u00e7ene\u011fi sunar.<\/p>\n\n\n\n<h4 class=\"wp-block-heading\">\ud83d\udee0\ufe0f Mod\u00fcler ve Uyumlu<\/h4>\n\n\n\n<p>Bu seri, di\u011fer oyun grubu mod\u00fclleriyle entegre edilebilir yap\u0131da tasarlanm\u0131\u015ft\u0131r. B\u00f6ylece projeye \u00f6zel kombinasyonlar olu\u015fturabilir; sal\u0131ncak, t\u0131rmanma \u00fcnitesi veya kulelerle birlikte b\u00fct\u00fcnle\u015fik oyun alanlar\u0131 olu\u015fturabilirsiniz.<\/p>\n\n\n\n<h4 class=\"wp-block-heading\">\ud83e\uddd2 Her Ya\u015fa Uygun Se\u00e7enekler<\/h4>\n\n\n\n<ul class=\"wp-block-list\">\n<li>2\u20134 ya\u015f grubu i\u00e7in k\u0131sa ve g\u00fcvenli ba\u015flang\u0131\u00e7 seviyeli kayd\u0131raklar<\/li>\n\n\n\n<li>4\u201312 ya\u015f i\u00e7in y\u00fcksek, daha maceral\u0131 ve e\u011flenceli kayd\u0131raklar<\/li>\n\n\n\n<li>Engelli dostu geni\u015f kayd\u0131rak se\u00e7enekleri<\/li>\n<\/ul>\n\n\n\n<h4 class=\"wp-block-heading\">\ud83d\udee1\ufe0f G\u00fcvenlik Standartlar\u0131nda \u00dcretim<\/h4>\n\n\n\n<p>Kayd\u0131rak Serisi \u00fcr\u00fcnleri, \u00e7ocuk g\u00fcvenli\u011fi dikkate al\u0131narak EN1176 standartlar\u0131nda \u00fcretilir. Kaymaz basamaklar, g\u00fcvenli yan korkuluklar ve darbeye dayan\u0131kl\u0131 malzemelerle donat\u0131lm\u0131\u015ft\u0131r.<\/p>\n\n\n\n<h4 class=\"wp-block-heading\">\ud83c\udfde\ufe0f Park, Okul ve Siteler \u0130\u00e7in \u0130deal<\/h4>\n\n\n\n<p>Mod\u00fcler yap\u0131s\u0131 ve farkl\u0131 boyut se\u00e7enekleriyle k\u00fc\u00e7\u00fck alanlardan b\u00fcy\u00fck parklara kadar her alanda uygulanabilir.<\/p>\n\n\n\n<hr class=\"wp-block-separator has-alpha-channel-opacity\"\/>\n\n\n\n<h3 class=\"wp-block-heading\">\u2728 \u201cKayd\u0131r, g\u00fcl, tekrar dene!\u201d<\/h3>\n\n\n\n<p><strong>Kayd\u0131rak Serisi<\/strong>, \u00e7ocuklar\u0131n oyun alanlar\u0131nda hem keyifli vakit ge\u00e7irmesi hem de motor becerilerini geli\u015ftirmesi i\u00e7in m\u00fckemmel bir \u00e7\u00f6z\u00fcmd\u00fcr. alan\u0131d\u0131r.<\/p>\n","protected":false},"excerpt":{"rendered":"<p>\ud83d\udedd Kayd\u0131rak Serisi: E\u011flencenin Zirvesi Burada Ba\u015fl\u0131yor! Kayd\u0131rak Serisi, \u00e7ocuklar\u0131n en \u00e7ok sevdi\u011fi oyun ekipmanlar\u0131ndan biri olan kayd\u0131raklara odaklanarak; e\u011flenceli, g\u00fcvenli ve \u00e7e\u015fitli tasar\u0131mlar sunar. Renkli yap\u0131lar\u0131, ergonomik tasar\u0131mlar\u0131 ve farkl\u0131 boyut se\u00e7enekleriyle bu seri; her ya\u015f grubuna ve her alana uygun modeller i\u00e7erir. \ud83c\udfa8 Renkli ve Cezbedici Tasar\u0131mlar Kayd\u0131rak Serisi, canl\u0131 renk paleti ile [&hellip;]<\/p>\n","protected":false},"author":1,"featured_media":0,"parent":0,"menu_order":0,"comment_status":"closed","ping_status":"closed","template":"","meta":{"footnotes":""},"class_list":["post-1816","page","type-page","status-publish","hentry"],"_links":{"self":[{"href":"https:\/\/parkolik.com\/index.php\/wp-json\/wp\/v2\/pages\/1816","targetHints":{"allow":["GET"]}}],"collection":[{"href":"https:\/\/parkolik.com\/index.php\/wp-json\/wp\/v2\/pages"}],"about":[{"href":"https:\/\/parkolik.com\/index.php\/wp-json\/wp\/v2\/types\/page"}],"author":[{"embeddable":true,"href":"https:\/\/parkolik.com\/index.php\/wp-json\/wp\/v2\/users\/1"}],"replies":[{"embeddable":true,"href":"https:\/\/parkolik.com\/index.php\/wp-json\/wp\/v2\/comments?post=1816"}],"version-history":[{"count":2,"href":"https:\/\/parkolik.com\/index.php\/wp-json\/wp\/v2\/pages\/1816\/revisions"}],"predecessor-version":[{"id":2236,"href":"https:\/\/parkolik.com\/index.php\/wp-json\/wp\/v2\/pages\/1816\/revisions\/2236"}],"wp:attachment":[{"href":"https:\/\/parkolik.com\/index.php\/wp-json\/wp\/v2\/media?parent=1816"}],"curies":[{"name":"wp","href":"https:\/\/api.w.org\/{rel}","templated":true}]}}