{"id":1818,"date":"2025-06-20T06:08:32","date_gmt":"2025-06-20T03:08:32","guid":{"rendered":"https:\/\/parkolik.com\/?page_id=1818"},"modified":"2025-06-24T22:00:15","modified_gmt":"2025-06-24T19:00:15","slug":"klasik-serisi","status":"publish","type":"page","link":"https:\/\/parkolik.com\/index.php\/klasik-serisi\/","title":{"rendered":"Klasik Serisi"},"content":{"rendered":"\n<figure class=\"wp-block-gallery has-nested-images columns-default is-cropped wp-block-gallery-2 is-layout-flex wp-block-gallery-is-layout-flex\">\n<figure data-wp-context=\"{&quot;imageId&quot;:&quot;69e2561f3048b&quot;}\" data-wp-interactive=\"core\/image\" data-wp-key=\"69e2561f3048b\" class=\"wp-block-image size-full is-resized is-style-rounded wp-duotone-unset-1 wp-lightbox-container\"><img loading=\"lazy\" decoding=\"async\" width=\"300\" height=\"300\" data-wp-class--hide=\"state.isContentHidden\" data-wp-class--show=\"state.isContentVisible\" data-wp-init=\"callbacks.setButtonStyles\" data-wp-on--click=\"actions.showLightbox\" data-wp-on--load=\"callbacks.setButtonStyles\" data-wp-on-window--resize=\"callbacks.setButtonStyles\" data-id=\"2255\" src=\"https:\/\/parkolik.com\/wp-content\/uploads\/2025\/06\/PIP-300-300x300-1.jpg\" alt=\"\" class=\"wp-image-2255\" style=\"object-fit:cover;width:220px;height:200px\" srcset=\"https:\/\/parkolik.com\/wp-content\/uploads\/2025\/06\/PIP-300-300x300-1.jpg 300w, https:\/\/parkolik.com\/wp-content\/uploads\/2025\/06\/PIP-300-300x300-1-150x150.jpg 150w\" sizes=\"auto, (max-width: 300px) 100vw, 300px\" \/><button\n\t\t\tclass=\"lightbox-trigger\"\n\t\t\ttype=\"button\"\n\t\t\taria-haspopup=\"dialog\"\n\t\t\taria-label=\"B\u00fcy\u00fct\"\n\t\t\tdata-wp-init=\"callbacks.initTriggerButton\"\n\t\t\tdata-wp-on--click=\"actions.showLightbox\"\n\t\t\tdata-wp-style--right=\"state.imageButtonRight\"\n\t\t\tdata-wp-style--top=\"state.imageButtonTop\"\n\t\t>\n\t\t\t<svg xmlns=\"http:\/\/www.w3.org\/2000\/svg\" width=\"12\" height=\"12\" fill=\"none\" viewBox=\"0 0 12 12\">\n\t\t\t\t<path fill=\"#fff\" d=\"M2 0a2 2 0 0 0-2 2v2h1.5V2a.5.5 0 0 1 .5-.5h2V0H2Zm2 10.5H2a.5.5 0 0 1-.5-.5V8H0v2a2 2 0 0 0 2 2h2v-1.5ZM8 12v-1.5h2a.5.5 0 0 0 .5-.5V8H12v2a2 2 0 0 1-2 2H8Zm2-12a2 2 0 0 1 2 2v2h-1.5V2a.5.5 0 0 0-.5-.5H8V0h2Z\" \/>\n\t\t\t<\/svg>\n\t\t<\/button><figcaption class=\"wp-element-caption\"><a href=\"https:\/\/parkolik.com\/index.php\/klasik-serisi-par-1001\/\" data-type=\"page\" data-id=\"2243\"><strong>Klasik Serisi<\/strong> <br><strong>Par 1001<\/strong><\/a><\/figcaption><\/figure>\n\n\n\n<figure data-wp-context=\"{&quot;imageId&quot;:&quot;69e2561f31b12&quot;}\" data-wp-interactive=\"core\/image\" data-wp-key=\"69e2561f31b12\" class=\"wp-block-image size-full is-resized is-style-rounded wp-lightbox-container\"><img loading=\"lazy\" decoding=\"async\" width=\"300\" height=\"300\" data-wp-class--hide=\"state.isContentHidden\" data-wp-class--show=\"state.isContentVisible\" data-wp-init=\"callbacks.setButtonStyles\" data-wp-on--click=\"actions.showLightbox\" data-wp-on--load=\"callbacks.setButtonStyles\" data-wp-on-window--resize=\"callbacks.setButtonStyles\" data-id=\"2256\" src=\"https:\/\/parkolik.com\/wp-content\/uploads\/2025\/06\/PIP-301-300x300-1.jpg\" alt=\"\" class=\"wp-image-2256\" style=\"object-fit:cover;width:200px;height:200px\" srcset=\"https:\/\/parkolik.com\/wp-content\/uploads\/2025\/06\/PIP-301-300x300-1.jpg 300w, https:\/\/parkolik.com\/wp-content\/uploads\/2025\/06\/PIP-301-300x300-1-150x150.jpg 150w\" sizes=\"auto, (max-width: 300px) 100vw, 300px\" \/><button\n\t\t\tclass=\"lightbox-trigger\"\n\t\t\ttype=\"button\"\n\t\t\taria-haspopup=\"dialog\"\n\t\t\taria-label=\"B\u00fcy\u00fct\"\n\t\t\tdata-wp-init=\"callbacks.initTriggerButton\"\n\t\t\tdata-wp-on--click=\"actions.showLightbox\"\n\t\t\tdata-wp-style--right=\"state.imageButtonRight\"\n\t\t\tdata-wp-style--top=\"state.imageButtonTop\"\n\t\t>\n\t\t\t<svg xmlns=\"http:\/\/www.w3.org\/2000\/svg\" width=\"12\" height=\"12\" fill=\"none\" viewBox=\"0 0 12 12\">\n\t\t\t\t<path fill=\"#fff\" d=\"M2 0a2 2 0 0 0-2 2v2h1.5V2a.5.5 0 0 1 .5-.5h2V0H2Zm2 10.5H2a.5.5 0 0 1-.5-.5V8H0v2a2 2 0 0 0 2 2h2v-1.5ZM8 12v-1.5h2a.5.5 0 0 0 .5-.5V8H12v2a2 2 0 0 1-2 2H8Zm2-12a2 2 0 0 1 2 2v2h-1.5V2a.5.5 0 0 0-.5-.5H8V0h2Z\" \/>\n\t\t\t<\/svg>\n\t\t<\/button><figcaption class=\"wp-element-caption\"><strong><a href=\"https:\/\/parkolik.com\/index.php\/klasik-serisi-par-1002\/\" data-type=\"page\" data-id=\"2245\"><strong><strong><strong><strong>Klasik<\/strong><\/strong><\/strong> Serisi<\/strong> <br>Par 1002<\/a><\/strong><\/figcaption><\/figure>\n\n\n\n<figure data-wp-context=\"{&quot;imageId&quot;:&quot;69e2561f33168&quot;}\" data-wp-interactive=\"core\/image\" data-wp-key=\"69e2561f33168\" class=\"wp-block-image size-full is-resized is-style-rounded wp-lightbox-container\"><img loading=\"lazy\" decoding=\"async\" width=\"300\" height=\"300\" data-wp-class--hide=\"state.isContentHidden\" data-wp-class--show=\"state.isContentVisible\" data-wp-init=\"callbacks.setButtonStyles\" data-wp-on--click=\"actions.showLightbox\" data-wp-on--load=\"callbacks.setButtonStyles\" data-wp-on-window--resize=\"callbacks.setButtonStyles\" data-id=\"2257\" src=\"https:\/\/parkolik.com\/wp-content\/uploads\/2025\/06\/PIP-302-300x300-1.jpg\" alt=\"\" class=\"wp-image-2257\" style=\"object-fit:cover;width:200px;height:200px\" srcset=\"https:\/\/parkolik.com\/wp-content\/uploads\/2025\/06\/PIP-302-300x300-1.jpg 300w, https:\/\/parkolik.com\/wp-content\/uploads\/2025\/06\/PIP-302-300x300-1-150x150.jpg 150w\" sizes=\"auto, (max-width: 300px) 100vw, 300px\" \/><button\n\t\t\tclass=\"lightbox-trigger\"\n\t\t\ttype=\"button\"\n\t\t\taria-haspopup=\"dialog\"\n\t\t\taria-label=\"B\u00fcy\u00fct\"\n\t\t\tdata-wp-init=\"callbacks.initTriggerButton\"\n\t\t\tdata-wp-on--click=\"actions.showLightbox\"\n\t\t\tdata-wp-style--right=\"state.imageButtonRight\"\n\t\t\tdata-wp-style--top=\"state.imageButtonTop\"\n\t\t>\n\t\t\t<svg xmlns=\"http:\/\/www.w3.org\/2000\/svg\" width=\"12\" height=\"12\" fill=\"none\" viewBox=\"0 0 12 12\">\n\t\t\t\t<path fill=\"#fff\" d=\"M2 0a2 2 0 0 0-2 2v2h1.5V2a.5.5 0 0 1 .5-.5h2V0H2Zm2 10.5H2a.5.5 0 0 1-.5-.5V8H0v2a2 2 0 0 0 2 2h2v-1.5ZM8 12v-1.5h2a.5.5 0 0 0 .5-.5V8H12v2a2 2 0 0 1-2 2H8Zm2-12a2 2 0 0 1 2 2v2h-1.5V2a.5.5 0 0 0-.5-.5H8V0h2Z\" \/>\n\t\t\t<\/svg>\n\t\t<\/button><figcaption class=\"wp-element-caption\"><strong><a href=\"https:\/\/parkolik.com\/index.php\/klasik-serisi-par-1003\/\" data-type=\"page\" data-id=\"2247\"><strong><strong><strong><strong>Klasik<\/strong><\/strong><\/strong> Serisi<\/strong> <br>Par 1003<\/a><\/strong><\/figcaption><\/figure>\n\n\n\n<figure data-wp-context=\"{&quot;imageId&quot;:&quot;69e2561f33d6e&quot;}\" data-wp-interactive=\"core\/image\" data-wp-key=\"69e2561f33d6e\" class=\"wp-block-image size-full is-resized is-style-rounded wp-lightbox-container\"><img loading=\"lazy\" decoding=\"async\" width=\"300\" height=\"300\" data-wp-class--hide=\"state.isContentHidden\" data-wp-class--show=\"state.isContentVisible\" data-wp-init=\"callbacks.setButtonStyles\" data-wp-on--click=\"actions.showLightbox\" data-wp-on--load=\"callbacks.setButtonStyles\" data-wp-on-window--resize=\"callbacks.setButtonStyles\" data-id=\"2258\" src=\"https:\/\/parkolik.com\/wp-content\/uploads\/2025\/06\/PIP-303-300x300-1.jpg\" alt=\"\" class=\"wp-image-2258\" style=\"object-fit:cover;width:220px;height:200px\" srcset=\"https:\/\/parkolik.com\/wp-content\/uploads\/2025\/06\/PIP-303-300x300-1.jpg 300w, https:\/\/parkolik.com\/wp-content\/uploads\/2025\/06\/PIP-303-300x300-1-150x150.jpg 150w\" sizes=\"auto, (max-width: 300px) 100vw, 300px\" \/><button\n\t\t\tclass=\"lightbox-trigger\"\n\t\t\ttype=\"button\"\n\t\t\taria-haspopup=\"dialog\"\n\t\t\taria-label=\"B\u00fcy\u00fct\"\n\t\t\tdata-wp-init=\"callbacks.initTriggerButton\"\n\t\t\tdata-wp-on--click=\"actions.showLightbox\"\n\t\t\tdata-wp-style--right=\"state.imageButtonRight\"\n\t\t\tdata-wp-style--top=\"state.imageButtonTop\"\n\t\t>\n\t\t\t<svg xmlns=\"http:\/\/www.w3.org\/2000\/svg\" width=\"12\" height=\"12\" fill=\"none\" viewBox=\"0 0 12 12\">\n\t\t\t\t<path fill=\"#fff\" d=\"M2 0a2 2 0 0 0-2 2v2h1.5V2a.5.5 0 0 1 .5-.5h2V0H2Zm2 10.5H2a.5.5 0 0 1-.5-.5V8H0v2a2 2 0 0 0 2 2h2v-1.5ZM8 12v-1.5h2a.5.5 0 0 0 .5-.5V8H12v2a2 2 0 0 1-2 2H8Zm2-12a2 2 0 0 1 2 2v2h-1.5V2a.5.5 0 0 0-.5-.5H8V0h2Z\" \/>\n\t\t\t<\/svg>\n\t\t<\/button><figcaption class=\"wp-element-caption\"><strong><a href=\"https:\/\/parkolik.com\/index.php\/klasik-serisi-par-1004\/\" data-type=\"page\" data-id=\"2249\"><strong><strong><strong><strong>Klasik<\/strong><\/strong> <\/strong>Serisi<\/strong> <br>Par 1004<\/a><\/strong><\/figcaption><\/figure>\n\n\n\n<figure data-wp-context=\"{&quot;imageId&quot;:&quot;69e2561f348b0&quot;}\" data-wp-interactive=\"core\/image\" data-wp-key=\"69e2561f348b0\" class=\"wp-block-image size-full is-resized is-style-rounded wp-lightbox-container\"><img loading=\"lazy\" decoding=\"async\" width=\"300\" height=\"300\" data-wp-class--hide=\"state.isContentHidden\" data-wp-class--show=\"state.isContentVisible\" data-wp-init=\"callbacks.setButtonStyles\" data-wp-on--click=\"actions.showLightbox\" data-wp-on--load=\"callbacks.setButtonStyles\" data-wp-on-window--resize=\"callbacks.setButtonStyles\" data-id=\"2259\" src=\"https:\/\/parkolik.com\/wp-content\/uploads\/2025\/06\/PIP-304-300x300-1.jpg\" alt=\"\" class=\"wp-image-2259\" style=\"object-fit:cover;width:220px;height:200px\" srcset=\"https:\/\/parkolik.com\/wp-content\/uploads\/2025\/06\/PIP-304-300x300-1.jpg 300w, https:\/\/parkolik.com\/wp-content\/uploads\/2025\/06\/PIP-304-300x300-1-150x150.jpg 150w\" sizes=\"auto, (max-width: 300px) 100vw, 300px\" \/><button\n\t\t\tclass=\"lightbox-trigger\"\n\t\t\ttype=\"button\"\n\t\t\taria-haspopup=\"dialog\"\n\t\t\taria-label=\"B\u00fcy\u00fct\"\n\t\t\tdata-wp-init=\"callbacks.initTriggerButton\"\n\t\t\tdata-wp-on--click=\"actions.showLightbox\"\n\t\t\tdata-wp-style--right=\"state.imageButtonRight\"\n\t\t\tdata-wp-style--top=\"state.imageButtonTop\"\n\t\t>\n\t\t\t<svg xmlns=\"http:\/\/www.w3.org\/2000\/svg\" width=\"12\" height=\"12\" fill=\"none\" viewBox=\"0 0 12 12\">\n\t\t\t\t<path fill=\"#fff\" d=\"M2 0a2 2 0 0 0-2 2v2h1.5V2a.5.5 0 0 1 .5-.5h2V0H2Zm2 10.5H2a.5.5 0 0 1-.5-.5V8H0v2a2 2 0 0 0 2 2h2v-1.5ZM8 12v-1.5h2a.5.5 0 0 0 .5-.5V8H12v2a2 2 0 0 1-2 2H8Zm2-12a2 2 0 0 1 2 2v2h-1.5V2a.5.5 0 0 0-.5-.5H8V0h2Z\" \/>\n\t\t\t<\/svg>\n\t\t<\/button><figcaption class=\"wp-element-caption\"><strong><a href=\"https:\/\/parkolik.com\/index.php\/klasik-serisi-par-1005\/\" data-type=\"page\" data-id=\"2251\"><strong><strong><strong><strong>Klasik<\/strong><\/strong> <\/strong>Serisi<\/strong> <br>Par 1005<\/a><\/strong><\/figcaption><\/figure>\n\n\n\n<figure data-wp-context=\"{&quot;imageId&quot;:&quot;69e2561f357a5&quot;}\" data-wp-interactive=\"core\/image\" data-wp-key=\"69e2561f357a5\" class=\"wp-block-image size-full is-resized is-style-rounded wp-lightbox-container\"><img loading=\"lazy\" decoding=\"async\" width=\"300\" height=\"300\" data-wp-class--hide=\"state.isContentHidden\" data-wp-class--show=\"state.isContentVisible\" data-wp-init=\"callbacks.setButtonStyles\" data-wp-on--click=\"actions.showLightbox\" data-wp-on--load=\"callbacks.setButtonStyles\" data-wp-on-window--resize=\"callbacks.setButtonStyles\" data-id=\"2260\" src=\"https:\/\/parkolik.com\/wp-content\/uploads\/2025\/06\/PIP-305-300x300-2.jpg\" alt=\"\" class=\"wp-image-2260\" style=\"object-fit:cover;width:220px;height:200px\" srcset=\"https:\/\/parkolik.com\/wp-content\/uploads\/2025\/06\/PIP-305-300x300-2.jpg 300w, https:\/\/parkolik.com\/wp-content\/uploads\/2025\/06\/PIP-305-300x300-2-150x150.jpg 150w\" sizes=\"auto, (max-width: 300px) 100vw, 300px\" \/><button\n\t\t\tclass=\"lightbox-trigger\"\n\t\t\ttype=\"button\"\n\t\t\taria-haspopup=\"dialog\"\n\t\t\taria-label=\"B\u00fcy\u00fct\"\n\t\t\tdata-wp-init=\"callbacks.initTriggerButton\"\n\t\t\tdata-wp-on--click=\"actions.showLightbox\"\n\t\t\tdata-wp-style--right=\"state.imageButtonRight\"\n\t\t\tdata-wp-style--top=\"state.imageButtonTop\"\n\t\t>\n\t\t\t<svg xmlns=\"http:\/\/www.w3.org\/2000\/svg\" width=\"12\" height=\"12\" fill=\"none\" viewBox=\"0 0 12 12\">\n\t\t\t\t<path fill=\"#fff\" d=\"M2 0a2 2 0 0 0-2 2v2h1.5V2a.5.5 0 0 1 .5-.5h2V0H2Zm2 10.5H2a.5.5 0 0 1-.5-.5V8H0v2a2 2 0 0 0 2 2h2v-1.5ZM8 12v-1.5h2a.5.5 0 0 0 .5-.5V8H12v2a2 2 0 0 1-2 2H8Zm2-12a2 2 0 0 1 2 2v2h-1.5V2a.5.5 0 0 0-.5-.5H8V0h2Z\" \/>\n\t\t\t<\/svg>\n\t\t<\/button><figcaption class=\"wp-element-caption\"><strong><a href=\"https:\/\/parkolik.com\/index.php\/klasik-serisi-par-1006\/\" data-type=\"page\" data-id=\"2253\"><strong><strong><strong><strong>Klasik<\/strong><\/strong> <\/strong>Serisi<\/strong> <br>Par 1005<\/a><\/strong><\/figcaption><\/figure>\n<\/figure>\n\n\n\n<hr class=\"wp-block-separator has-alpha-channel-opacity\"\/>\n\n\n\n<h3 class=\"wp-block-heading\">\ud83c\udff0 Klasik Serisi: Zamans\u0131z Tasar\u0131m, S\u0131n\u0131rs\u0131z E\u011flence!<\/h3>\n\n\n\n<p><strong>Klasik Serisi<\/strong>, y\u0131llard\u0131r \u00e7ocuklar\u0131n vazge\u00e7ilmezi olan geleneksel oyun park\u0131 \u00f6\u011felerini modern \u00fcretim anlay\u0131\u015f\u0131yla birle\u015ftirir. Sa\u011flam yap\u0131s\u0131, fonksiyonel tasar\u0131m\u0131 ve sade esteti\u011fiyle her alana uyum sa\u011flar. \u00c7ocuklar\u0131n fiziksel geli\u015fimine katk\u0131da bulunurken, uzun \u00f6m\u00fcrl\u00fc kullan\u0131m sunar.<\/p>\n\n\n\n<h4 class=\"wp-block-heading\">\ud83d\udedd Temel Oyun \u00dcniteleri Bir Arada<\/h4>\n\n\n\n<p>Klasik Serisi\u2019nde kayd\u0131rak, sal\u0131ncak, t\u0131rmanma alan\u0131, k\u00f6pr\u00fc ve z\u0131plama platformlar\u0131 gibi temel oyun \u00fcniteleri bir arada bulunur. Bu sayede \u00e7ocuklar farkl\u0131 aktivitelerle e\u011flenirken enerjilerini sa\u011fl\u0131kl\u0131 bir \u015fekilde atabilirler.<\/p>\n\n\n\n<h4 class=\"wp-block-heading\">\ud83c\udfaf Fonksiyonel ve Uygun Fiyatl\u0131<\/h4>\n\n\n\n<p>Minimal ama etkili tasar\u0131m\u0131yla hem k\u00fc\u00e7\u00fck hem b\u00fcy\u00fck alanlara uygundur. Ekonomik \u00e7\u00f6z\u00fcmler arayan yerel y\u00f6netimler, okullar ve siteler i\u00e7in idealdir.<\/p>\n\n\n\n<h4 class=\"wp-block-heading\">\ud83e\uddd2 Geni\u015f Ya\u015f Grubu Uyumu<\/h4>\n\n\n\n<p>3\u201312 ya\u015f aras\u0131 \u00e7ocuklar i\u00e7in g\u00fcvenli \u015fekilde tasarlanm\u0131\u015f olan Klasik Serisi, \u00e7ocuklar\u0131n ya\u015flar\u0131na ve fiziksel kapasitelerine uygun oyun imk\u00e2n\u0131 sunar. T\u00fcm mod\u00fcller, ergonomik \u00f6l\u00e7\u00fclerde ve g\u00fcvenlik \u00f6nlemleri g\u00f6zetilerek \u00fcretilmi\u015ftir.<\/p>\n\n\n\n<h4 class=\"wp-block-heading\">\ud83d\udee1\ufe0f Dayan\u0131kl\u0131 ve G\u00fcvenli Malzeme<\/h4>\n\n\n\n<p>Korozyona dayan\u0131kl\u0131 metal aksamlar, UV korumal\u0131 polietilen par\u00e7alar ve kaymaz basamaklar ile donat\u0131lm\u0131\u015ft\u0131r. Avrupa g\u00fcvenlik standartlar\u0131na (EN1176) tam uyumludur.<\/p>\n\n\n\n<h4 class=\"wp-block-heading\">\ud83c\udfde\ufe0f Nerelerde Kullan\u0131l\u0131r?<\/h4>\n\n\n\n<ul class=\"wp-block-list\">\n<li>Belediyelere ait parklar<\/li>\n\n\n\n<li>Okul bah\u00e7eleri<\/li>\n\n\n\n<li>Site ve apartman alanlar\u0131<\/li>\n\n\n\n<li>K\u00f6y ve k\u0131rsal alan projeleri<\/li>\n<\/ul>\n\n\n\n<hr class=\"wp-block-separator has-alpha-channel-opacity\"\/>\n\n\n\n<h3 class=\"wp-block-heading\">\u2728 \u201cOyun alanlar\u0131n\u0131n en g\u00fcvenilir klasi\u011fi!\u201d<\/h3>\n\n\n\n<p><strong>Klasik Serisi<\/strong>, dayan\u0131kl\u0131l\u0131\u011f\u0131, eri\u015filebilirli\u011fi ve zamans\u0131z tasar\u0131m\u0131 ile hem \u00e7ocuklar\u0131n hem de yat\u0131r\u0131mc\u0131lar\u0131n favorisi olmaya devam ediyor.<\/p>\n","protected":false},"excerpt":{"rendered":"<p>\ud83c\udff0 Klasik Serisi: Zamans\u0131z Tasar\u0131m, S\u0131n\u0131rs\u0131z E\u011flence! Klasik Serisi, y\u0131llard\u0131r \u00e7ocuklar\u0131n vazge\u00e7ilmezi olan geleneksel oyun park\u0131 \u00f6\u011felerini modern \u00fcretim anlay\u0131\u015f\u0131yla birle\u015ftirir. Sa\u011flam yap\u0131s\u0131, fonksiyonel tasar\u0131m\u0131 ve sade esteti\u011fiyle her alana uyum sa\u011flar. \u00c7ocuklar\u0131n fiziksel geli\u015fimine katk\u0131da bulunurken, uzun \u00f6m\u00fcrl\u00fc kullan\u0131m sunar. \ud83d\udedd Temel Oyun \u00dcniteleri Bir Arada Klasik Serisi\u2019nde kayd\u0131rak, sal\u0131ncak, t\u0131rmanma alan\u0131, k\u00f6pr\u00fc ve [&hellip;]<\/p>\n","protected":false},"author":1,"featured_media":0,"parent":0,"menu_order":0,"comment_status":"closed","ping_status":"closed","template":"","meta":{"footnotes":""},"class_list":["post-1818","page","type-page","status-publish","hentry"],"_links":{"self":[{"href":"https:\/\/parkolik.com\/index.php\/wp-json\/wp\/v2\/pages\/1818","targetHints":{"allow":["GET"]}}],"collection":[{"href":"https:\/\/parkolik.com\/index.php\/wp-json\/wp\/v2\/pages"}],"about":[{"href":"https:\/\/parkolik.com\/index.php\/wp-json\/wp\/v2\/types\/page"}],"author":[{"embeddable":true,"href":"https:\/\/parkolik.com\/index.php\/wp-json\/wp\/v2\/users\/1"}],"replies":[{"embeddable":true,"href":"https:\/\/parkolik.com\/index.php\/wp-json\/wp\/v2\/comments?post=1818"}],"version-history":[{"count":2,"href":"https:\/\/parkolik.com\/index.php\/wp-json\/wp\/v2\/pages\/1818\/revisions"}],"predecessor-version":[{"id":2261,"href":"https:\/\/parkolik.com\/index.php\/wp-json\/wp\/v2\/pages\/1818\/revisions\/2261"}],"wp:attachment":[{"href":"https:\/\/parkolik.com\/index.php\/wp-json\/wp\/v2\/media?parent=1818"}],"curies":[{"name":"wp","href":"https:\/\/api.w.org\/{rel}","templated":true}]}}