{"id":1825,"date":"2025-06-20T06:11:04","date_gmt":"2025-06-20T03:11:04","guid":{"rendered":"https:\/\/parkolik.com\/?page_id=1825"},"modified":"2025-06-26T22:11:53","modified_gmt":"2025-06-26T19:11:53","slug":"muzikal-serisi","status":"publish","type":"page","link":"https:\/\/parkolik.com\/index.php\/muzikal-serisi\/","title":{"rendered":"M\u00fczikal Serisi"},"content":{"rendered":"\n<figure class=\"wp-block-gallery has-nested-images columns-default is-cropped wp-block-gallery-2 is-layout-flex wp-block-gallery-is-layout-flex\">\n<figure data-wp-context=\"{&quot;imageId&quot;:&quot;69e2406164997&quot;}\" data-wp-interactive=\"core\/image\" data-wp-key=\"69e2406164997\" class=\"wp-block-image size-full is-resized is-style-rounded wp-duotone-unset-1 wp-lightbox-container\"><img loading=\"lazy\" decoding=\"async\" width=\"300\" height=\"300\" data-wp-class--hide=\"state.isContentHidden\" data-wp-class--show=\"state.isContentVisible\" data-wp-init=\"callbacks.setButtonStyles\" data-wp-on--click=\"actions.showLightbox\" data-wp-on--load=\"callbacks.setButtonStyles\" data-wp-on-window--resize=\"callbacks.setButtonStyles\" data-id=\"2369\" src=\"https:\/\/parkolik.com\/wp-content\/uploads\/2025\/06\/PIP-600-300x300-1.jpg\" alt=\"\" class=\"wp-image-2369\" style=\"object-fit:cover;width:220px;height:200px\" srcset=\"https:\/\/parkolik.com\/wp-content\/uploads\/2025\/06\/PIP-600-300x300-1.jpg 300w, https:\/\/parkolik.com\/wp-content\/uploads\/2025\/06\/PIP-600-300x300-1-150x150.jpg 150w\" sizes=\"auto, (max-width: 300px) 100vw, 300px\" \/><button\n\t\t\tclass=\"lightbox-trigger\"\n\t\t\ttype=\"button\"\n\t\t\taria-haspopup=\"dialog\"\n\t\t\taria-label=\"B\u00fcy\u00fct\"\n\t\t\tdata-wp-init=\"callbacks.initTriggerButton\"\n\t\t\tdata-wp-on--click=\"actions.showLightbox\"\n\t\t\tdata-wp-style--right=\"state.imageButtonRight\"\n\t\t\tdata-wp-style--top=\"state.imageButtonTop\"\n\t\t>\n\t\t\t<svg xmlns=\"http:\/\/www.w3.org\/2000\/svg\" width=\"12\" height=\"12\" fill=\"none\" viewBox=\"0 0 12 12\">\n\t\t\t\t<path fill=\"#fff\" d=\"M2 0a2 2 0 0 0-2 2v2h1.5V2a.5.5 0 0 1 .5-.5h2V0H2Zm2 10.5H2a.5.5 0 0 1-.5-.5V8H0v2a2 2 0 0 0 2 2h2v-1.5ZM8 12v-1.5h2a.5.5 0 0 0 .5-.5V8H12v2a2 2 0 0 1-2 2H8Zm2-12a2 2 0 0 1 2 2v2h-1.5V2a.5.5 0 0 0-.5-.5H8V0h2Z\" \/>\n\t\t\t<\/svg>\n\t\t<\/button><figcaption class=\"wp-element-caption\"><strong><a href=\"https:\/\/parkolik.com\/index.php\/muzikal-serisi-par-1001\/\" data-type=\"page\" data-id=\"2375\">M\u00fczikal Serisi <br>Par 1001<\/a><\/strong><\/figcaption><\/figure>\n\n\n\n<figure data-wp-context=\"{&quot;imageId&quot;:&quot;69e2406164f6a&quot;}\" data-wp-interactive=\"core\/image\" data-wp-key=\"69e2406164f6a\" class=\"wp-block-image size-full is-resized is-style-rounded wp-lightbox-container\"><img loading=\"lazy\" decoding=\"async\" width=\"300\" height=\"300\" data-wp-class--hide=\"state.isContentHidden\" data-wp-class--show=\"state.isContentVisible\" data-wp-init=\"callbacks.setButtonStyles\" data-wp-on--click=\"actions.showLightbox\" data-wp-on--load=\"callbacks.setButtonStyles\" data-wp-on-window--resize=\"callbacks.setButtonStyles\" data-id=\"2370\" src=\"https:\/\/parkolik.com\/wp-content\/uploads\/2025\/06\/PIP-601-300x300-1.jpg\" alt=\"\" class=\"wp-image-2370\" style=\"object-fit:cover;width:200px;height:200px\" srcset=\"https:\/\/parkolik.com\/wp-content\/uploads\/2025\/06\/PIP-601-300x300-1.jpg 300w, https:\/\/parkolik.com\/wp-content\/uploads\/2025\/06\/PIP-601-300x300-1-150x150.jpg 150w\" sizes=\"auto, (max-width: 300px) 100vw, 300px\" \/><button\n\t\t\tclass=\"lightbox-trigger\"\n\t\t\ttype=\"button\"\n\t\t\taria-haspopup=\"dialog\"\n\t\t\taria-label=\"B\u00fcy\u00fct\"\n\t\t\tdata-wp-init=\"callbacks.initTriggerButton\"\n\t\t\tdata-wp-on--click=\"actions.showLightbox\"\n\t\t\tdata-wp-style--right=\"state.imageButtonRight\"\n\t\t\tdata-wp-style--top=\"state.imageButtonTop\"\n\t\t>\n\t\t\t<svg xmlns=\"http:\/\/www.w3.org\/2000\/svg\" width=\"12\" height=\"12\" fill=\"none\" viewBox=\"0 0 12 12\">\n\t\t\t\t<path fill=\"#fff\" d=\"M2 0a2 2 0 0 0-2 2v2h1.5V2a.5.5 0 0 1 .5-.5h2V0H2Zm2 10.5H2a.5.5 0 0 1-.5-.5V8H0v2a2 2 0 0 0 2 2h2v-1.5ZM8 12v-1.5h2a.5.5 0 0 0 .5-.5V8H12v2a2 2 0 0 1-2 2H8Zm2-12a2 2 0 0 1 2 2v2h-1.5V2a.5.5 0 0 0-.5-.5H8V0h2Z\" \/>\n\t\t\t<\/svg>\n\t\t<\/button><figcaption class=\"wp-element-caption\"><strong><a href=\"https:\/\/parkolik.com\/index.php\/muzikal-serisi-par-1002\/\" data-type=\"page\" data-id=\"2377\">M\u00fczikal Serisi <br>Par 1002<\/a><\/strong><\/figcaption><\/figure>\n\n\n\n<figure data-wp-context=\"{&quot;imageId&quot;:&quot;69e2406165bd4&quot;}\" data-wp-interactive=\"core\/image\" data-wp-key=\"69e2406165bd4\" class=\"wp-block-image size-full is-resized is-style-rounded wp-lightbox-container\"><img loading=\"lazy\" decoding=\"async\" width=\"300\" height=\"300\" data-wp-class--hide=\"state.isContentHidden\" data-wp-class--show=\"state.isContentVisible\" data-wp-init=\"callbacks.setButtonStyles\" data-wp-on--click=\"actions.showLightbox\" data-wp-on--load=\"callbacks.setButtonStyles\" data-wp-on-window--resize=\"callbacks.setButtonStyles\" data-id=\"2371\" src=\"https:\/\/parkolik.com\/wp-content\/uploads\/2025\/06\/PIP-602-300x300-1.jpg\" alt=\"\" class=\"wp-image-2371\" style=\"object-fit:cover;width:200px;height:200px\" srcset=\"https:\/\/parkolik.com\/wp-content\/uploads\/2025\/06\/PIP-602-300x300-1.jpg 300w, https:\/\/parkolik.com\/wp-content\/uploads\/2025\/06\/PIP-602-300x300-1-150x150.jpg 150w\" sizes=\"auto, (max-width: 300px) 100vw, 300px\" \/><button\n\t\t\tclass=\"lightbox-trigger\"\n\t\t\ttype=\"button\"\n\t\t\taria-haspopup=\"dialog\"\n\t\t\taria-label=\"B\u00fcy\u00fct\"\n\t\t\tdata-wp-init=\"callbacks.initTriggerButton\"\n\t\t\tdata-wp-on--click=\"actions.showLightbox\"\n\t\t\tdata-wp-style--right=\"state.imageButtonRight\"\n\t\t\tdata-wp-style--top=\"state.imageButtonTop\"\n\t\t>\n\t\t\t<svg xmlns=\"http:\/\/www.w3.org\/2000\/svg\" width=\"12\" height=\"12\" fill=\"none\" viewBox=\"0 0 12 12\">\n\t\t\t\t<path fill=\"#fff\" d=\"M2 0a2 2 0 0 0-2 2v2h1.5V2a.5.5 0 0 1 .5-.5h2V0H2Zm2 10.5H2a.5.5 0 0 1-.5-.5V8H0v2a2 2 0 0 0 2 2h2v-1.5ZM8 12v-1.5h2a.5.5 0 0 0 .5-.5V8H12v2a2 2 0 0 1-2 2H8Zm2-12a2 2 0 0 1 2 2v2h-1.5V2a.5.5 0 0 0-.5-.5H8V0h2Z\" \/>\n\t\t\t<\/svg>\n\t\t<\/button><figcaption class=\"wp-element-caption\"><a href=\"https:\/\/parkolik.com\/index.php\/muzikal-serisi-par-1003\/\" data-type=\"page\" data-id=\"2379\"><strong><strong>M\u00fczikal<\/strong><\/strong> <strong>Serisi <br>Par 1003<\/strong><\/a><\/figcaption><\/figure>\n\n\n\n<figure data-wp-context=\"{&quot;imageId&quot;:&quot;69e240616614c&quot;}\" data-wp-interactive=\"core\/image\" data-wp-key=\"69e240616614c\" class=\"wp-block-image size-full is-resized is-style-rounded wp-lightbox-container\"><img loading=\"lazy\" decoding=\"async\" width=\"300\" height=\"300\" data-wp-class--hide=\"state.isContentHidden\" data-wp-class--show=\"state.isContentVisible\" data-wp-init=\"callbacks.setButtonStyles\" data-wp-on--click=\"actions.showLightbox\" data-wp-on--load=\"callbacks.setButtonStyles\" data-wp-on-window--resize=\"callbacks.setButtonStyles\" data-id=\"2372\" src=\"https:\/\/parkolik.com\/wp-content\/uploads\/2025\/06\/PIP-603-300x300-2.jpg\" alt=\"\" class=\"wp-image-2372\" style=\"object-fit:cover;width:220px;height:200px\" srcset=\"https:\/\/parkolik.com\/wp-content\/uploads\/2025\/06\/PIP-603-300x300-2.jpg 300w, https:\/\/parkolik.com\/wp-content\/uploads\/2025\/06\/PIP-603-300x300-2-150x150.jpg 150w\" sizes=\"auto, (max-width: 300px) 100vw, 300px\" \/><button\n\t\t\tclass=\"lightbox-trigger\"\n\t\t\ttype=\"button\"\n\t\t\taria-haspopup=\"dialog\"\n\t\t\taria-label=\"B\u00fcy\u00fct\"\n\t\t\tdata-wp-init=\"callbacks.initTriggerButton\"\n\t\t\tdata-wp-on--click=\"actions.showLightbox\"\n\t\t\tdata-wp-style--right=\"state.imageButtonRight\"\n\t\t\tdata-wp-style--top=\"state.imageButtonTop\"\n\t\t>\n\t\t\t<svg xmlns=\"http:\/\/www.w3.org\/2000\/svg\" width=\"12\" height=\"12\" fill=\"none\" viewBox=\"0 0 12 12\">\n\t\t\t\t<path fill=\"#fff\" d=\"M2 0a2 2 0 0 0-2 2v2h1.5V2a.5.5 0 0 1 .5-.5h2V0H2Zm2 10.5H2a.5.5 0 0 1-.5-.5V8H0v2a2 2 0 0 0 2 2h2v-1.5ZM8 12v-1.5h2a.5.5 0 0 0 .5-.5V8H12v2a2 2 0 0 1-2 2H8Zm2-12a2 2 0 0 1 2 2v2h-1.5V2a.5.5 0 0 0-.5-.5H8V0h2Z\" \/>\n\t\t\t<\/svg>\n\t\t<\/button><figcaption class=\"wp-element-caption\"><strong><a href=\"https:\/\/parkolik.com\/index.php\/muzikal-serisi-par-1004\/\" data-type=\"page\" data-id=\"2381\"><strong><strong><strong>M\u00fczikal<\/strong><\/strong> Serisi<\/strong> <br>Par 1004<\/a><\/strong><\/figcaption><\/figure>\n\n\n\n<figure data-wp-context=\"{&quot;imageId&quot;:&quot;69e2406166c51&quot;}\" data-wp-interactive=\"core\/image\" data-wp-key=\"69e2406166c51\" class=\"wp-block-image size-full is-resized is-style-rounded wp-lightbox-container\"><img loading=\"lazy\" decoding=\"async\" width=\"300\" height=\"300\" data-wp-class--hide=\"state.isContentHidden\" data-wp-class--show=\"state.isContentVisible\" data-wp-init=\"callbacks.setButtonStyles\" data-wp-on--click=\"actions.showLightbox\" data-wp-on--load=\"callbacks.setButtonStyles\" data-wp-on-window--resize=\"callbacks.setButtonStyles\" data-id=\"2373\" src=\"https:\/\/parkolik.com\/wp-content\/uploads\/2025\/06\/PIP-604-300x300-1.jpg\" alt=\"\" class=\"wp-image-2373\" style=\"object-fit:cover;width:220px;height:200px\" srcset=\"https:\/\/parkolik.com\/wp-content\/uploads\/2025\/06\/PIP-604-300x300-1.jpg 300w, https:\/\/parkolik.com\/wp-content\/uploads\/2025\/06\/PIP-604-300x300-1-150x150.jpg 150w\" sizes=\"auto, (max-width: 300px) 100vw, 300px\" \/><button\n\t\t\tclass=\"lightbox-trigger\"\n\t\t\ttype=\"button\"\n\t\t\taria-haspopup=\"dialog\"\n\t\t\taria-label=\"B\u00fcy\u00fct\"\n\t\t\tdata-wp-init=\"callbacks.initTriggerButton\"\n\t\t\tdata-wp-on--click=\"actions.showLightbox\"\n\t\t\tdata-wp-style--right=\"state.imageButtonRight\"\n\t\t\tdata-wp-style--top=\"state.imageButtonTop\"\n\t\t>\n\t\t\t<svg xmlns=\"http:\/\/www.w3.org\/2000\/svg\" width=\"12\" height=\"12\" fill=\"none\" viewBox=\"0 0 12 12\">\n\t\t\t\t<path fill=\"#fff\" d=\"M2 0a2 2 0 0 0-2 2v2h1.5V2a.5.5 0 0 1 .5-.5h2V0H2Zm2 10.5H2a.5.5 0 0 1-.5-.5V8H0v2a2 2 0 0 0 2 2h2v-1.5ZM8 12v-1.5h2a.5.5 0 0 0 .5-.5V8H12v2a2 2 0 0 1-2 2H8Zm2-12a2 2 0 0 1 2 2v2h-1.5V2a.5.5 0 0 0-.5-.5H8V0h2Z\" \/>\n\t\t\t<\/svg>\n\t\t<\/button><figcaption class=\"wp-element-caption\"><strong><a href=\"https:\/\/parkolik.com\/index.php\/muzikal-serisi-par-1005\/\" data-type=\"page\" data-id=\"2383\"><strong>M\u00fczikal<\/strong> Serisi <br>Par 1005<\/a><\/strong><\/figcaption><\/figure>\n\n\n\n<figure data-wp-context=\"{&quot;imageId&quot;:&quot;69e24061673d9&quot;}\" data-wp-interactive=\"core\/image\" data-wp-key=\"69e24061673d9\" class=\"wp-block-image size-full is-resized is-style-rounded wp-lightbox-container\"><img loading=\"lazy\" decoding=\"async\" width=\"300\" height=\"300\" data-wp-class--hide=\"state.isContentHidden\" data-wp-class--show=\"state.isContentVisible\" data-wp-init=\"callbacks.setButtonStyles\" data-wp-on--click=\"actions.showLightbox\" data-wp-on--load=\"callbacks.setButtonStyles\" data-wp-on-window--resize=\"callbacks.setButtonStyles\" data-id=\"2374\" src=\"https:\/\/parkolik.com\/wp-content\/uploads\/2025\/06\/PIP-605-300x300-1.jpg\" alt=\"\" class=\"wp-image-2374\" style=\"object-fit:cover;width:220px;height:200px\" srcset=\"https:\/\/parkolik.com\/wp-content\/uploads\/2025\/06\/PIP-605-300x300-1.jpg 300w, https:\/\/parkolik.com\/wp-content\/uploads\/2025\/06\/PIP-605-300x300-1-150x150.jpg 150w\" sizes=\"auto, (max-width: 300px) 100vw, 300px\" \/><button\n\t\t\tclass=\"lightbox-trigger\"\n\t\t\ttype=\"button\"\n\t\t\taria-haspopup=\"dialog\"\n\t\t\taria-label=\"B\u00fcy\u00fct\"\n\t\t\tdata-wp-init=\"callbacks.initTriggerButton\"\n\t\t\tdata-wp-on--click=\"actions.showLightbox\"\n\t\t\tdata-wp-style--right=\"state.imageButtonRight\"\n\t\t\tdata-wp-style--top=\"state.imageButtonTop\"\n\t\t>\n\t\t\t<svg xmlns=\"http:\/\/www.w3.org\/2000\/svg\" width=\"12\" height=\"12\" fill=\"none\" viewBox=\"0 0 12 12\">\n\t\t\t\t<path fill=\"#fff\" d=\"M2 0a2 2 0 0 0-2 2v2h1.5V2a.5.5 0 0 1 .5-.5h2V0H2Zm2 10.5H2a.5.5 0 0 1-.5-.5V8H0v2a2 2 0 0 0 2 2h2v-1.5ZM8 12v-1.5h2a.5.5 0 0 0 .5-.5V8H12v2a2 2 0 0 1-2 2H8Zm2-12a2 2 0 0 1 2 2v2h-1.5V2a.5.5 0 0 0-.5-.5H8V0h2Z\" \/>\n\t\t\t<\/svg>\n\t\t<\/button><figcaption class=\"wp-element-caption\"><strong><a href=\"https:\/\/parkolik.com\/index.php\/muzikal-serisipar-1006\/\" data-type=\"page\" data-id=\"2385\"><strong>M\u00fczikal<\/strong> Serisi <br>Par 1006<\/a><\/strong><\/figcaption><\/figure>\n<\/figure>\n\n\n\n<hr class=\"wp-block-separator has-alpha-channel-opacity\"\/>\n\n\n\n<h3 class=\"wp-block-heading\">\ud83c\udfb6 M\u00fczikal Serisi: Ritimle Oyna, M\u00fczikle Geli\u015f!<\/h3>\n\n\n\n<p><strong>M\u00fczikal Serisi<\/strong>, \u00e7ocuklar\u0131n ritim duygusunu, i\u015fitsel alg\u0131s\u0131n\u0131 ve yarat\u0131c\u0131 y\u00f6nlerini geli\u015ftirmek amac\u0131yla tasarlanm\u0131\u015f, e\u011flenceyle e\u011fitimi birle\u015ftiren \u00f6zel bir oyun grubu serisidir. Bu seride oyun alanlar\u0131, melodik paneller, vurmal\u0131 \u00e7alg\u0131lar ve ses \u00e7\u0131karan interaktif elemanlarla zenginle\u015ftirilmi\u015ftir.<\/p>\n\n\n\n<h4 class=\"wp-block-heading\">\ud83e\udd41 Ritimli Oyun Alanlar\u0131<\/h4>\n\n\n\n<p>Seri i\u00e7erisinde; \u00e7ocuklar i\u00e7in \u00f6zel tasarlanm\u0131\u015f davul setleri, ksilefon paneller, m\u00fczikli ziller, \u00e7anlar ve \u00e7eki\u00e7li ses panolar\u0131 gibi bir\u00e7ok interaktif \u00f6\u011fe yer al\u0131r. \u00c7ocuklar oynarken ayn\u0131 zamanda kendi m\u00fcziklerini \u00fcretmenin keyfini ya\u015far.<\/p>\n\n\n\n<h4 class=\"wp-block-heading\">\ud83c\udfb5 E\u011flenirken \u00d6\u011fren<\/h4>\n\n\n\n<p>M\u00fczikal Serisi, \u00e7ocuklar\u0131n;<\/p>\n\n\n\n<ul class=\"wp-block-list\">\n<li>Ritim ve tempo duygusunu geli\u015ftirmesine,<\/li>\n\n\n\n<li>\u0130\u015fitsel alg\u0131 ve haf\u0131za geli\u015fimine,<\/li>\n\n\n\n<li>El-g\u00f6z koordinasyonu kurmas\u0131na yard\u0131mc\u0131 olur.<br>Ayr\u0131ca grup oyunlar\u0131yla birlikte \u00e7almay\u0131 \u00f6\u011frenerek sosyal becerilerini de art\u0131r\u0131r.<\/li>\n<\/ul>\n\n\n\n<h4 class=\"wp-block-heading\">\ud83d\udee0\ufe0f Dayan\u0131kl\u0131 ve G\u00fcvenli Malzeme<\/h4>\n\n\n\n<p>T\u00fcm m\u00fczik panelleri ve sesli mod\u00fcller d\u0131\u015f hava ko\u015fullar\u0131na uygun, darbeye ve a\u015f\u0131nmaya dayan\u0131kl\u0131 malzemelerden \u00fcretilmi\u015ftir. \u00c7ocuk sa\u011fl\u0131\u011f\u0131na uygun ve toksik madde i\u00e7ermez.<\/p>\n\n\n\n<h4 class=\"wp-block-heading\">\ud83c\udf08 Renkli ve \u0130lgi \u00c7ekici Tasar\u0131mlar<\/h4>\n\n\n\n<p>Canl\u0131 renklerle tasarlanm\u0131\u015f m\u00fczik duvarlar\u0131, estetik g\u00f6rselli\u011fiyle dikkat \u00e7eker. Hem modern hem e\u011flenceli bir g\u00f6r\u00fcn\u00fcm sunar.<\/p>\n\n\n\n<h4 class=\"wp-block-heading\">\ud83d\udccd Kullan\u0131m Alanlar\u0131:<\/h4>\n\n\n\n<ul class=\"wp-block-list\">\n<li>Anaokullar\u0131 ve ilkokullar<\/li>\n\n\n\n<li>Parklar ve oyun alanlar\u0131<\/li>\n\n\n\n<li>AVM ve restoran \u00e7ocuk b\u00f6l\u00fcmleri<\/li>\n\n\n\n<li>Tema parklar ve \u00f6zel projeler<\/li>\n<\/ul>\n\n\n\n<hr class=\"wp-block-separator has-alpha-channel-opacity\"\/>\n\n\n\n<h3 class=\"wp-block-heading\">\u2728 \u201cHer oyun bir notayla ba\u015flar!\u201d<\/h3>\n\n\n\n<p><strong>M\u00fczikal Serisi<\/strong>, \u00e7ocuklara sadece oyun de\u011fil, ayn\u0131 zamanda ritim ve yarat\u0131c\u0131l\u0131k dolu bir deneyim sunar. Bu seriyi tercih ederek oyun alanlar\u0131n\u0131z\u0131 m\u00fczikle canland\u0131rabilirsiniz.el bir \u00e7\u00f6z\u00fcmd\u00fcr. Pratik, g\u00fcvenli, e\u011flenceli ve eri\u015filebilir!<\/p>\n","protected":false},"excerpt":{"rendered":"<p>\ud83c\udfb6 M\u00fczikal Serisi: Ritimle Oyna, M\u00fczikle Geli\u015f! M\u00fczikal Serisi, \u00e7ocuklar\u0131n ritim duygusunu, i\u015fitsel alg\u0131s\u0131n\u0131 ve yarat\u0131c\u0131 y\u00f6nlerini geli\u015ftirmek amac\u0131yla tasarlanm\u0131\u015f, e\u011flenceyle e\u011fitimi birle\u015ftiren \u00f6zel bir oyun grubu serisidir. Bu seride oyun alanlar\u0131, melodik paneller, vurmal\u0131 \u00e7alg\u0131lar ve ses \u00e7\u0131karan interaktif elemanlarla zenginle\u015ftirilmi\u015ftir. \ud83e\udd41 Ritimli Oyun Alanlar\u0131 Seri i\u00e7erisinde; \u00e7ocuklar i\u00e7in \u00f6zel tasarlanm\u0131\u015f davul setleri, ksilefon [&hellip;]<\/p>\n","protected":false},"author":1,"featured_media":0,"parent":0,"menu_order":0,"comment_status":"closed","ping_status":"closed","template":"","meta":{"footnotes":""},"class_list":["post-1825","page","type-page","status-publish","hentry"],"_links":{"self":[{"href":"https:\/\/parkolik.com\/index.php\/wp-json\/wp\/v2\/pages\/1825","targetHints":{"allow":["GET"]}}],"collection":[{"href":"https:\/\/parkolik.com\/index.php\/wp-json\/wp\/v2\/pages"}],"about":[{"href":"https:\/\/parkolik.com\/index.php\/wp-json\/wp\/v2\/types\/page"}],"author":[{"embeddable":true,"href":"https:\/\/parkolik.com\/index.php\/wp-json\/wp\/v2\/users\/1"}],"replies":[{"embeddable":true,"href":"https:\/\/parkolik.com\/index.php\/wp-json\/wp\/v2\/comments?post=1825"}],"version-history":[{"count":2,"href":"https:\/\/parkolik.com\/index.php\/wp-json\/wp\/v2\/pages\/1825\/revisions"}],"predecessor-version":[{"id":2387,"href":"https:\/\/parkolik.com\/index.php\/wp-json\/wp\/v2\/pages\/1825\/revisions\/2387"}],"wp:attachment":[{"href":"https:\/\/parkolik.com\/index.php\/wp-json\/wp\/v2\/media?parent=1825"}],"curies":[{"name":"wp","href":"https:\/\/api.w.org\/{rel}","templated":true}]}}