{"id":1829,"date":"2025-06-20T06:11:49","date_gmt":"2025-06-20T03:11:49","guid":{"rendered":"https:\/\/parkolik.com\/?page_id=1829"},"modified":"2025-06-30T16:39:59","modified_gmt":"2025-06-30T13:39:59","slug":"okyanus-serisi","status":"publish","type":"page","link":"https:\/\/parkolik.com\/index.php\/okyanus-serisi\/","title":{"rendered":"Okyanus Serisi"},"content":{"rendered":"\n<figure class=\"wp-block-gallery has-nested-images columns-default is-cropped wp-block-gallery-2 is-layout-flex wp-block-gallery-is-layout-flex\">\n<figure data-wp-context=\"{&quot;imageId&quot;:&quot;69e2404f4bc77&quot;}\" data-wp-interactive=\"core\/image\" data-wp-key=\"69e2404f4bc77\" class=\"wp-block-image size-full is-resized is-style-rounded wp-duotone-unset-1 wp-lightbox-container\"><img loading=\"lazy\" decoding=\"async\" width=\"300\" height=\"300\" data-wp-class--hide=\"state.isContentHidden\" data-wp-class--show=\"state.isContentVisible\" data-wp-init=\"callbacks.setButtonStyles\" data-wp-on--click=\"actions.showLightbox\" data-wp-on--load=\"callbacks.setButtonStyles\" data-wp-on-window--resize=\"callbacks.setButtonStyles\" data-id=\"2664\" src=\"https:\/\/parkolik.com\/wp-content\/uploads\/2025\/06\/PIP-500-300x300-1.jpg\" alt=\"\" class=\"wp-image-2664\" style=\"object-fit:cover;width:220px;height:200px\" srcset=\"https:\/\/parkolik.com\/wp-content\/uploads\/2025\/06\/PIP-500-300x300-1.jpg 300w, https:\/\/parkolik.com\/wp-content\/uploads\/2025\/06\/PIP-500-300x300-1-150x150.jpg 150w\" sizes=\"auto, (max-width: 300px) 100vw, 300px\" \/><button\n\t\t\tclass=\"lightbox-trigger\"\n\t\t\ttype=\"button\"\n\t\t\taria-haspopup=\"dialog\"\n\t\t\taria-label=\"B\u00fcy\u00fct\"\n\t\t\tdata-wp-init=\"callbacks.initTriggerButton\"\n\t\t\tdata-wp-on--click=\"actions.showLightbox\"\n\t\t\tdata-wp-style--right=\"state.imageButtonRight\"\n\t\t\tdata-wp-style--top=\"state.imageButtonTop\"\n\t\t>\n\t\t\t<svg xmlns=\"http:\/\/www.w3.org\/2000\/svg\" width=\"12\" height=\"12\" fill=\"none\" viewBox=\"0 0 12 12\">\n\t\t\t\t<path fill=\"#fff\" d=\"M2 0a2 2 0 0 0-2 2v2h1.5V2a.5.5 0 0 1 .5-.5h2V0H2Zm2 10.5H2a.5.5 0 0 1-.5-.5V8H0v2a2 2 0 0 0 2 2h2v-1.5ZM8 12v-1.5h2a.5.5 0 0 0 .5-.5V8H12v2a2 2 0 0 1-2 2H8Zm2-12a2 2 0 0 1 2 2v2h-1.5V2a.5.5 0 0 0-.5-.5H8V0h2Z\" \/>\n\t\t\t<\/svg>\n\t\t<\/button><figcaption class=\"wp-element-caption\"><strong><a href=\"https:\/\/parkolik.com\/index.php\/okyanus-serisi-par-1001\/\" data-type=\"page\" data-id=\"2652\">Okyanus Serisi <br>Par 1001<\/a><\/strong><\/figcaption><\/figure>\n\n\n\n<figure data-wp-context=\"{&quot;imageId&quot;:&quot;69e2404f4c933&quot;}\" data-wp-interactive=\"core\/image\" data-wp-key=\"69e2404f4c933\" class=\"wp-block-image size-full is-resized is-style-rounded wp-lightbox-container\"><img loading=\"lazy\" decoding=\"async\" width=\"300\" height=\"300\" data-wp-class--hide=\"state.isContentHidden\" data-wp-class--show=\"state.isContentVisible\" data-wp-init=\"callbacks.setButtonStyles\" data-wp-on--click=\"actions.showLightbox\" data-wp-on--load=\"callbacks.setButtonStyles\" data-wp-on-window--resize=\"callbacks.setButtonStyles\" data-id=\"2665\" src=\"https:\/\/parkolik.com\/wp-content\/uploads\/2025\/06\/PIP-501-300x300-1.jpg\" alt=\"\" class=\"wp-image-2665\" style=\"object-fit:cover;width:200px;height:200px\" srcset=\"https:\/\/parkolik.com\/wp-content\/uploads\/2025\/06\/PIP-501-300x300-1.jpg 300w, https:\/\/parkolik.com\/wp-content\/uploads\/2025\/06\/PIP-501-300x300-1-150x150.jpg 150w\" sizes=\"auto, (max-width: 300px) 100vw, 300px\" \/><button\n\t\t\tclass=\"lightbox-trigger\"\n\t\t\ttype=\"button\"\n\t\t\taria-haspopup=\"dialog\"\n\t\t\taria-label=\"B\u00fcy\u00fct\"\n\t\t\tdata-wp-init=\"callbacks.initTriggerButton\"\n\t\t\tdata-wp-on--click=\"actions.showLightbox\"\n\t\t\tdata-wp-style--right=\"state.imageButtonRight\"\n\t\t\tdata-wp-style--top=\"state.imageButtonTop\"\n\t\t>\n\t\t\t<svg xmlns=\"http:\/\/www.w3.org\/2000\/svg\" width=\"12\" height=\"12\" fill=\"none\" viewBox=\"0 0 12 12\">\n\t\t\t\t<path fill=\"#fff\" d=\"M2 0a2 2 0 0 0-2 2v2h1.5V2a.5.5 0 0 1 .5-.5h2V0H2Zm2 10.5H2a.5.5 0 0 1-.5-.5V8H0v2a2 2 0 0 0 2 2h2v-1.5ZM8 12v-1.5h2a.5.5 0 0 0 .5-.5V8H12v2a2 2 0 0 1-2 2H8Zm2-12a2 2 0 0 1 2 2v2h-1.5V2a.5.5 0 0 0-.5-.5H8V0h2Z\" \/>\n\t\t\t<\/svg>\n\t\t<\/button><figcaption class=\"wp-element-caption\"><strong><a href=\"https:\/\/parkolik.com\/index.php\/okyanus-serisi-par-1002\/\" data-type=\"page\" data-id=\"2654\">Okyanus Serisi <br>Par 1002<\/a><\/strong><\/figcaption><\/figure>\n\n\n\n<figure data-wp-context=\"{&quot;imageId&quot;:&quot;69e2404f4d3d8&quot;}\" data-wp-interactive=\"core\/image\" data-wp-key=\"69e2404f4d3d8\" class=\"wp-block-image size-full is-resized is-style-rounded wp-lightbox-container\"><img loading=\"lazy\" decoding=\"async\" width=\"300\" height=\"300\" data-wp-class--hide=\"state.isContentHidden\" data-wp-class--show=\"state.isContentVisible\" data-wp-init=\"callbacks.setButtonStyles\" data-wp-on--click=\"actions.showLightbox\" data-wp-on--load=\"callbacks.setButtonStyles\" data-wp-on-window--resize=\"callbacks.setButtonStyles\" data-id=\"2666\" src=\"https:\/\/parkolik.com\/wp-content\/uploads\/2025\/06\/PIP-502-300x300-1.jpg\" alt=\"\" class=\"wp-image-2666\" style=\"object-fit:cover;width:200px;height:200px\" srcset=\"https:\/\/parkolik.com\/wp-content\/uploads\/2025\/06\/PIP-502-300x300-1.jpg 300w, https:\/\/parkolik.com\/wp-content\/uploads\/2025\/06\/PIP-502-300x300-1-150x150.jpg 150w\" sizes=\"auto, (max-width: 300px) 100vw, 300px\" \/><button\n\t\t\tclass=\"lightbox-trigger\"\n\t\t\ttype=\"button\"\n\t\t\taria-haspopup=\"dialog\"\n\t\t\taria-label=\"B\u00fcy\u00fct\"\n\t\t\tdata-wp-init=\"callbacks.initTriggerButton\"\n\t\t\tdata-wp-on--click=\"actions.showLightbox\"\n\t\t\tdata-wp-style--right=\"state.imageButtonRight\"\n\t\t\tdata-wp-style--top=\"state.imageButtonTop\"\n\t\t>\n\t\t\t<svg xmlns=\"http:\/\/www.w3.org\/2000\/svg\" width=\"12\" height=\"12\" fill=\"none\" viewBox=\"0 0 12 12\">\n\t\t\t\t<path fill=\"#fff\" d=\"M2 0a2 2 0 0 0-2 2v2h1.5V2a.5.5 0 0 1 .5-.5h2V0H2Zm2 10.5H2a.5.5 0 0 1-.5-.5V8H0v2a2 2 0 0 0 2 2h2v-1.5ZM8 12v-1.5h2a.5.5 0 0 0 .5-.5V8H12v2a2 2 0 0 1-2 2H8Zm2-12a2 2 0 0 1 2 2v2h-1.5V2a.5.5 0 0 0-.5-.5H8V0h2Z\" \/>\n\t\t\t<\/svg>\n\t\t<\/button><figcaption class=\"wp-element-caption\"><strong><a href=\"https:\/\/parkolik.com\/index.php\/okyanus-serisi-par-1003\/\" data-type=\"page\" data-id=\"2656\">Okyanus Serisi <br>Par 1003<\/a><\/strong><\/figcaption><\/figure>\n\n\n\n<figure data-wp-context=\"{&quot;imageId&quot;:&quot;69e2404f4ddcc&quot;}\" data-wp-interactive=\"core\/image\" data-wp-key=\"69e2404f4ddcc\" class=\"wp-block-image size-full is-resized is-style-rounded wp-lightbox-container\"><img loading=\"lazy\" decoding=\"async\" width=\"300\" height=\"300\" data-wp-class--hide=\"state.isContentHidden\" data-wp-class--show=\"state.isContentVisible\" data-wp-init=\"callbacks.setButtonStyles\" data-wp-on--click=\"actions.showLightbox\" data-wp-on--load=\"callbacks.setButtonStyles\" data-wp-on-window--resize=\"callbacks.setButtonStyles\" data-id=\"2667\" src=\"https:\/\/parkolik.com\/wp-content\/uploads\/2025\/06\/PIP-503-300x300-1.jpg\" alt=\"\" class=\"wp-image-2667\" style=\"object-fit:cover;width:220px;height:200px\" srcset=\"https:\/\/parkolik.com\/wp-content\/uploads\/2025\/06\/PIP-503-300x300-1.jpg 300w, https:\/\/parkolik.com\/wp-content\/uploads\/2025\/06\/PIP-503-300x300-1-150x150.jpg 150w\" sizes=\"auto, (max-width: 300px) 100vw, 300px\" \/><button\n\t\t\tclass=\"lightbox-trigger\"\n\t\t\ttype=\"button\"\n\t\t\taria-haspopup=\"dialog\"\n\t\t\taria-label=\"B\u00fcy\u00fct\"\n\t\t\tdata-wp-init=\"callbacks.initTriggerButton\"\n\t\t\tdata-wp-on--click=\"actions.showLightbox\"\n\t\t\tdata-wp-style--right=\"state.imageButtonRight\"\n\t\t\tdata-wp-style--top=\"state.imageButtonTop\"\n\t\t>\n\t\t\t<svg xmlns=\"http:\/\/www.w3.org\/2000\/svg\" width=\"12\" height=\"12\" fill=\"none\" viewBox=\"0 0 12 12\">\n\t\t\t\t<path fill=\"#fff\" d=\"M2 0a2 2 0 0 0-2 2v2h1.5V2a.5.5 0 0 1 .5-.5h2V0H2Zm2 10.5H2a.5.5 0 0 1-.5-.5V8H0v2a2 2 0 0 0 2 2h2v-1.5ZM8 12v-1.5h2a.5.5 0 0 0 .5-.5V8H12v2a2 2 0 0 1-2 2H8Zm2-12a2 2 0 0 1 2 2v2h-1.5V2a.5.5 0 0 0-.5-.5H8V0h2Z\" \/>\n\t\t\t<\/svg>\n\t\t<\/button><figcaption class=\"wp-element-caption\"><strong><a href=\"https:\/\/parkolik.com\/index.php\/okyanus-serisi-par-1004\/\" data-type=\"page\" data-id=\"2658\"><strong><strong><strong>Okyanus<\/strong> <\/strong>Serisi<\/strong> <br>Par 1004<\/a><\/strong><\/figcaption><\/figure>\n\n\n\n<figure data-wp-context=\"{&quot;imageId&quot;:&quot;69e2404f4e7b5&quot;}\" data-wp-interactive=\"core\/image\" data-wp-key=\"69e2404f4e7b5\" class=\"wp-block-image size-full is-resized is-style-rounded wp-lightbox-container\"><img loading=\"lazy\" decoding=\"async\" width=\"300\" height=\"300\" data-wp-class--hide=\"state.isContentHidden\" data-wp-class--show=\"state.isContentVisible\" data-wp-init=\"callbacks.setButtonStyles\" data-wp-on--click=\"actions.showLightbox\" data-wp-on--load=\"callbacks.setButtonStyles\" data-wp-on-window--resize=\"callbacks.setButtonStyles\" data-id=\"2668\" src=\"https:\/\/parkolik.com\/wp-content\/uploads\/2025\/06\/PIP-504-300x300-1.jpg\" alt=\"\" class=\"wp-image-2668\" style=\"object-fit:cover;width:220px;height:200px\" srcset=\"https:\/\/parkolik.com\/wp-content\/uploads\/2025\/06\/PIP-504-300x300-1.jpg 300w, https:\/\/parkolik.com\/wp-content\/uploads\/2025\/06\/PIP-504-300x300-1-150x150.jpg 150w\" sizes=\"auto, (max-width: 300px) 100vw, 300px\" \/><button\n\t\t\tclass=\"lightbox-trigger\"\n\t\t\ttype=\"button\"\n\t\t\taria-haspopup=\"dialog\"\n\t\t\taria-label=\"B\u00fcy\u00fct\"\n\t\t\tdata-wp-init=\"callbacks.initTriggerButton\"\n\t\t\tdata-wp-on--click=\"actions.showLightbox\"\n\t\t\tdata-wp-style--right=\"state.imageButtonRight\"\n\t\t\tdata-wp-style--top=\"state.imageButtonTop\"\n\t\t>\n\t\t\t<svg xmlns=\"http:\/\/www.w3.org\/2000\/svg\" width=\"12\" height=\"12\" fill=\"none\" viewBox=\"0 0 12 12\">\n\t\t\t\t<path fill=\"#fff\" d=\"M2 0a2 2 0 0 0-2 2v2h1.5V2a.5.5 0 0 1 .5-.5h2V0H2Zm2 10.5H2a.5.5 0 0 1-.5-.5V8H0v2a2 2 0 0 0 2 2h2v-1.5ZM8 12v-1.5h2a.5.5 0 0 0 .5-.5V8H12v2a2 2 0 0 1-2 2H8Zm2-12a2 2 0 0 1 2 2v2h-1.5V2a.5.5 0 0 0-.5-.5H8V0h2Z\" \/>\n\t\t\t<\/svg>\n\t\t<\/button><figcaption class=\"wp-element-caption\"><strong><a href=\"https:\/\/parkolik.com\/index.php\/okyanus-serisi-par-1005\/\" data-type=\"page\" data-id=\"2660\">Okyanus Serisi <br>Par 1005<\/a><\/strong><\/figcaption><\/figure>\n\n\n\n<figure data-wp-context=\"{&quot;imageId&quot;:&quot;69e2404f4f2c8&quot;}\" data-wp-interactive=\"core\/image\" data-wp-key=\"69e2404f4f2c8\" class=\"wp-block-image size-full is-resized is-style-rounded wp-lightbox-container\"><img loading=\"lazy\" decoding=\"async\" width=\"300\" height=\"300\" data-wp-class--hide=\"state.isContentHidden\" data-wp-class--show=\"state.isContentVisible\" data-wp-init=\"callbacks.setButtonStyles\" data-wp-on--click=\"actions.showLightbox\" data-wp-on--load=\"callbacks.setButtonStyles\" data-wp-on-window--resize=\"callbacks.setButtonStyles\" data-id=\"2669\" src=\"https:\/\/parkolik.com\/wp-content\/uploads\/2025\/06\/PIP-505-300x300-2.jpg\" alt=\"\" class=\"wp-image-2669\" style=\"object-fit:cover;width:220px;height:200px\" srcset=\"https:\/\/parkolik.com\/wp-content\/uploads\/2025\/06\/PIP-505-300x300-2.jpg 300w, https:\/\/parkolik.com\/wp-content\/uploads\/2025\/06\/PIP-505-300x300-2-150x150.jpg 150w\" sizes=\"auto, (max-width: 300px) 100vw, 300px\" \/><button\n\t\t\tclass=\"lightbox-trigger\"\n\t\t\ttype=\"button\"\n\t\t\taria-haspopup=\"dialog\"\n\t\t\taria-label=\"B\u00fcy\u00fct\"\n\t\t\tdata-wp-init=\"callbacks.initTriggerButton\"\n\t\t\tdata-wp-on--click=\"actions.showLightbox\"\n\t\t\tdata-wp-style--right=\"state.imageButtonRight\"\n\t\t\tdata-wp-style--top=\"state.imageButtonTop\"\n\t\t>\n\t\t\t<svg xmlns=\"http:\/\/www.w3.org\/2000\/svg\" width=\"12\" height=\"12\" fill=\"none\" viewBox=\"0 0 12 12\">\n\t\t\t\t<path fill=\"#fff\" d=\"M2 0a2 2 0 0 0-2 2v2h1.5V2a.5.5 0 0 1 .5-.5h2V0H2Zm2 10.5H2a.5.5 0 0 1-.5-.5V8H0v2a2 2 0 0 0 2 2h2v-1.5ZM8 12v-1.5h2a.5.5 0 0 0 .5-.5V8H12v2a2 2 0 0 1-2 2H8Zm2-12a2 2 0 0 1 2 2v2h-1.5V2a.5.5 0 0 0-.5-.5H8V0h2Z\" \/>\n\t\t\t<\/svg>\n\t\t<\/button><figcaption class=\"wp-element-caption\"><strong><a href=\"https:\/\/parkolik.com\/index.php\/okyanus-serisi-par-1006\/\" data-type=\"page\" data-id=\"2662\">Okyanus Serisi <br>Par 1006<\/a><\/strong><\/figcaption><\/figure>\n<\/figure>\n\n\n\n<hr class=\"wp-block-separator has-alpha-channel-opacity\"\/>\n\n\n\n<h3 class=\"wp-block-heading\">\ud83c\udf0a <strong>Okyanus Serisi: Derinlere Dal, Maceraya Kat\u0131l!<\/strong><\/h3>\n\n\n\n<p><strong>Okyanus Serisi<\/strong>, \u00e7ocuklara deniz alt\u0131 d\u00fcnyas\u0131n\u0131 ke\u015ffetme heyecan\u0131 sunan tematik bir oyun park\u0131 serisidir. Renkli deniz canl\u0131lar\u0131, gemi fig\u00fcrleri, dalga desenleri ve su alt\u0131 temal\u0131 oyun mod\u00fclleri ile her oyun, yeni bir deniz yolculu\u011funa d\u00f6n\u00fc\u015f\u00fcr.<\/p>\n\n\n\n<hr class=\"wp-block-separator has-alpha-channel-opacity\"\/>\n\n\n\n<h4 class=\"wp-block-heading\">\ud83d\udc20 <strong>Su Alt\u0131 Temal\u0131 Oyun D\u00fcnyas\u0131<\/strong><\/h4>\n\n\n\n<p>Ahtapotlar, bal\u0131klar, deniz y\u0131ld\u0131zlar\u0131 ve korsan gemileriyle s\u00fcslenen bu seri, \u00e7ocuklar\u0131n hayal g\u00fcc\u00fcn\u00fc harekete ge\u00e7irir. Kayd\u0131raklar, t\u0131rmanma a\u011flar\u0131, deniz kabu\u011fu t\u00fcnelleri ve interaktif paneller ile oyun deneyimi her ya\u015f grubuna hitap eder.<\/p>\n\n\n\n<hr class=\"wp-block-separator has-alpha-channel-opacity\"\/>\n\n\n\n<h4 class=\"wp-block-heading\">\ud83c\udfa8 <strong>Canl\u0131 Renkler, Sevimli Fig\u00fcrler<\/strong><\/h4>\n\n\n\n<p>Mavi, turkuaz ve mercan tonlar\u0131yla tasarlanan yap\u0131lar, estetik ve e\u011flenceli bir g\u00f6rsel atmosfer yarat\u0131r. Deniz kabu\u011fu \u015feklindeki giri\u015fler, gemi burnu kayd\u0131raklar ve dalga motifleriyle \u00e7ocuklar kendilerini bir deniz hik\u00e2yesinin i\u00e7inde bulur.<\/p>\n\n\n\n<hr class=\"wp-block-separator has-alpha-channel-opacity\"\/>\n\n\n\n<h4 class=\"wp-block-heading\">\ud83e\udde0 <strong>Geli\u015fimi Destekler<\/strong><\/h4>\n\n\n\n<p>Okyanus Serisi, \u00e7ocuklar\u0131n;<\/p>\n\n\n\n<ul class=\"wp-block-list\">\n<li>Hayal g\u00fcc\u00fcn\u00fc geli\u015ftirmesine,<\/li>\n\n\n\n<li>Grup oyunlar\u0131yla sosyal becerilerini art\u0131rmas\u0131na,<\/li>\n\n\n\n<li>T\u0131rmanma ve kayma gibi fiziksel aktivitelerle motor becerilerini g\u00fc\u00e7lendirmesine katk\u0131 sa\u011flar.<\/li>\n<\/ul>\n\n\n\n<hr class=\"wp-block-separator has-alpha-channel-opacity\"\/>\n\n\n\n<h4 class=\"wp-block-heading\">\ud83d\udee1\ufe0f <strong>G\u00fcvenli ve Dayan\u0131kl\u0131 Malzemeler<\/strong><\/h4>\n\n\n\n<p>Seride kullan\u0131lan t\u00fcm par\u00e7alar d\u0131\u015f hava ko\u015fullar\u0131na dayan\u0131kl\u0131d\u0131r ve toksik madde i\u00e7ermez. Kenarlar\u0131 yumu\u015fak, zeminleri kaymazd\u0131r. EN1176 g\u00fcvenlik standartlar\u0131na tam uyumludur.<\/p>\n\n\n\n<hr class=\"wp-block-separator has-alpha-channel-opacity\"\/>\n\n\n\n<h4 class=\"wp-block-heading\">\ud83d\udccd <strong>Kullan\u0131m Alanlar\u0131<\/strong><\/h4>\n\n\n\n<ul class=\"wp-block-list\">\n<li>Sahil parklar\u0131<\/li>\n\n\n\n<li>Tema parklar<\/li>\n\n\n\n<li>AVM \u00e7ocuk alanlar\u0131<\/li>\n\n\n\n<li>Kre\u015fler ve okullar<\/li>\n\n\n\n<li>Su park\u0131 konseptli projeler<\/li>\n<\/ul>\n\n\n\n<hr class=\"wp-block-separator has-alpha-channel-opacity\"\/>\n\n\n\n<h3 class=\"wp-block-heading\">\u2728 <strong>\u201cOkyanus Serisi: Deniz Alt\u0131nda Oyun Ba\u015flas\u0131n!\u201d<\/strong><\/h3>\n\n\n\n<p><strong>Okyanus Serisi<\/strong>, \u00e7ocuklara deniz alt\u0131 maceras\u0131 ya\u015fat\u0131rken g\u00fcvenli, e\u011flenceli ve \u00f6\u011fretici bir oyun deneyimi sunar. Hem tematik hem estetik bir \u00e7\u00f6z\u00fcm arayan projeler i\u00e7in idealdir.<\/p>\n","protected":false},"excerpt":{"rendered":"<p>\ud83c\udf0a Okyanus Serisi: Derinlere Dal, Maceraya Kat\u0131l! Okyanus Serisi, \u00e7ocuklara deniz alt\u0131 d\u00fcnyas\u0131n\u0131 ke\u015ffetme heyecan\u0131 sunan tematik bir oyun park\u0131 serisidir. Renkli deniz canl\u0131lar\u0131, gemi fig\u00fcrleri, dalga desenleri ve su alt\u0131 temal\u0131 oyun mod\u00fclleri ile her oyun, yeni bir deniz yolculu\u011funa d\u00f6n\u00fc\u015f\u00fcr. \ud83d\udc20 Su Alt\u0131 Temal\u0131 Oyun D\u00fcnyas\u0131 Ahtapotlar, bal\u0131klar, deniz y\u0131ld\u0131zlar\u0131 ve korsan gemileriyle [&hellip;]<\/p>\n","protected":false},"author":1,"featured_media":0,"parent":0,"menu_order":0,"comment_status":"closed","ping_status":"closed","template":"","meta":{"footnotes":""},"class_list":["post-1829","page","type-page","status-publish","hentry"],"_links":{"self":[{"href":"https:\/\/parkolik.com\/index.php\/wp-json\/wp\/v2\/pages\/1829","targetHints":{"allow":["GET"]}}],"collection":[{"href":"https:\/\/parkolik.com\/index.php\/wp-json\/wp\/v2\/pages"}],"about":[{"href":"https:\/\/parkolik.com\/index.php\/wp-json\/wp\/v2\/types\/page"}],"author":[{"embeddable":true,"href":"https:\/\/parkolik.com\/index.php\/wp-json\/wp\/v2\/users\/1"}],"replies":[{"embeddable":true,"href":"https:\/\/parkolik.com\/index.php\/wp-json\/wp\/v2\/comments?post=1829"}],"version-history":[{"count":2,"href":"https:\/\/parkolik.com\/index.php\/wp-json\/wp\/v2\/pages\/1829\/revisions"}],"predecessor-version":[{"id":2670,"href":"https:\/\/parkolik.com\/index.php\/wp-json\/wp\/v2\/pages\/1829\/revisions\/2670"}],"wp:attachment":[{"href":"https:\/\/parkolik.com\/index.php\/wp-json\/wp\/v2\/media?parent=1829"}],"curies":[{"name":"wp","href":"https:\/\/api.w.org\/{rel}","templated":true}]}}