{"id":1831,"date":"2025-06-20T06:12:08","date_gmt":"2025-06-20T03:12:08","guid":{"rendered":"https:\/\/parkolik.com\/?page_id=1831"},"modified":"2025-06-30T16:48:17","modified_gmt":"2025-06-30T13:48:17","slug":"orman-serisi","status":"publish","type":"page","link":"https:\/\/parkolik.com\/index.php\/orman-serisi\/","title":{"rendered":"Orman Serisi"},"content":{"rendered":"\n<figure class=\"wp-block-gallery has-nested-images columns-default is-cropped wp-block-gallery-2 is-layout-flex wp-block-gallery-is-layout-flex\">\n<figure data-wp-context=\"{&quot;imageId&quot;:&quot;69e2561f925df&quot;}\" data-wp-interactive=\"core\/image\" data-wp-key=\"69e2561f925df\" class=\"wp-block-image size-full is-resized is-style-rounded wp-duotone-unset-1 wp-lightbox-container\"><img loading=\"lazy\" decoding=\"async\" width=\"300\" height=\"300\" data-wp-class--hide=\"state.isContentHidden\" data-wp-class--show=\"state.isContentVisible\" data-wp-init=\"callbacks.setButtonStyles\" data-wp-on--click=\"actions.showLightbox\" data-wp-on--load=\"callbacks.setButtonStyles\" data-wp-on-window--resize=\"callbacks.setButtonStyles\" data-id=\"2685\" src=\"https:\/\/parkolik.com\/wp-content\/uploads\/2025\/06\/PIP-400-300x300-1.jpg\" alt=\"\" class=\"wp-image-2685\" style=\"object-fit:cover;width:220px;height:200px\" srcset=\"https:\/\/parkolik.com\/wp-content\/uploads\/2025\/06\/PIP-400-300x300-1.jpg 300w, https:\/\/parkolik.com\/wp-content\/uploads\/2025\/06\/PIP-400-300x300-1-150x150.jpg 150w\" sizes=\"auto, (max-width: 300px) 100vw, 300px\" \/><button\n\t\t\tclass=\"lightbox-trigger\"\n\t\t\ttype=\"button\"\n\t\t\taria-haspopup=\"dialog\"\n\t\t\taria-label=\"B\u00fcy\u00fct\"\n\t\t\tdata-wp-init=\"callbacks.initTriggerButton\"\n\t\t\tdata-wp-on--click=\"actions.showLightbox\"\n\t\t\tdata-wp-style--right=\"state.imageButtonRight\"\n\t\t\tdata-wp-style--top=\"state.imageButtonTop\"\n\t\t>\n\t\t\t<svg xmlns=\"http:\/\/www.w3.org\/2000\/svg\" width=\"12\" height=\"12\" fill=\"none\" viewBox=\"0 0 12 12\">\n\t\t\t\t<path fill=\"#fff\" d=\"M2 0a2 2 0 0 0-2 2v2h1.5V2a.5.5 0 0 1 .5-.5h2V0H2Zm2 10.5H2a.5.5 0 0 1-.5-.5V8H0v2a2 2 0 0 0 2 2h2v-1.5ZM8 12v-1.5h2a.5.5 0 0 0 .5-.5V8H12v2a2 2 0 0 1-2 2H8Zm2-12a2 2 0 0 1 2 2v2h-1.5V2a.5.5 0 0 0-.5-.5H8V0h2Z\" \/>\n\t\t\t<\/svg>\n\t\t<\/button><figcaption class=\"wp-element-caption\"><strong><a href=\"https:\/\/parkolik.com\/index.php\/orman-serisi-par-1001\/\" data-type=\"page\" data-id=\"2672\">Orman Serisi <br>Par 1001<\/a><\/strong><\/figcaption><\/figure>\n\n\n\n<figure data-wp-context=\"{&quot;imageId&quot;:&quot;69e2561f937ac&quot;}\" data-wp-interactive=\"core\/image\" data-wp-key=\"69e2561f937ac\" class=\"wp-block-image size-full is-resized is-style-rounded wp-lightbox-container\"><img loading=\"lazy\" decoding=\"async\" width=\"300\" height=\"300\" data-wp-class--hide=\"state.isContentHidden\" data-wp-class--show=\"state.isContentVisible\" data-wp-init=\"callbacks.setButtonStyles\" data-wp-on--click=\"actions.showLightbox\" data-wp-on--load=\"callbacks.setButtonStyles\" data-wp-on-window--resize=\"callbacks.setButtonStyles\" data-id=\"2686\" src=\"https:\/\/parkolik.com\/wp-content\/uploads\/2025\/06\/PIP-401-300x300-1.jpg\" alt=\"\" class=\"wp-image-2686\" style=\"object-fit:cover;width:200px;height:200px\" srcset=\"https:\/\/parkolik.com\/wp-content\/uploads\/2025\/06\/PIP-401-300x300-1.jpg 300w, https:\/\/parkolik.com\/wp-content\/uploads\/2025\/06\/PIP-401-300x300-1-150x150.jpg 150w\" sizes=\"auto, (max-width: 300px) 100vw, 300px\" \/><button\n\t\t\tclass=\"lightbox-trigger\"\n\t\t\ttype=\"button\"\n\t\t\taria-haspopup=\"dialog\"\n\t\t\taria-label=\"B\u00fcy\u00fct\"\n\t\t\tdata-wp-init=\"callbacks.initTriggerButton\"\n\t\t\tdata-wp-on--click=\"actions.showLightbox\"\n\t\t\tdata-wp-style--right=\"state.imageButtonRight\"\n\t\t\tdata-wp-style--top=\"state.imageButtonTop\"\n\t\t>\n\t\t\t<svg xmlns=\"http:\/\/www.w3.org\/2000\/svg\" width=\"12\" height=\"12\" fill=\"none\" viewBox=\"0 0 12 12\">\n\t\t\t\t<path fill=\"#fff\" d=\"M2 0a2 2 0 0 0-2 2v2h1.5V2a.5.5 0 0 1 .5-.5h2V0H2Zm2 10.5H2a.5.5 0 0 1-.5-.5V8H0v2a2 2 0 0 0 2 2h2v-1.5ZM8 12v-1.5h2a.5.5 0 0 0 .5-.5V8H12v2a2 2 0 0 1-2 2H8Zm2-12a2 2 0 0 1 2 2v2h-1.5V2a.5.5 0 0 0-.5-.5H8V0h2Z\" \/>\n\t\t\t<\/svg>\n\t\t<\/button><figcaption class=\"wp-element-caption\"><strong><a href=\"https:\/\/parkolik.com\/index.php\/orman-serisi-par-1002\/\" data-type=\"page\" data-id=\"2674\"><strong>Orman<\/strong> Serisi <br>Par 1002<\/a><\/strong><\/figcaption><\/figure>\n\n\n\n<figure data-wp-context=\"{&quot;imageId&quot;:&quot;69e2561f945b7&quot;}\" data-wp-interactive=\"core\/image\" data-wp-key=\"69e2561f945b7\" class=\"wp-block-image size-full is-resized is-style-rounded wp-lightbox-container\"><img loading=\"lazy\" decoding=\"async\" width=\"300\" height=\"300\" data-wp-class--hide=\"state.isContentHidden\" data-wp-class--show=\"state.isContentVisible\" data-wp-init=\"callbacks.setButtonStyles\" data-wp-on--click=\"actions.showLightbox\" data-wp-on--load=\"callbacks.setButtonStyles\" data-wp-on-window--resize=\"callbacks.setButtonStyles\" data-id=\"2688\" src=\"https:\/\/parkolik.com\/wp-content\/uploads\/2025\/06\/PIP-402-300x300-1.jpg\" alt=\"\" class=\"wp-image-2688\" style=\"object-fit:cover;width:200px;height:200px\" srcset=\"https:\/\/parkolik.com\/wp-content\/uploads\/2025\/06\/PIP-402-300x300-1.jpg 300w, https:\/\/parkolik.com\/wp-content\/uploads\/2025\/06\/PIP-402-300x300-1-150x150.jpg 150w\" sizes=\"auto, (max-width: 300px) 100vw, 300px\" \/><button\n\t\t\tclass=\"lightbox-trigger\"\n\t\t\ttype=\"button\"\n\t\t\taria-haspopup=\"dialog\"\n\t\t\taria-label=\"B\u00fcy\u00fct\"\n\t\t\tdata-wp-init=\"callbacks.initTriggerButton\"\n\t\t\tdata-wp-on--click=\"actions.showLightbox\"\n\t\t\tdata-wp-style--right=\"state.imageButtonRight\"\n\t\t\tdata-wp-style--top=\"state.imageButtonTop\"\n\t\t>\n\t\t\t<svg xmlns=\"http:\/\/www.w3.org\/2000\/svg\" width=\"12\" height=\"12\" fill=\"none\" viewBox=\"0 0 12 12\">\n\t\t\t\t<path fill=\"#fff\" d=\"M2 0a2 2 0 0 0-2 2v2h1.5V2a.5.5 0 0 1 .5-.5h2V0H2Zm2 10.5H2a.5.5 0 0 1-.5-.5V8H0v2a2 2 0 0 0 2 2h2v-1.5ZM8 12v-1.5h2a.5.5 0 0 0 .5-.5V8H12v2a2 2 0 0 1-2 2H8Zm2-12a2 2 0 0 1 2 2v2h-1.5V2a.5.5 0 0 0-.5-.5H8V0h2Z\" \/>\n\t\t\t<\/svg>\n\t\t<\/button><figcaption class=\"wp-element-caption\"><strong><a href=\"https:\/\/parkolik.com\/index.php\/orman-serisi-par-1003\/\" data-type=\"page\" data-id=\"2676\"><strong>Orman<\/strong> Serisi <br>Par 1003<\/a><\/strong><\/figcaption><\/figure>\n\n\n\n<figure data-wp-context=\"{&quot;imageId&quot;:&quot;69e2561f94e31&quot;}\" data-wp-interactive=\"core\/image\" data-wp-key=\"69e2561f94e31\" class=\"wp-block-image size-full is-resized is-style-rounded wp-lightbox-container\"><img loading=\"lazy\" decoding=\"async\" width=\"300\" height=\"300\" data-wp-class--hide=\"state.isContentHidden\" data-wp-class--show=\"state.isContentVisible\" data-wp-init=\"callbacks.setButtonStyles\" data-wp-on--click=\"actions.showLightbox\" data-wp-on--load=\"callbacks.setButtonStyles\" data-wp-on-window--resize=\"callbacks.setButtonStyles\" data-id=\"2689\" src=\"https:\/\/parkolik.com\/wp-content\/uploads\/2025\/06\/PIP-403-300x300-2.jpg\" alt=\"\" class=\"wp-image-2689\" style=\"object-fit:cover;width:220px;height:200px\" srcset=\"https:\/\/parkolik.com\/wp-content\/uploads\/2025\/06\/PIP-403-300x300-2.jpg 300w, https:\/\/parkolik.com\/wp-content\/uploads\/2025\/06\/PIP-403-300x300-2-150x150.jpg 150w\" sizes=\"auto, (max-width: 300px) 100vw, 300px\" \/><button\n\t\t\tclass=\"lightbox-trigger\"\n\t\t\ttype=\"button\"\n\t\t\taria-haspopup=\"dialog\"\n\t\t\taria-label=\"B\u00fcy\u00fct\"\n\t\t\tdata-wp-init=\"callbacks.initTriggerButton\"\n\t\t\tdata-wp-on--click=\"actions.showLightbox\"\n\t\t\tdata-wp-style--right=\"state.imageButtonRight\"\n\t\t\tdata-wp-style--top=\"state.imageButtonTop\"\n\t\t>\n\t\t\t<svg xmlns=\"http:\/\/www.w3.org\/2000\/svg\" width=\"12\" height=\"12\" fill=\"none\" viewBox=\"0 0 12 12\">\n\t\t\t\t<path fill=\"#fff\" d=\"M2 0a2 2 0 0 0-2 2v2h1.5V2a.5.5 0 0 1 .5-.5h2V0H2Zm2 10.5H2a.5.5 0 0 1-.5-.5V8H0v2a2 2 0 0 0 2 2h2v-1.5ZM8 12v-1.5h2a.5.5 0 0 0 .5-.5V8H12v2a2 2 0 0 1-2 2H8Zm2-12a2 2 0 0 1 2 2v2h-1.5V2a.5.5 0 0 0-.5-.5H8V0h2Z\" \/>\n\t\t\t<\/svg>\n\t\t<\/button><figcaption class=\"wp-element-caption\"><strong><a href=\"https:\/\/parkolik.com\/index.php\/orman-serisi-par-1004\/\" data-type=\"page\" data-id=\"2678\"><strong><strong><strong><strong>Orman<\/strong><\/strong> <\/strong>Serisi<\/strong> <br>Par 1004<\/a><\/strong><\/figcaption><\/figure>\n\n\n\n<figure data-wp-context=\"{&quot;imageId&quot;:&quot;69e2561f955c8&quot;}\" data-wp-interactive=\"core\/image\" data-wp-key=\"69e2561f955c8\" class=\"wp-block-image size-full is-resized is-style-rounded wp-lightbox-container\"><img loading=\"lazy\" decoding=\"async\" width=\"300\" height=\"300\" data-wp-class--hide=\"state.isContentHidden\" data-wp-class--show=\"state.isContentVisible\" data-wp-init=\"callbacks.setButtonStyles\" data-wp-on--click=\"actions.showLightbox\" data-wp-on--load=\"callbacks.setButtonStyles\" data-wp-on-window--resize=\"callbacks.setButtonStyles\" data-id=\"2690\" src=\"https:\/\/parkolik.com\/wp-content\/uploads\/2025\/06\/PIP-404-300x300-1.jpg\" alt=\"\" class=\"wp-image-2690\" style=\"object-fit:cover;width:220px;height:200px\" srcset=\"https:\/\/parkolik.com\/wp-content\/uploads\/2025\/06\/PIP-404-300x300-1.jpg 300w, https:\/\/parkolik.com\/wp-content\/uploads\/2025\/06\/PIP-404-300x300-1-150x150.jpg 150w\" sizes=\"auto, (max-width: 300px) 100vw, 300px\" \/><button\n\t\t\tclass=\"lightbox-trigger\"\n\t\t\ttype=\"button\"\n\t\t\taria-haspopup=\"dialog\"\n\t\t\taria-label=\"B\u00fcy\u00fct\"\n\t\t\tdata-wp-init=\"callbacks.initTriggerButton\"\n\t\t\tdata-wp-on--click=\"actions.showLightbox\"\n\t\t\tdata-wp-style--right=\"state.imageButtonRight\"\n\t\t\tdata-wp-style--top=\"state.imageButtonTop\"\n\t\t>\n\t\t\t<svg xmlns=\"http:\/\/www.w3.org\/2000\/svg\" width=\"12\" height=\"12\" fill=\"none\" viewBox=\"0 0 12 12\">\n\t\t\t\t<path fill=\"#fff\" d=\"M2 0a2 2 0 0 0-2 2v2h1.5V2a.5.5 0 0 1 .5-.5h2V0H2Zm2 10.5H2a.5.5 0 0 1-.5-.5V8H0v2a2 2 0 0 0 2 2h2v-1.5ZM8 12v-1.5h2a.5.5 0 0 0 .5-.5V8H12v2a2 2 0 0 1-2 2H8Zm2-12a2 2 0 0 1 2 2v2h-1.5V2a.5.5 0 0 0-.5-.5H8V0h2Z\" \/>\n\t\t\t<\/svg>\n\t\t<\/button><figcaption class=\"wp-element-caption\"><strong><a href=\"https:\/\/parkolik.com\/index.php\/orman-serisi-par-1005\/\" data-type=\"page\" data-id=\"2680\">Orman Serisi <br>Par 1005<\/a><\/strong><\/figcaption><\/figure>\n\n\n\n<figure data-wp-context=\"{&quot;imageId&quot;:&quot;69e2561f95f8c&quot;}\" data-wp-interactive=\"core\/image\" data-wp-key=\"69e2561f95f8c\" class=\"wp-block-image size-full is-resized is-style-rounded wp-lightbox-container\"><img loading=\"lazy\" decoding=\"async\" width=\"300\" height=\"300\" data-wp-class--hide=\"state.isContentHidden\" data-wp-class--show=\"state.isContentVisible\" data-wp-init=\"callbacks.setButtonStyles\" data-wp-on--click=\"actions.showLightbox\" data-wp-on--load=\"callbacks.setButtonStyles\" data-wp-on-window--resize=\"callbacks.setButtonStyles\" data-id=\"2691\" src=\"https:\/\/parkolik.com\/wp-content\/uploads\/2025\/06\/PIP-405-300x300-1.jpg\" alt=\"\" class=\"wp-image-2691\" style=\"object-fit:cover;width:220px;height:200px\" srcset=\"https:\/\/parkolik.com\/wp-content\/uploads\/2025\/06\/PIP-405-300x300-1.jpg 300w, https:\/\/parkolik.com\/wp-content\/uploads\/2025\/06\/PIP-405-300x300-1-150x150.jpg 150w\" sizes=\"auto, (max-width: 300px) 100vw, 300px\" \/><button\n\t\t\tclass=\"lightbox-trigger\"\n\t\t\ttype=\"button\"\n\t\t\taria-haspopup=\"dialog\"\n\t\t\taria-label=\"B\u00fcy\u00fct\"\n\t\t\tdata-wp-init=\"callbacks.initTriggerButton\"\n\t\t\tdata-wp-on--click=\"actions.showLightbox\"\n\t\t\tdata-wp-style--right=\"state.imageButtonRight\"\n\t\t\tdata-wp-style--top=\"state.imageButtonTop\"\n\t\t>\n\t\t\t<svg xmlns=\"http:\/\/www.w3.org\/2000\/svg\" width=\"12\" height=\"12\" fill=\"none\" viewBox=\"0 0 12 12\">\n\t\t\t\t<path fill=\"#fff\" d=\"M2 0a2 2 0 0 0-2 2v2h1.5V2a.5.5 0 0 1 .5-.5h2V0H2Zm2 10.5H2a.5.5 0 0 1-.5-.5V8H0v2a2 2 0 0 0 2 2h2v-1.5ZM8 12v-1.5h2a.5.5 0 0 0 .5-.5V8H12v2a2 2 0 0 1-2 2H8Zm2-12a2 2 0 0 1 2 2v2h-1.5V2a.5.5 0 0 0-.5-.5H8V0h2Z\" \/>\n\t\t\t<\/svg>\n\t\t<\/button><figcaption class=\"wp-element-caption\"><strong><a href=\"https:\/\/parkolik.com\/index.php\/orman-serisi-par-1006\/\" data-type=\"page\" data-id=\"2682\">Orman Serisi <br>Par 1006<\/a><\/strong><\/figcaption><\/figure>\n<\/figure>\n\n\n\n<hr class=\"wp-block-separator has-alpha-channel-opacity\"\/>\n\n\n\n<h3 class=\"wp-block-heading\">\ud83c\udf33 <strong>Orman Serisi: Do\u011fan\u0131n Kalbinde Macera<\/strong><\/h3>\n\n\n\n<p><strong>Orman Serisi<\/strong>, \u00e7ocuklara \u015fehir i\u00e7inde ger\u00e7ek bir orman atmosferi ya\u015fatan tematik bir oyun park\u0131 serisidir. A\u011fa\u00e7 fig\u00fcrleri, hayvan motifleri, ah\u015fap dokular ve do\u011fal renk paletiyle tasarlanan bu seri, \u00e7ocuklara hem e\u011flenme hem de do\u011fayla ba\u011f kurma f\u0131rsat\u0131 sunar.<\/p>\n\n\n\n<hr class=\"wp-block-separator has-alpha-channel-opacity\"\/>\n\n\n\n<h4 class=\"wp-block-heading\">\ud83d\udc3f\ufe0f <strong>Do\u011fayla \u0130\u00e7 \u0130\u00e7e Oyun Deneyimi<\/strong><\/h4>\n\n\n\n<p>Orman Serisi; a\u011fa\u00e7 evler, asma k\u00f6pr\u00fcler, t\u0131rmanma a\u011flar\u0131 ve mini ke\u015fif yollar\u0131yla \u00e7ocuklar\u0131 maceraya davet eder. Ku\u015flar, sincaplar, tav\u015fanlar gibi sevimli hayvan fig\u00fcrleri \u00e7ocuklar\u0131n oyun d\u00fcnyas\u0131na renk katar.<\/p>\n\n\n\n<hr class=\"wp-block-separator has-alpha-channel-opacity\"\/>\n\n\n\n<h4 class=\"wp-block-heading\">\ud83e\udde0 <strong>Hayal G\u00fcc\u00fc ve Fiziksel Aktivite Bir Arada<\/strong><\/h4>\n\n\n\n<p>Bu seri, \u00e7ocuklar\u0131n ke\u015ffetme iste\u011fini art\u0131r\u0131r, tak\u0131m oyunlar\u0131yla sosyal etkile\u015fimi destekler, t\u0131rmanma, kayma, z\u0131plama gibi hareketlerle motor becerilerini geli\u015ftirir.<\/p>\n\n\n\n<hr class=\"wp-block-separator has-alpha-channel-opacity\"\/>\n\n\n\n<h4 class=\"wp-block-heading\">\ud83c\udf3f <strong>Do\u011fal Malzeme, G\u00fcvenli Yap\u0131<\/strong><\/h4>\n\n\n\n<p>Orman Serisi; ah\u015fap dokulu dayan\u0131kl\u0131 malzemelerle \u00fcretilir. Sivri kenarlar yoktur, zeminler kaymazd\u0131r. T\u00fcm ekipmanlar \u00e7ocuk sa\u011fl\u0131\u011f\u0131na uygundur ve EN1176 g\u00fcvenlik standartlar\u0131na g\u00f6re \u00fcretilir.<\/p>\n\n\n\n<hr class=\"wp-block-separator has-alpha-channel-opacity\"\/>\n\n\n\n<h4 class=\"wp-block-heading\">\ud83c\udfa8 <strong>Estetik ve S\u00fcrd\u00fcr\u00fclebilir<\/strong><\/h4>\n\n\n\n<p>Do\u011fal renkler, ah\u015fap g\u00f6r\u00fcn\u00fcml\u00fc yap\u0131lar ve ye\u015fil tonlar\u0131yla park alanlar\u0131na s\u0131cak ve huzurlu bir g\u00f6r\u00fcn\u00fcm kazand\u0131r\u0131r. Orman temas\u0131, \u00e7evre bilincini de peki\u015ftirir.<\/p>\n\n\n\n<hr class=\"wp-block-separator has-alpha-channel-opacity\"\/>\n\n\n\n<h4 class=\"wp-block-heading\">\ud83d\udccd <strong>Kullan\u0131m Alanlar\u0131<\/strong><\/h4>\n\n\n\n<ul class=\"wp-block-list\">\n<li>B\u00fcy\u00fck \u015fehir parklar\u0131<\/li>\n\n\n\n<li>Do\u011fa temal\u0131 ya\u015fam alanlar\u0131<\/li>\n\n\n\n<li>Kamp\u00fcs ve okul bah\u00e7eleri<\/li>\n\n\n\n<li>K\u00f6y parklar\u0131 ve k\u0131rsal projeler<\/li>\n\n\n\n<li>Rekreasyon alanlar\u0131 ve do\u011fal y\u00fcr\u00fcy\u00fc\u015f yollar\u0131 \u00e7evresi<\/li>\n<\/ul>\n\n\n\n<hr class=\"wp-block-separator has-alpha-channel-opacity\"\/>\n\n\n\n<h3 class=\"wp-block-heading\">\u2728 <strong>\u201cOrman Serisi: \u015eehirde Do\u011faya A\u00e7\u0131lan Kap\u0131!\u201d<\/strong><\/h3>\n\n\n\n<p><strong>Orman Serisi<\/strong>, \u00e7ocuklara do\u011fay\u0131 tan\u0131ma, ke\u015ffetme ve oyunla \u00f6\u011frenme f\u0131rsat\u0131 sunar. Hem estetik hem e\u011fitici bu tematik seri, bulundu\u011fu alana benzersiz bir de\u011fer katar.<\/p>\n","protected":false},"excerpt":{"rendered":"<p>\ud83c\udf33 Orman Serisi: Do\u011fan\u0131n Kalbinde Macera Orman Serisi, \u00e7ocuklara \u015fehir i\u00e7inde ger\u00e7ek bir orman atmosferi ya\u015fatan tematik bir oyun park\u0131 serisidir. A\u011fa\u00e7 fig\u00fcrleri, hayvan motifleri, ah\u015fap dokular ve do\u011fal renk paletiyle tasarlanan bu seri, \u00e7ocuklara hem e\u011flenme hem de do\u011fayla ba\u011f kurma f\u0131rsat\u0131 sunar. \ud83d\udc3f\ufe0f Do\u011fayla \u0130\u00e7 \u0130\u00e7e Oyun Deneyimi Orman Serisi; a\u011fa\u00e7 evler, asma [&hellip;]<\/p>\n","protected":false},"author":1,"featured_media":0,"parent":0,"menu_order":0,"comment_status":"closed","ping_status":"closed","template":"","meta":{"footnotes":""},"class_list":["post-1831","page","type-page","status-publish","hentry"],"_links":{"self":[{"href":"https:\/\/parkolik.com\/index.php\/wp-json\/wp\/v2\/pages\/1831","targetHints":{"allow":["GET"]}}],"collection":[{"href":"https:\/\/parkolik.com\/index.php\/wp-json\/wp\/v2\/pages"}],"about":[{"href":"https:\/\/parkolik.com\/index.php\/wp-json\/wp\/v2\/types\/page"}],"author":[{"embeddable":true,"href":"https:\/\/parkolik.com\/index.php\/wp-json\/wp\/v2\/users\/1"}],"replies":[{"embeddable":true,"href":"https:\/\/parkolik.com\/index.php\/wp-json\/wp\/v2\/comments?post=1831"}],"version-history":[{"count":3,"href":"https:\/\/parkolik.com\/index.php\/wp-json\/wp\/v2\/pages\/1831\/revisions"}],"predecessor-version":[{"id":2692,"href":"https:\/\/parkolik.com\/index.php\/wp-json\/wp\/v2\/pages\/1831\/revisions\/2692"}],"wp:attachment":[{"href":"https:\/\/parkolik.com\/index.php\/wp-json\/wp\/v2\/media?parent=1831"}],"curies":[{"name":"wp","href":"https:\/\/api.w.org\/{rel}","templated":true}]}}