{"id":1835,"date":"2025-06-20T06:12:55","date_gmt":"2025-06-20T03:12:55","guid":{"rendered":"https:\/\/parkolik.com\/?page_id=1835"},"modified":"2025-07-01T07:16:38","modified_gmt":"2025-07-01T04:16:38","slug":"tirmanma-serisi","status":"publish","type":"page","link":"https:\/\/parkolik.com\/index.php\/tirmanma-serisi\/","title":{"rendered":"T\u0131rmanma Serisi"},"content":{"rendered":"\n<figure class=\"wp-block-gallery has-nested-images columns-default is-cropped wp-block-gallery-2 is-layout-flex wp-block-gallery-is-layout-flex\">\n<figure data-wp-context=\"{&quot;imageId&quot;:&quot;69e2408869195&quot;}\" data-wp-interactive=\"core\/image\" data-wp-key=\"69e2408869195\" class=\"wp-block-image size-full is-resized is-style-rounded wp-duotone-unset-1 wp-lightbox-container\"><img loading=\"lazy\" decoding=\"async\" width=\"300\" height=\"300\" data-wp-class--hide=\"state.isContentHidden\" data-wp-class--show=\"state.isContentVisible\" data-wp-init=\"callbacks.setButtonStyles\" data-wp-on--click=\"actions.showLightbox\" data-wp-on--load=\"callbacks.setButtonStyles\" data-wp-on-window--resize=\"callbacks.setButtonStyles\" data-id=\"2811\" src=\"https:\/\/parkolik.com\/wp-content\/uploads\/2025\/07\/PBT-100-300x300-1.jpg\" alt=\"\" class=\"wp-image-2811\" style=\"object-fit:cover;width:220px;height:200px\" srcset=\"https:\/\/parkolik.com\/wp-content\/uploads\/2025\/07\/PBT-100-300x300-1.jpg 300w, https:\/\/parkolik.com\/wp-content\/uploads\/2025\/07\/PBT-100-300x300-1-150x150.jpg 150w\" sizes=\"auto, (max-width: 300px) 100vw, 300px\" \/><button\n\t\t\tclass=\"lightbox-trigger\"\n\t\t\ttype=\"button\"\n\t\t\taria-haspopup=\"dialog\"\n\t\t\taria-label=\"B\u00fcy\u00fct\"\n\t\t\tdata-wp-init=\"callbacks.initTriggerButton\"\n\t\t\tdata-wp-on--click=\"actions.showLightbox\"\n\t\t\tdata-wp-style--right=\"state.imageButtonRight\"\n\t\t\tdata-wp-style--top=\"state.imageButtonTop\"\n\t\t>\n\t\t\t<svg xmlns=\"http:\/\/www.w3.org\/2000\/svg\" width=\"12\" height=\"12\" fill=\"none\" viewBox=\"0 0 12 12\">\n\t\t\t\t<path fill=\"#fff\" d=\"M2 0a2 2 0 0 0-2 2v2h1.5V2a.5.5 0 0 1 .5-.5h2V0H2Zm2 10.5H2a.5.5 0 0 1-.5-.5V8H0v2a2 2 0 0 0 2 2h2v-1.5ZM8 12v-1.5h2a.5.5 0 0 0 .5-.5V8H12v2a2 2 0 0 1-2 2H8Zm2-12a2 2 0 0 1 2 2v2h-1.5V2a.5.5 0 0 0-.5-.5H8V0h2Z\" \/>\n\t\t\t<\/svg>\n\t\t<\/button><figcaption class=\"wp-element-caption\"><strong><a href=\"https:\/\/parkolik.com\/index.php\/tirmanma-serisi-par-1001\/\" data-type=\"page\" data-id=\"2820\">T\u0131rmanma Serisi <br>Par 1001<\/a><\/strong><\/figcaption><\/figure>\n\n\n\n<figure data-wp-context=\"{&quot;imageId&quot;:&quot;69e240886a8a8&quot;}\" data-wp-interactive=\"core\/image\" data-wp-key=\"69e240886a8a8\" class=\"wp-block-image size-full is-resized is-style-rounded wp-lightbox-container\"><img loading=\"lazy\" decoding=\"async\" width=\"300\" height=\"300\" data-wp-class--hide=\"state.isContentHidden\" data-wp-class--show=\"state.isContentVisible\" data-wp-init=\"callbacks.setButtonStyles\" data-wp-on--click=\"actions.showLightbox\" data-wp-on--load=\"callbacks.setButtonStyles\" data-wp-on-window--resize=\"callbacks.setButtonStyles\" data-id=\"2812\" src=\"https:\/\/parkolik.com\/wp-content\/uploads\/2025\/07\/PBT-101-300x300-1.jpg\" alt=\"\" class=\"wp-image-2812\" style=\"object-fit:cover;width:200px;height:200px\" srcset=\"https:\/\/parkolik.com\/wp-content\/uploads\/2025\/07\/PBT-101-300x300-1.jpg 300w, https:\/\/parkolik.com\/wp-content\/uploads\/2025\/07\/PBT-101-300x300-1-150x150.jpg 150w\" sizes=\"auto, (max-width: 300px) 100vw, 300px\" \/><button\n\t\t\tclass=\"lightbox-trigger\"\n\t\t\ttype=\"button\"\n\t\t\taria-haspopup=\"dialog\"\n\t\t\taria-label=\"B\u00fcy\u00fct\"\n\t\t\tdata-wp-init=\"callbacks.initTriggerButton\"\n\t\t\tdata-wp-on--click=\"actions.showLightbox\"\n\t\t\tdata-wp-style--right=\"state.imageButtonRight\"\n\t\t\tdata-wp-style--top=\"state.imageButtonTop\"\n\t\t>\n\t\t\t<svg xmlns=\"http:\/\/www.w3.org\/2000\/svg\" width=\"12\" height=\"12\" fill=\"none\" viewBox=\"0 0 12 12\">\n\t\t\t\t<path fill=\"#fff\" d=\"M2 0a2 2 0 0 0-2 2v2h1.5V2a.5.5 0 0 1 .5-.5h2V0H2Zm2 10.5H2a.5.5 0 0 1-.5-.5V8H0v2a2 2 0 0 0 2 2h2v-1.5ZM8 12v-1.5h2a.5.5 0 0 0 .5-.5V8H12v2a2 2 0 0 1-2 2H8Zm2-12a2 2 0 0 1 2 2v2h-1.5V2a.5.5 0 0 0-.5-.5H8V0h2Z\" \/>\n\t\t\t<\/svg>\n\t\t<\/button><figcaption class=\"wp-element-caption\"><strong><a href=\"https:\/\/parkolik.com\/index.php\/tirmanma-serisi-par-1002\/\" data-type=\"page\" data-id=\"2822\">T\u0131rmanma Serisi <br>Par 1002<\/a><\/strong><\/figcaption><\/figure>\n\n\n\n<figure data-wp-context=\"{&quot;imageId&quot;:&quot;69e240887a745&quot;}\" data-wp-interactive=\"core\/image\" data-wp-key=\"69e240887a745\" class=\"wp-block-image size-full is-resized is-style-rounded wp-lightbox-container\"><img loading=\"lazy\" decoding=\"async\" width=\"300\" height=\"300\" data-wp-class--hide=\"state.isContentHidden\" data-wp-class--show=\"state.isContentVisible\" data-wp-init=\"callbacks.setButtonStyles\" data-wp-on--click=\"actions.showLightbox\" data-wp-on--load=\"callbacks.setButtonStyles\" data-wp-on-window--resize=\"callbacks.setButtonStyles\" data-id=\"2813\" src=\"https:\/\/parkolik.com\/wp-content\/uploads\/2025\/07\/PBT-102-300x300-1.jpg\" alt=\"\" class=\"wp-image-2813\" style=\"object-fit:cover;width:200px;height:200px\" srcset=\"https:\/\/parkolik.com\/wp-content\/uploads\/2025\/07\/PBT-102-300x300-1.jpg 300w, https:\/\/parkolik.com\/wp-content\/uploads\/2025\/07\/PBT-102-300x300-1-150x150.jpg 150w\" sizes=\"auto, (max-width: 300px) 100vw, 300px\" \/><button\n\t\t\tclass=\"lightbox-trigger\"\n\t\t\ttype=\"button\"\n\t\t\taria-haspopup=\"dialog\"\n\t\t\taria-label=\"B\u00fcy\u00fct\"\n\t\t\tdata-wp-init=\"callbacks.initTriggerButton\"\n\t\t\tdata-wp-on--click=\"actions.showLightbox\"\n\t\t\tdata-wp-style--right=\"state.imageButtonRight\"\n\t\t\tdata-wp-style--top=\"state.imageButtonTop\"\n\t\t>\n\t\t\t<svg xmlns=\"http:\/\/www.w3.org\/2000\/svg\" width=\"12\" height=\"12\" fill=\"none\" viewBox=\"0 0 12 12\">\n\t\t\t\t<path fill=\"#fff\" d=\"M2 0a2 2 0 0 0-2 2v2h1.5V2a.5.5 0 0 1 .5-.5h2V0H2Zm2 10.5H2a.5.5 0 0 1-.5-.5V8H0v2a2 2 0 0 0 2 2h2v-1.5ZM8 12v-1.5h2a.5.5 0 0 0 .5-.5V8H12v2a2 2 0 0 1-2 2H8Zm2-12a2 2 0 0 1 2 2v2h-1.5V2a.5.5 0 0 0-.5-.5H8V0h2Z\" \/>\n\t\t\t<\/svg>\n\t\t<\/button><figcaption class=\"wp-element-caption\"><strong><a href=\"https:\/\/parkolik.com\/index.php\/tirmanma-serisi-par-1003\/\" data-type=\"page\" data-id=\"2824\">T\u0131rmanma Serisi <br>Par 1003<\/a><\/strong><\/figcaption><\/figure>\n\n\n\n<figure data-wp-context=\"{&quot;imageId&quot;:&quot;69e240887d5fb&quot;}\" data-wp-interactive=\"core\/image\" data-wp-key=\"69e240887d5fb\" class=\"wp-block-image size-full is-resized is-style-rounded wp-lightbox-container\"><img loading=\"lazy\" decoding=\"async\" width=\"300\" height=\"300\" data-wp-class--hide=\"state.isContentHidden\" data-wp-class--show=\"state.isContentVisible\" data-wp-init=\"callbacks.setButtonStyles\" data-wp-on--click=\"actions.showLightbox\" data-wp-on--load=\"callbacks.setButtonStyles\" data-wp-on-window--resize=\"callbacks.setButtonStyles\" data-id=\"2814\" src=\"https:\/\/parkolik.com\/wp-content\/uploads\/2025\/07\/PBT-103-300x300-1.jpg\" alt=\"\" class=\"wp-image-2814\" style=\"object-fit:cover;width:220px;height:200px\" srcset=\"https:\/\/parkolik.com\/wp-content\/uploads\/2025\/07\/PBT-103-300x300-1.jpg 300w, https:\/\/parkolik.com\/wp-content\/uploads\/2025\/07\/PBT-103-300x300-1-150x150.jpg 150w\" sizes=\"auto, (max-width: 300px) 100vw, 300px\" \/><button\n\t\t\tclass=\"lightbox-trigger\"\n\t\t\ttype=\"button\"\n\t\t\taria-haspopup=\"dialog\"\n\t\t\taria-label=\"B\u00fcy\u00fct\"\n\t\t\tdata-wp-init=\"callbacks.initTriggerButton\"\n\t\t\tdata-wp-on--click=\"actions.showLightbox\"\n\t\t\tdata-wp-style--right=\"state.imageButtonRight\"\n\t\t\tdata-wp-style--top=\"state.imageButtonTop\"\n\t\t>\n\t\t\t<svg xmlns=\"http:\/\/www.w3.org\/2000\/svg\" width=\"12\" height=\"12\" fill=\"none\" viewBox=\"0 0 12 12\">\n\t\t\t\t<path fill=\"#fff\" d=\"M2 0a2 2 0 0 0-2 2v2h1.5V2a.5.5 0 0 1 .5-.5h2V0H2Zm2 10.5H2a.5.5 0 0 1-.5-.5V8H0v2a2 2 0 0 0 2 2h2v-1.5ZM8 12v-1.5h2a.5.5 0 0 0 .5-.5V8H12v2a2 2 0 0 1-2 2H8Zm2-12a2 2 0 0 1 2 2v2h-1.5V2a.5.5 0 0 0-.5-.5H8V0h2Z\" \/>\n\t\t\t<\/svg>\n\t\t<\/button><figcaption class=\"wp-element-caption\"><strong><a href=\"https:\/\/parkolik.com\/index.php\/tirmanma-serisi-par-1004\/\" data-type=\"page\" data-id=\"2826\"><strong><strong><strong>T\u0131rmanma<\/strong><\/strong> Serisi<\/strong> <br>Par 1004<\/a><\/strong><\/figcaption><\/figure>\n\n\n\n<figure data-wp-context=\"{&quot;imageId&quot;:&quot;69e240887eb10&quot;}\" data-wp-interactive=\"core\/image\" data-wp-key=\"69e240887eb10\" class=\"wp-block-image size-full is-resized is-style-rounded wp-lightbox-container\"><img loading=\"lazy\" decoding=\"async\" width=\"300\" height=\"300\" data-wp-class--hide=\"state.isContentHidden\" data-wp-class--show=\"state.isContentVisible\" data-wp-init=\"callbacks.setButtonStyles\" data-wp-on--click=\"actions.showLightbox\" data-wp-on--load=\"callbacks.setButtonStyles\" data-wp-on-window--resize=\"callbacks.setButtonStyles\" data-id=\"2815\" src=\"https:\/\/parkolik.com\/wp-content\/uploads\/2025\/07\/PKT-100-300x300-1.jpg\" alt=\"\" class=\"wp-image-2815\" style=\"object-fit:cover;width:220px;height:200px\" srcset=\"https:\/\/parkolik.com\/wp-content\/uploads\/2025\/07\/PKT-100-300x300-1.jpg 300w, https:\/\/parkolik.com\/wp-content\/uploads\/2025\/07\/PKT-100-300x300-1-150x150.jpg 150w\" sizes=\"auto, (max-width: 300px) 100vw, 300px\" \/><button\n\t\t\tclass=\"lightbox-trigger\"\n\t\t\ttype=\"button\"\n\t\t\taria-haspopup=\"dialog\"\n\t\t\taria-label=\"B\u00fcy\u00fct\"\n\t\t\tdata-wp-init=\"callbacks.initTriggerButton\"\n\t\t\tdata-wp-on--click=\"actions.showLightbox\"\n\t\t\tdata-wp-style--right=\"state.imageButtonRight\"\n\t\t\tdata-wp-style--top=\"state.imageButtonTop\"\n\t\t>\n\t\t\t<svg xmlns=\"http:\/\/www.w3.org\/2000\/svg\" width=\"12\" height=\"12\" fill=\"none\" viewBox=\"0 0 12 12\">\n\t\t\t\t<path fill=\"#fff\" d=\"M2 0a2 2 0 0 0-2 2v2h1.5V2a.5.5 0 0 1 .5-.5h2V0H2Zm2 10.5H2a.5.5 0 0 1-.5-.5V8H0v2a2 2 0 0 0 2 2h2v-1.5ZM8 12v-1.5h2a.5.5 0 0 0 .5-.5V8H12v2a2 2 0 0 1-2 2H8Zm2-12a2 2 0 0 1 2 2v2h-1.5V2a.5.5 0 0 0-.5-.5H8V0h2Z\" \/>\n\t\t\t<\/svg>\n\t\t<\/button><figcaption class=\"wp-element-caption\"><strong><a href=\"https:\/\/parkolik.com\/index.php\/tirmanma-serisi-par-1005\/\" data-type=\"page\" data-id=\"2828\">T\u0131rmanma Serisi <br>Par 1005<\/a><\/strong><\/figcaption><\/figure>\n\n\n\n<figure data-wp-context=\"{&quot;imageId&quot;:&quot;69e240888096c&quot;}\" data-wp-interactive=\"core\/image\" data-wp-key=\"69e240888096c\" class=\"wp-block-image size-full is-resized is-style-rounded wp-lightbox-container\"><img loading=\"lazy\" decoding=\"async\" width=\"300\" height=\"300\" data-wp-class--hide=\"state.isContentHidden\" data-wp-class--show=\"state.isContentVisible\" data-wp-init=\"callbacks.setButtonStyles\" data-wp-on--click=\"actions.showLightbox\" data-wp-on--load=\"callbacks.setButtonStyles\" data-wp-on-window--resize=\"callbacks.setButtonStyles\" data-id=\"2816\" src=\"https:\/\/parkolik.com\/wp-content\/uploads\/2025\/07\/PKT-101-300x300-1.jpg\" alt=\"\" class=\"wp-image-2816\" style=\"object-fit:cover;width:220px;height:200px\" srcset=\"https:\/\/parkolik.com\/wp-content\/uploads\/2025\/07\/PKT-101-300x300-1.jpg 300w, https:\/\/parkolik.com\/wp-content\/uploads\/2025\/07\/PKT-101-300x300-1-150x150.jpg 150w\" sizes=\"auto, (max-width: 300px) 100vw, 300px\" \/><button\n\t\t\tclass=\"lightbox-trigger\"\n\t\t\ttype=\"button\"\n\t\t\taria-haspopup=\"dialog\"\n\t\t\taria-label=\"B\u00fcy\u00fct\"\n\t\t\tdata-wp-init=\"callbacks.initTriggerButton\"\n\t\t\tdata-wp-on--click=\"actions.showLightbox\"\n\t\t\tdata-wp-style--right=\"state.imageButtonRight\"\n\t\t\tdata-wp-style--top=\"state.imageButtonTop\"\n\t\t>\n\t\t\t<svg xmlns=\"http:\/\/www.w3.org\/2000\/svg\" width=\"12\" height=\"12\" fill=\"none\" viewBox=\"0 0 12 12\">\n\t\t\t\t<path fill=\"#fff\" d=\"M2 0a2 2 0 0 0-2 2v2h1.5V2a.5.5 0 0 1 .5-.5h2V0H2Zm2 10.5H2a.5.5 0 0 1-.5-.5V8H0v2a2 2 0 0 0 2 2h2v-1.5ZM8 12v-1.5h2a.5.5 0 0 0 .5-.5V8H12v2a2 2 0 0 1-2 2H8Zm2-12a2 2 0 0 1 2 2v2h-1.5V2a.5.5 0 0 0-.5-.5H8V0h2Z\" \/>\n\t\t\t<\/svg>\n\t\t<\/button><figcaption class=\"wp-element-caption\"><strong><a href=\"https:\/\/parkolik.com\/index.php\/tirmanma-serisi-par-1006\/\" data-type=\"page\" data-id=\"2830\">T\u0131rmanma Serisi <br>Par 100<\/a>6<\/strong><\/figcaption><\/figure>\n\n\n\n<figure data-wp-context=\"{&quot;imageId&quot;:&quot;69e2408895d4a&quot;}\" data-wp-interactive=\"core\/image\" data-wp-key=\"69e2408895d4a\" class=\"wp-block-image size-full is-resized is-style-rounded wp-lightbox-container\"><img loading=\"lazy\" decoding=\"async\" width=\"300\" height=\"300\" data-wp-class--hide=\"state.isContentHidden\" data-wp-class--show=\"state.isContentVisible\" data-wp-init=\"callbacks.setButtonStyles\" data-wp-on--click=\"actions.showLightbox\" data-wp-on--load=\"callbacks.setButtonStyles\" data-wp-on-window--resize=\"callbacks.setButtonStyles\" data-id=\"2818\" src=\"https:\/\/parkolik.com\/wp-content\/uploads\/2025\/07\/PKT-102-300x300-1.jpg\" alt=\"\" class=\"wp-image-2818\" style=\"object-fit:cover;width:220px;height:200px\" srcset=\"https:\/\/parkolik.com\/wp-content\/uploads\/2025\/07\/PKT-102-300x300-1.jpg 300w, https:\/\/parkolik.com\/wp-content\/uploads\/2025\/07\/PKT-102-300x300-1-150x150.jpg 150w\" sizes=\"auto, (max-width: 300px) 100vw, 300px\" \/><button\n\t\t\tclass=\"lightbox-trigger\"\n\t\t\ttype=\"button\"\n\t\t\taria-haspopup=\"dialog\"\n\t\t\taria-label=\"B\u00fcy\u00fct\"\n\t\t\tdata-wp-init=\"callbacks.initTriggerButton\"\n\t\t\tdata-wp-on--click=\"actions.showLightbox\"\n\t\t\tdata-wp-style--right=\"state.imageButtonRight\"\n\t\t\tdata-wp-style--top=\"state.imageButtonTop\"\n\t\t>\n\t\t\t<svg xmlns=\"http:\/\/www.w3.org\/2000\/svg\" width=\"12\" height=\"12\" fill=\"none\" viewBox=\"0 0 12 12\">\n\t\t\t\t<path fill=\"#fff\" d=\"M2 0a2 2 0 0 0-2 2v2h1.5V2a.5.5 0 0 1 .5-.5h2V0H2Zm2 10.5H2a.5.5 0 0 1-.5-.5V8H0v2a2 2 0 0 0 2 2h2v-1.5ZM8 12v-1.5h2a.5.5 0 0 0 .5-.5V8H12v2a2 2 0 0 1-2 2H8Zm2-12a2 2 0 0 1 2 2v2h-1.5V2a.5.5 0 0 0-.5-.5H8V0h2Z\" \/>\n\t\t\t<\/svg>\n\t\t<\/button><figcaption class=\"wp-element-caption\"><strong><a href=\"https:\/\/parkolik.com\/index.php\/tirmanma-serisi-par-1007\/\" data-type=\"page\" data-id=\"2832\">T\u0131rmanma Serisi <br>Par 1007<\/a><\/strong><\/figcaption><\/figure>\n\n\n\n<figure data-wp-context=\"{&quot;imageId&quot;:&quot;69e24088975cf&quot;}\" data-wp-interactive=\"core\/image\" data-wp-key=\"69e24088975cf\" class=\"wp-block-image size-full is-resized is-style-rounded wp-lightbox-container\"><img loading=\"lazy\" decoding=\"async\" width=\"300\" height=\"300\" data-wp-class--hide=\"state.isContentHidden\" data-wp-class--show=\"state.isContentVisible\" data-wp-init=\"callbacks.setButtonStyles\" data-wp-on--click=\"actions.showLightbox\" data-wp-on--load=\"callbacks.setButtonStyles\" data-wp-on-window--resize=\"callbacks.setButtonStyles\" data-id=\"2819\" src=\"https:\/\/parkolik.com\/wp-content\/uploads\/2025\/07\/PKT-103jpg-300x300-1.jpg\" alt=\"\" class=\"wp-image-2819\" style=\"object-fit:cover;width:220px;height:200px\" srcset=\"https:\/\/parkolik.com\/wp-content\/uploads\/2025\/07\/PKT-103jpg-300x300-1.jpg 300w, https:\/\/parkolik.com\/wp-content\/uploads\/2025\/07\/PKT-103jpg-300x300-1-150x150.jpg 150w\" sizes=\"auto, (max-width: 300px) 100vw, 300px\" \/><button\n\t\t\tclass=\"lightbox-trigger\"\n\t\t\ttype=\"button\"\n\t\t\taria-haspopup=\"dialog\"\n\t\t\taria-label=\"B\u00fcy\u00fct\"\n\t\t\tdata-wp-init=\"callbacks.initTriggerButton\"\n\t\t\tdata-wp-on--click=\"actions.showLightbox\"\n\t\t\tdata-wp-style--right=\"state.imageButtonRight\"\n\t\t\tdata-wp-style--top=\"state.imageButtonTop\"\n\t\t>\n\t\t\t<svg xmlns=\"http:\/\/www.w3.org\/2000\/svg\" width=\"12\" height=\"12\" fill=\"none\" viewBox=\"0 0 12 12\">\n\t\t\t\t<path fill=\"#fff\" d=\"M2 0a2 2 0 0 0-2 2v2h1.5V2a.5.5 0 0 1 .5-.5h2V0H2Zm2 10.5H2a.5.5 0 0 1-.5-.5V8H0v2a2 2 0 0 0 2 2h2v-1.5ZM8 12v-1.5h2a.5.5 0 0 0 .5-.5V8H12v2a2 2 0 0 1-2 2H8Zm2-12a2 2 0 0 1 2 2v2h-1.5V2a.5.5 0 0 0-.5-.5H8V0h2Z\" \/>\n\t\t\t<\/svg>\n\t\t<\/button><figcaption class=\"wp-element-caption\"><strong><a href=\"https:\/\/parkolik.com\/index.php\/tirmanma-serisi-par-1008\/\" data-type=\"page\" data-id=\"2834\">T\u0131rmanma Serisi <br>Par 1008<\/a><\/strong><\/figcaption><\/figure>\n<\/figure>\n\n\n\n<hr class=\"wp-block-separator has-alpha-channel-opacity\"\/>\n\n\n\n<h3 class=\"wp-block-heading\">\ud83e\uddd7 <strong>T\u0131rmanma Serisi: Daha Y\u00fckse\u011fe, Daha G\u00fc\u00e7l\u00fc!<\/strong><\/h3>\n\n\n\n<p><strong>T\u0131rmanma Serisi<\/strong>, \u00e7ocuklara y\u00fckseklik, denge ve cesaret kavramlar\u0131n\u0131 e\u011flenceli bir \u015fekilde deneyimleme imk\u00e2n\u0131 sunan \u00f6zel tasar\u0131m bir oyun park\u0131 serisidir. Farkl\u0131 zorluk derecelerine sahip t\u0131rmanma \u00fcniteleri sayesinde \u00e7ocuklar hem fiziksel hem zihinsel olarak geli\u015fir.<\/p>\n\n\n\n<hr class=\"wp-block-separator has-alpha-channel-opacity\"\/>\n\n\n\n<h4 class=\"wp-block-heading\">\ud83d\udd17 <strong>Macera Dolu T\u0131rmanma \u00dcniteleri<\/strong><\/h4>\n\n\n\n<p>Seride;<\/p>\n\n\n\n<ul class=\"wp-block-list\">\n<li>T\u0131rmanma duvarlar\u0131,<\/li>\n\n\n\n<li>T\u0131rmanma a\u011flar\u0131,<\/li>\n\n\n\n<li>Halat merdivenler,<\/li>\n\n\n\n<li>Zorluk dereceleri de\u011fi\u015fken t\u0131rman\u0131\u015f kuleleri<br>gibi pek \u00e7ok mod\u00fcl bulunur. Her ya\u015f grubuna uygun \u00fcnitelerle \u00e7ocuklar g\u00fcvenle ke\u015ffeder, g\u00fc\u00e7lenir.<\/li>\n<\/ul>\n\n\n\n<hr class=\"wp-block-separator has-alpha-channel-opacity\"\/>\n\n\n\n<h4 class=\"wp-block-heading\">\ud83d\udcaa <strong>Fiziksel Dayan\u0131kl\u0131l\u0131\u011f\u0131 Art\u0131r\u0131r<\/strong><\/h4>\n\n\n\n<p>T\u0131rmanma Serisi, \u00e7ocuklar\u0131n kas g\u00fcc\u00fcn\u00fc, denge ve koordinasyon becerisini geli\u015ftirir. Ayn\u0131 zamanda odaklanma, problem \u00e7\u00f6zme ve stratejik d\u00fc\u015f\u00fcnme yeteneklerini destekler.<\/p>\n\n\n\n<hr class=\"wp-block-separator has-alpha-channel-opacity\"\/>\n\n\n\n<h4 class=\"wp-block-heading\">\ud83d\udee0\ufe0f <strong>Mod\u00fcler ve Uyarlanabilir Tasar\u0131m<\/strong><\/h4>\n\n\n\n<p>Mod\u00fcller, her alana ve ihtiyaca uygun \u015fekilde planlanabilir. Basit t\u0131rmanma panolar\u0131ndan karma\u015f\u0131k macera t\u0131rman\u0131\u015flar\u0131na kadar farkl\u0131 kombinasyonlar olu\u015fturulabilir.<\/p>\n\n\n\n<hr class=\"wp-block-separator has-alpha-channel-opacity\"\/>\n\n\n\n<h4 class=\"wp-block-heading\">\ud83d\udee1\ufe0f <strong>G\u00fcvenlik Her Zaman \u00d6ncelikli<\/strong><\/h4>\n\n\n\n<p>T\u00fcm t\u0131rmanma \u00fcniteleri EN1176 standartlar\u0131na uygun, kaymaz y\u00fczeyler ve darbe emici zeminlerle tasarlan\u0131r. Sa\u011flam tutunma noktalar\u0131 ve yumu\u015fak ini\u015f alanlar\u0131 sayesinde \u00e7ocuklar g\u00fcvenle t\u0131rmanabilir.<\/p>\n\n\n\n<hr class=\"wp-block-separator has-alpha-channel-opacity\"\/>\n\n\n\n<h4 class=\"wp-block-heading\">\ud83d\udccd <strong>Kullan\u0131m Alanlar\u0131<\/strong><\/h4>\n\n\n\n<ul class=\"wp-block-list\">\n<li>\u015eehir parklar\u0131<\/li>\n\n\n\n<li>Okul bah\u00e7eleri<\/li>\n\n\n\n<li>Macera parklar\u0131<\/li>\n\n\n\n<li>Spor alanlar\u0131<\/li>\n\n\n\n<li>Rekreasyon merkezleri<\/li>\n<\/ul>\n\n\n\n<hr class=\"wp-block-separator has-alpha-channel-opacity\"\/>\n\n\n\n<h3 class=\"wp-block-heading\">\u2728 <strong>\u201cT\u0131rmanma Serisi: Zirveye \u00c7\u0131k, G\u00fcc\u00fcn\u00fc Ke\u015ffet!\u201d<\/strong><\/h3>\n\n\n\n<p><strong>T\u0131rmanma Serisi<\/strong>, \u00e7ocuklara meydan okuyan, cesaretlendiren ve e\u011flenceli bir fiziksel aktivite sunar. Aktif, dinamik ve g\u00fc\u00e7l\u00fc bir oyun alan\u0131 yaratmak isteyen projeler i\u00e7in ideal bir tercihtir.<\/p>\n","protected":false},"excerpt":{"rendered":"<p>\ud83e\uddd7 T\u0131rmanma Serisi: Daha Y\u00fckse\u011fe, Daha G\u00fc\u00e7l\u00fc! T\u0131rmanma Serisi, \u00e7ocuklara y\u00fckseklik, denge ve cesaret kavramlar\u0131n\u0131 e\u011flenceli bir \u015fekilde deneyimleme imk\u00e2n\u0131 sunan \u00f6zel tasar\u0131m bir oyun park\u0131 serisidir. Farkl\u0131 zorluk derecelerine sahip t\u0131rmanma \u00fcniteleri sayesinde \u00e7ocuklar hem fiziksel hem zihinsel olarak geli\u015fir. \ud83d\udd17 Macera Dolu T\u0131rmanma \u00dcniteleri Seride; \ud83d\udcaa Fiziksel Dayan\u0131kl\u0131l\u0131\u011f\u0131 Art\u0131r\u0131r T\u0131rmanma Serisi, \u00e7ocuklar\u0131n kas [&hellip;]<\/p>\n","protected":false},"author":1,"featured_media":0,"parent":0,"menu_order":0,"comment_status":"closed","ping_status":"closed","template":"","meta":{"footnotes":""},"class_list":["post-1835","page","type-page","status-publish","hentry"],"_links":{"self":[{"href":"https:\/\/parkolik.com\/index.php\/wp-json\/wp\/v2\/pages\/1835","targetHints":{"allow":["GET"]}}],"collection":[{"href":"https:\/\/parkolik.com\/index.php\/wp-json\/wp\/v2\/pages"}],"about":[{"href":"https:\/\/parkolik.com\/index.php\/wp-json\/wp\/v2\/types\/page"}],"author":[{"embeddable":true,"href":"https:\/\/parkolik.com\/index.php\/wp-json\/wp\/v2\/users\/1"}],"replies":[{"embeddable":true,"href":"https:\/\/parkolik.com\/index.php\/wp-json\/wp\/v2\/comments?post=1835"}],"version-history":[{"count":3,"href":"https:\/\/parkolik.com\/index.php\/wp-json\/wp\/v2\/pages\/1835\/revisions"}],"predecessor-version":[{"id":2836,"href":"https:\/\/parkolik.com\/index.php\/wp-json\/wp\/v2\/pages\/1835\/revisions\/2836"}],"wp:attachment":[{"href":"https:\/\/parkolik.com\/index.php\/wp-json\/wp\/v2\/media?parent=1835"}],"curies":[{"name":"wp","href":"https:\/\/api.w.org\/{rel}","templated":true}]}}