{"id":1855,"date":"2025-06-20T06:41:53","date_gmt":"2025-06-20T03:41:53","guid":{"rendered":"https:\/\/parkolik.com\/?page_id=1855"},"modified":"2025-06-20T06:57:07","modified_gmt":"2025-06-20T03:57:07","slug":"kent-mobilyalari","status":"publish","type":"page","link":"https:\/\/parkolik.com\/index.php\/kent-mobilyalari\/","title":{"rendered":"Kent Mobilyalar\u0131"},"content":{"rendered":"\n<figure class=\"wp-block-gallery has-nested-images columns-default is-cropped wp-block-gallery-2 is-layout-flex wp-block-gallery-is-layout-flex\">\n<figure data-wp-context=\"{&quot;imageId&quot;:&quot;69e23d2ddc4c5&quot;}\" data-wp-interactive=\"core\/image\" data-wp-key=\"69e23d2ddc4c5\" class=\"wp-block-image size-full is-resized is-style-rounded wp-duotone-unset-1 wp-lightbox-container\"><img loading=\"lazy\" decoding=\"async\" width=\"300\" height=\"300\" data-wp-class--hide=\"state.isContentHidden\" data-wp-class--show=\"state.isContentVisible\" data-wp-init=\"callbacks.setButtonStyles\" data-wp-on--click=\"actions.showLightbox\" data-wp-on--load=\"callbacks.setButtonStyles\" data-wp-on-window--resize=\"callbacks.setButtonStyles\" data-id=\"1858\" src=\"https:\/\/parkolik.com\/wp-content\/uploads\/2025\/06\/PCT-901-300x300-1.jpg\" alt=\"\" class=\"wp-image-1858\" style=\"object-fit:cover;width:220px;height:200px\" srcset=\"https:\/\/parkolik.com\/wp-content\/uploads\/2025\/06\/PCT-901-300x300-1.jpg 300w, https:\/\/parkolik.com\/wp-content\/uploads\/2025\/06\/PCT-901-300x300-1-150x150.jpg 150w\" sizes=\"auto, (max-width: 300px) 100vw, 300px\" \/><button\n\t\t\tclass=\"lightbox-trigger\"\n\t\t\ttype=\"button\"\n\t\t\taria-haspopup=\"dialog\"\n\t\t\taria-label=\"B\u00fcy\u00fct\"\n\t\t\tdata-wp-init=\"callbacks.initTriggerButton\"\n\t\t\tdata-wp-on--click=\"actions.showLightbox\"\n\t\t\tdata-wp-style--right=\"state.imageButtonRight\"\n\t\t\tdata-wp-style--top=\"state.imageButtonTop\"\n\t\t>\n\t\t\t<svg xmlns=\"http:\/\/www.w3.org\/2000\/svg\" width=\"12\" height=\"12\" fill=\"none\" viewBox=\"0 0 12 12\">\n\t\t\t\t<path fill=\"#fff\" d=\"M2 0a2 2 0 0 0-2 2v2h1.5V2a.5.5 0 0 1 .5-.5h2V0H2Zm2 10.5H2a.5.5 0 0 1-.5-.5V8H0v2a2 2 0 0 0 2 2h2v-1.5ZM8 12v-1.5h2a.5.5 0 0 0 .5-.5V8H12v2a2 2 0 0 1-2 2H8Zm2-12a2 2 0 0 1 2 2v2h-1.5V2a.5.5 0 0 0-.5-.5H8V0h2Z\" \/>\n\t\t\t<\/svg>\n\t\t<\/button><figcaption class=\"wp-element-caption\"><strong><a href=\"https:\/\/parkolik.com\/index.php\/ahsap-citler\/\" data-type=\"page\" data-id=\"1868\">Ah\u015fap \u00c7itler<\/a><\/strong><\/figcaption><\/figure>\n\n\n\n<figure data-wp-context=\"{&quot;imageId&quot;:&quot;69e23d2ddd1bb&quot;}\" data-wp-interactive=\"core\/image\" data-wp-key=\"69e23d2ddd1bb\" class=\"wp-block-image size-full is-resized is-style-rounded wp-lightbox-container\"><img loading=\"lazy\" decoding=\"async\" width=\"300\" height=\"300\" data-wp-class--hide=\"state.isContentHidden\" data-wp-class--show=\"state.isContentVisible\" data-wp-init=\"callbacks.setButtonStyles\" data-wp-on--click=\"actions.showLightbox\" data-wp-on--load=\"callbacks.setButtonStyles\" data-wp-on-window--resize=\"callbacks.setButtonStyles\" data-id=\"1859\" src=\"https:\/\/parkolik.com\/wp-content\/uploads\/2025\/06\/PBN-005-300x300-1.jpg\" alt=\"\" class=\"wp-image-1859\" style=\"object-fit:cover;width:200px;height:200px\" srcset=\"https:\/\/parkolik.com\/wp-content\/uploads\/2025\/06\/PBN-005-300x300-1.jpg 300w, https:\/\/parkolik.com\/wp-content\/uploads\/2025\/06\/PBN-005-300x300-1-150x150.jpg 150w\" sizes=\"auto, (max-width: 300px) 100vw, 300px\" \/><button\n\t\t\tclass=\"lightbox-trigger\"\n\t\t\ttype=\"button\"\n\t\t\taria-haspopup=\"dialog\"\n\t\t\taria-label=\"B\u00fcy\u00fct\"\n\t\t\tdata-wp-init=\"callbacks.initTriggerButton\"\n\t\t\tdata-wp-on--click=\"actions.showLightbox\"\n\t\t\tdata-wp-style--right=\"state.imageButtonRight\"\n\t\t\tdata-wp-style--top=\"state.imageButtonTop\"\n\t\t>\n\t\t\t<svg xmlns=\"http:\/\/www.w3.org\/2000\/svg\" width=\"12\" height=\"12\" fill=\"none\" viewBox=\"0 0 12 12\">\n\t\t\t\t<path fill=\"#fff\" d=\"M2 0a2 2 0 0 0-2 2v2h1.5V2a.5.5 0 0 1 .5-.5h2V0H2Zm2 10.5H2a.5.5 0 0 1-.5-.5V8H0v2a2 2 0 0 0 2 2h2v-1.5ZM8 12v-1.5h2a.5.5 0 0 0 .5-.5V8H12v2a2 2 0 0 1-2 2H8Zm2-12a2 2 0 0 1 2 2v2h-1.5V2a.5.5 0 0 0-.5-.5H8V0h2Z\" \/>\n\t\t\t<\/svg>\n\t\t<\/button><figcaption class=\"wp-element-caption\"><strong><a href=\"https:\/\/parkolik.com\/index.php\/ahsap-oturma-banklar\/\" data-type=\"page\" data-id=\"1870\">Ah\u015fap Oturma Banklar<\/a><\/strong><\/figcaption><\/figure>\n\n\n\n<figure data-wp-context=\"{&quot;imageId&quot;:&quot;69e23d2ddddd1&quot;}\" data-wp-interactive=\"core\/image\" data-wp-key=\"69e23d2ddddd1\" class=\"wp-block-image size-full is-resized is-style-rounded wp-lightbox-container\"><img loading=\"lazy\" decoding=\"async\" width=\"300\" height=\"300\" data-wp-class--hide=\"state.isContentHidden\" data-wp-class--show=\"state.isContentVisible\" data-wp-init=\"callbacks.setButtonStyles\" data-wp-on--click=\"actions.showLightbox\" data-wp-on--load=\"callbacks.setButtonStyles\" data-wp-on-window--resize=\"callbacks.setButtonStyles\" data-id=\"1860\" src=\"https:\/\/parkolik.com\/wp-content\/uploads\/2025\/06\/Trapez-min-300x300-1.jpg\" alt=\"\" class=\"wp-image-1860\" style=\"object-fit:cover;width:200px;height:200px\" srcset=\"https:\/\/parkolik.com\/wp-content\/uploads\/2025\/06\/Trapez-min-300x300-1.jpg 300w, https:\/\/parkolik.com\/wp-content\/uploads\/2025\/06\/Trapez-min-300x300-1-150x150.jpg 150w\" sizes=\"auto, (max-width: 300px) 100vw, 300px\" \/><button\n\t\t\tclass=\"lightbox-trigger\"\n\t\t\ttype=\"button\"\n\t\t\taria-haspopup=\"dialog\"\n\t\t\taria-label=\"B\u00fcy\u00fct\"\n\t\t\tdata-wp-init=\"callbacks.initTriggerButton\"\n\t\t\tdata-wp-on--click=\"actions.showLightbox\"\n\t\t\tdata-wp-style--right=\"state.imageButtonRight\"\n\t\t\tdata-wp-style--top=\"state.imageButtonTop\"\n\t\t>\n\t\t\t<svg xmlns=\"http:\/\/www.w3.org\/2000\/svg\" width=\"12\" height=\"12\" fill=\"none\" viewBox=\"0 0 12 12\">\n\t\t\t\t<path fill=\"#fff\" d=\"M2 0a2 2 0 0 0-2 2v2h1.5V2a.5.5 0 0 1 .5-.5h2V0H2Zm2 10.5H2a.5.5 0 0 1-.5-.5V8H0v2a2 2 0 0 0 2 2h2v-1.5ZM8 12v-1.5h2a.5.5 0 0 0 .5-.5V8H12v2a2 2 0 0 1-2 2H8Zm2-12a2 2 0 0 1 2 2v2h-1.5V2a.5.5 0 0 0-.5-.5H8V0h2Z\" \/>\n\t\t\t<\/svg>\n\t\t<\/button><figcaption class=\"wp-element-caption\"><strong><a href=\"https:\/\/parkolik.com\/index.php\/beton-saksilar\/\" data-type=\"page\" data-id=\"1873\">Beton Saks\u0131lar<\/a><\/strong><\/figcaption><\/figure>\n\n\n\n<figure data-wp-context=\"{&quot;imageId&quot;:&quot;69e23d2ddeeb5&quot;}\" data-wp-interactive=\"core\/image\" data-wp-key=\"69e23d2ddeeb5\" class=\"wp-block-image size-full is-resized is-style-rounded wp-lightbox-container\"><img loading=\"lazy\" decoding=\"async\" width=\"300\" height=\"300\" data-wp-class--hide=\"state.isContentHidden\" data-wp-class--show=\"state.isContentVisible\" data-wp-init=\"callbacks.setButtonStyles\" data-wp-on--click=\"actions.showLightbox\" data-wp-on--load=\"callbacks.setButtonStyles\" data-wp-on-window--resize=\"callbacks.setButtonStyles\" data-id=\"1861\" src=\"https:\/\/parkolik.com\/wp-content\/uploads\/2025\/06\/PCK-328-300x300-1.jpg\" alt=\"\" class=\"wp-image-1861\" style=\"object-fit:cover;width:220px;height:200px\" srcset=\"https:\/\/parkolik.com\/wp-content\/uploads\/2025\/06\/PCK-328-300x300-1.jpg 300w, https:\/\/parkolik.com\/wp-content\/uploads\/2025\/06\/PCK-328-300x300-1-150x150.jpg 150w\" sizes=\"auto, (max-width: 300px) 100vw, 300px\" \/><button\n\t\t\tclass=\"lightbox-trigger\"\n\t\t\ttype=\"button\"\n\t\t\taria-haspopup=\"dialog\"\n\t\t\taria-label=\"B\u00fcy\u00fct\"\n\t\t\tdata-wp-init=\"callbacks.initTriggerButton\"\n\t\t\tdata-wp-on--click=\"actions.showLightbox\"\n\t\t\tdata-wp-style--right=\"state.imageButtonRight\"\n\t\t\tdata-wp-style--top=\"state.imageButtonTop\"\n\t\t>\n\t\t\t<svg xmlns=\"http:\/\/www.w3.org\/2000\/svg\" width=\"12\" height=\"12\" fill=\"none\" viewBox=\"0 0 12 12\">\n\t\t\t\t<path fill=\"#fff\" d=\"M2 0a2 2 0 0 0-2 2v2h1.5V2a.5.5 0 0 1 .5-.5h2V0H2Zm2 10.5H2a.5.5 0 0 1-.5-.5V8H0v2a2 2 0 0 0 2 2h2v-1.5ZM8 12v-1.5h2a.5.5 0 0 0 .5-.5V8H12v2a2 2 0 0 1-2 2H8Zm2-12a2 2 0 0 1 2 2v2h-1.5V2a.5.5 0 0 0-.5-.5H8V0h2Z\" \/>\n\t\t\t<\/svg>\n\t\t<\/button><figcaption class=\"wp-element-caption\"><strong><a href=\"https:\/\/parkolik.com\/index.php\/cop-kovalari\/\" data-type=\"page\" data-id=\"1875\">\u00c7\u00f6p Kovalar\u0131<\/a><\/strong><\/figcaption><\/figure>\n\n\n\n<figure data-wp-context=\"{&quot;imageId&quot;:&quot;69e23d2de2a72&quot;}\" data-wp-interactive=\"core\/image\" data-wp-key=\"69e23d2de2a72\" class=\"wp-block-image size-full is-resized is-style-rounded wp-lightbox-container\"><img loading=\"lazy\" decoding=\"async\" width=\"300\" height=\"300\" data-wp-class--hide=\"state.isContentHidden\" data-wp-class--show=\"state.isContentVisible\" data-wp-init=\"callbacks.setButtonStyles\" data-wp-on--click=\"actions.showLightbox\" data-wp-on--load=\"callbacks.setButtonStyles\" data-wp-on-window--resize=\"callbacks.setButtonStyles\" data-id=\"1862\" src=\"https:\/\/parkolik.com\/wp-content\/uploads\/2025\/06\/PW-4019-300x300-1.jpg\" alt=\"\" class=\"wp-image-1862\" style=\"object-fit:cover;width:220px;height:200px\" srcset=\"https:\/\/parkolik.com\/wp-content\/uploads\/2025\/06\/PW-4019-300x300-1.jpg 300w, https:\/\/parkolik.com\/wp-content\/uploads\/2025\/06\/PW-4019-300x300-1-150x150.jpg 150w\" sizes=\"auto, (max-width: 300px) 100vw, 300px\" \/><button\n\t\t\tclass=\"lightbox-trigger\"\n\t\t\ttype=\"button\"\n\t\t\taria-haspopup=\"dialog\"\n\t\t\taria-label=\"B\u00fcy\u00fct\"\n\t\t\tdata-wp-init=\"callbacks.initTriggerButton\"\n\t\t\tdata-wp-on--click=\"actions.showLightbox\"\n\t\t\tdata-wp-style--right=\"state.imageButtonRight\"\n\t\t\tdata-wp-style--top=\"state.imageButtonTop\"\n\t\t>\n\t\t\t<svg xmlns=\"http:\/\/www.w3.org\/2000\/svg\" width=\"12\" height=\"12\" fill=\"none\" viewBox=\"0 0 12 12\">\n\t\t\t\t<path fill=\"#fff\" d=\"M2 0a2 2 0 0 0-2 2v2h1.5V2a.5.5 0 0 1 .5-.5h2V0H2Zm2 10.5H2a.5.5 0 0 1-.5-.5V8H0v2a2 2 0 0 0 2 2h2v-1.5ZM8 12v-1.5h2a.5.5 0 0 0 .5-.5V8H12v2a2 2 0 0 1-2 2H8Zm2-12a2 2 0 0 1 2 2v2h-1.5V2a.5.5 0 0 0-.5-.5H8V0h2Z\" \/>\n\t\t\t<\/svg>\n\t\t<\/button><figcaption class=\"wp-element-caption\"><strong><a href=\"https:\/\/parkolik.com\/index.php\/ic-mekan-cocuk-oyun-gruplari\/\" data-type=\"page\" data-id=\"1877\">\u0130\u00e7 Mekan \u00c7ocuk Oyun Gruplar\u0131<\/a><\/strong><\/figcaption><\/figure>\n\n\n\n<figure data-wp-context=\"{&quot;imageId&quot;:&quot;69e23d2de3bfb&quot;}\" data-wp-interactive=\"core\/image\" data-wp-key=\"69e23d2de3bfb\" class=\"wp-block-image size-full is-resized is-style-rounded wp-lightbox-container\"><img loading=\"lazy\" decoding=\"async\" width=\"300\" height=\"300\" data-wp-class--hide=\"state.isContentHidden\" data-wp-class--show=\"state.isContentVisible\" data-wp-init=\"callbacks.setButtonStyles\" data-wp-on--click=\"actions.showLightbox\" data-wp-on--load=\"callbacks.setButtonStyles\" data-wp-on-window--resize=\"callbacks.setButtonStyles\" data-id=\"1863\" src=\"https:\/\/parkolik.com\/wp-content\/uploads\/2025\/06\/PKM-215B-300x300-1.jpg\" alt=\"\" class=\"wp-image-1863\" style=\"object-fit:cover;width:220px;height:200px\" srcset=\"https:\/\/parkolik.com\/wp-content\/uploads\/2025\/06\/PKM-215B-300x300-1.jpg 300w, https:\/\/parkolik.com\/wp-content\/uploads\/2025\/06\/PKM-215B-300x300-1-150x150.jpg 150w\" sizes=\"auto, (max-width: 300px) 100vw, 300px\" \/><button\n\t\t\tclass=\"lightbox-trigger\"\n\t\t\ttype=\"button\"\n\t\t\taria-haspopup=\"dialog\"\n\t\t\taria-label=\"B\u00fcy\u00fct\"\n\t\t\tdata-wp-init=\"callbacks.initTriggerButton\"\n\t\t\tdata-wp-on--click=\"actions.showLightbox\"\n\t\t\tdata-wp-style--right=\"state.imageButtonRight\"\n\t\t\tdata-wp-style--top=\"state.imageButtonTop\"\n\t\t>\n\t\t\t<svg xmlns=\"http:\/\/www.w3.org\/2000\/svg\" width=\"12\" height=\"12\" fill=\"none\" viewBox=\"0 0 12 12\">\n\t\t\t\t<path fill=\"#fff\" d=\"M2 0a2 2 0 0 0-2 2v2h1.5V2a.5.5 0 0 1 .5-.5h2V0H2Zm2 10.5H2a.5.5 0 0 1-.5-.5V8H0v2a2 2 0 0 0 2 2h2v-1.5ZM8 12v-1.5h2a.5.5 0 0 0 .5-.5V8H12v2a2 2 0 0 1-2 2H8Zm2-12a2 2 0 0 1 2 2v2h-1.5V2a.5.5 0 0 0-.5-.5H8V0h2Z\" \/>\n\t\t\t<\/svg>\n\t\t<\/button><figcaption class=\"wp-element-caption\"><strong><a href=\"https:\/\/parkolik.com\/index.php\/kamelyalar\/\" data-type=\"page\" data-id=\"1879\">Kamelyalar<\/a><\/strong><\/figcaption><\/figure>\n\n\n\n<figure data-wp-context=\"{&quot;imageId&quot;:&quot;69e23d2de4ac9&quot;}\" data-wp-interactive=\"core\/image\" data-wp-key=\"69e23d2de4ac9\" class=\"wp-block-image size-full is-resized is-style-rounded wp-lightbox-container\"><img loading=\"lazy\" decoding=\"async\" width=\"300\" height=\"300\" data-wp-class--hide=\"state.isContentHidden\" data-wp-class--show=\"state.isContentVisible\" data-wp-init=\"callbacks.setButtonStyles\" data-wp-on--click=\"actions.showLightbox\" data-wp-on--load=\"callbacks.setButtonStyles\" data-wp-on-window--resize=\"callbacks.setButtonStyles\" data-id=\"1864\" src=\"https:\/\/parkolik.com\/wp-content\/uploads\/2025\/06\/PW-707-1-300x300-1.jpg\" alt=\"\" class=\"wp-image-1864\" style=\"object-fit:cover;width:220px;height:200px\" srcset=\"https:\/\/parkolik.com\/wp-content\/uploads\/2025\/06\/PW-707-1-300x300-1.jpg 300w, https:\/\/parkolik.com\/wp-content\/uploads\/2025\/06\/PW-707-1-300x300-1-150x150.jpg 150w\" sizes=\"auto, (max-width: 300px) 100vw, 300px\" \/><button\n\t\t\tclass=\"lightbox-trigger\"\n\t\t\ttype=\"button\"\n\t\t\taria-haspopup=\"dialog\"\n\t\t\taria-label=\"B\u00fcy\u00fct\"\n\t\t\tdata-wp-init=\"callbacks.initTriggerButton\"\n\t\t\tdata-wp-on--click=\"actions.showLightbox\"\n\t\t\tdata-wp-style--right=\"state.imageButtonRight\"\n\t\t\tdata-wp-style--top=\"state.imageButtonTop\"\n\t\t>\n\t\t\t<svg xmlns=\"http:\/\/www.w3.org\/2000\/svg\" width=\"12\" height=\"12\" fill=\"none\" viewBox=\"0 0 12 12\">\n\t\t\t\t<path fill=\"#fff\" d=\"M2 0a2 2 0 0 0-2 2v2h1.5V2a.5.5 0 0 1 .5-.5h2V0H2Zm2 10.5H2a.5.5 0 0 1-.5-.5V8H0v2a2 2 0 0 0 2 2h2v-1.5ZM8 12v-1.5h2a.5.5 0 0 0 .5-.5V8H12v2a2 2 0 0 1-2 2H8Zm2-12a2 2 0 0 1 2 2v2h-1.5V2a.5.5 0 0 0-.5-.5H8V0h2Z\" \/>\n\t\t\t<\/svg>\n\t\t<\/button><figcaption class=\"wp-element-caption\"><strong><a href=\"https:\/\/parkolik.com\/index.php\/kopek-egitim-ekipmanlari\/\" data-type=\"page\" data-id=\"1881\">K\u00f6pek E\u011fitim Ekipmanlar\u0131<\/a><\/strong><\/figcaption><\/figure>\n\n\n\n<figure data-wp-context=\"{&quot;imageId&quot;:&quot;69e23d2de5c2c&quot;}\" data-wp-interactive=\"core\/image\" data-wp-key=\"69e23d2de5c2c\" class=\"wp-block-image size-full is-resized is-style-rounded wp-lightbox-container\"><img loading=\"lazy\" decoding=\"async\" width=\"300\" height=\"300\" data-wp-class--hide=\"state.isContentHidden\" data-wp-class--show=\"state.isContentVisible\" data-wp-init=\"callbacks.setButtonStyles\" data-wp-on--click=\"actions.showLightbox\" data-wp-on--load=\"callbacks.setButtonStyles\" data-wp-on-window--resize=\"callbacks.setButtonStyles\" data-id=\"1865\" src=\"https:\/\/parkolik.com\/wp-content\/uploads\/2025\/06\/PPN-517-300x300-1.jpg\" alt=\"\" class=\"wp-image-1865\" style=\"object-fit:cover;width:220px;height:200px\" srcset=\"https:\/\/parkolik.com\/wp-content\/uploads\/2025\/06\/PPN-517-300x300-1.jpg 300w, https:\/\/parkolik.com\/wp-content\/uploads\/2025\/06\/PPN-517-300x300-1-150x150.jpg 150w\" sizes=\"auto, (max-width: 300px) 100vw, 300px\" \/><button\n\t\t\tclass=\"lightbox-trigger\"\n\t\t\ttype=\"button\"\n\t\t\taria-haspopup=\"dialog\"\n\t\t\taria-label=\"B\u00fcy\u00fct\"\n\t\t\tdata-wp-init=\"callbacks.initTriggerButton\"\n\t\t\tdata-wp-on--click=\"actions.showLightbox\"\n\t\t\tdata-wp-style--right=\"state.imageButtonRight\"\n\t\t\tdata-wp-style--top=\"state.imageButtonTop\"\n\t\t>\n\t\t\t<svg xmlns=\"http:\/\/www.w3.org\/2000\/svg\" width=\"12\" height=\"12\" fill=\"none\" viewBox=\"0 0 12 12\">\n\t\t\t\t<path fill=\"#fff\" d=\"M2 0a2 2 0 0 0-2 2v2h1.5V2a.5.5 0 0 1 .5-.5h2V0H2Zm2 10.5H2a.5.5 0 0 1-.5-.5V8H0v2a2 2 0 0 0 2 2h2v-1.5ZM8 12v-1.5h2a.5.5 0 0 0 .5-.5V8H12v2a2 2 0 0 1-2 2H8Zm2-12a2 2 0 0 1 2 2v2h-1.5V2a.5.5 0 0 0-.5-.5H8V0h2Z\" \/>\n\t\t\t<\/svg>\n\t\t<\/button><figcaption class=\"wp-element-caption\"><strong><a href=\"https:\/\/parkolik.com\/index.php\/piknik-masasi\/\" data-type=\"page\" data-id=\"1883\">Piknik Masas\u0131<\/a><\/strong><\/figcaption><\/figure>\n<\/figure>\n\n\n\n<hr class=\"wp-block-separator has-alpha-channel-opacity\"\/>\n\n\n\n<h3 class=\"wp-block-heading\">\ud83e\ude91 Kent Mobilyalar\u0131 \u2013 \u015eehir Esteti\u011fini Tamamlayan Dokunu\u015flar<\/h3>\n\n\n\n<p><strong>Kent mobilyalar\u0131<\/strong>, modern \u015fehir ya\u015fam\u0131n\u0131n olmazsa olmaz unsurlar\u0131ndand\u0131r. Estetik tasar\u0131m\u0131, fonksiyonelli\u011fi ve dayan\u0131kl\u0131l\u0131\u011f\u0131 ile kamusal alanlara konfor kazand\u0131ran kent mobilyalar\u0131; kullan\u0131c\u0131 deneyimini iyile\u015ftirirken, \u00e7evresel uyumuyla da \u015fehir kimli\u011fine katk\u0131 sa\u011flar.<\/p>\n\n\n\n<h4 class=\"wp-block-heading\">\ud83d\udccc Nerelerde Kullan\u0131l\u0131r?<\/h4>\n\n\n\n<ul class=\"wp-block-list\">\n<li>Park ve bah\u00e7elerde<\/li>\n\n\n\n<li>Y\u00fcr\u00fcy\u00fc\u015f yollar\u0131nda<\/li>\n\n\n\n<li>Okul ve kamp\u00fcslerde<\/li>\n\n\n\n<li>Belediye ve kamu kurumlar\u0131nda<\/li>\n\n\n\n<li>Site i\u00e7i ortak alanlarda<\/li>\n\n\n\n<li>Sahil ve rekreasyon alanlar\u0131nda<\/li>\n<\/ul>\n\n\n\n<h4 class=\"wp-block-heading\">\ud83d\udd39 \u00dcr\u00fcn Gruplar\u0131m\u0131z:<\/h4>\n\n\n\n<ul class=\"wp-block-list\">\n<li><strong>Banklar:<\/strong> Ergonomik oturma alanlar\u0131 sunan, metal, ah\u015fap veya kompozit malzemelerle tasarlanm\u0131\u015f modeller.<\/li>\n\n\n\n<li><\/li>\n\n\n\n<li><strong>\u00c7\u00f6p Kovalar\u0131:<\/strong> Estetik g\u00f6r\u00fcn\u00fcmle hijyeni bulu\u015fturan dayan\u0131kl\u0131 \u00e7\u00f6p kutular\u0131.<\/li>\n\n\n\n<li><strong>Pergolalar ve Kameriyeler:<\/strong> G\u00f6lgelik ve dinlenme alanlar\u0131 olu\u015fturan \u015f\u0131k yap\u0131lar.<\/li>\n\n\n\n<li><strong>Bisiklet Parkurlar\u0131:<\/strong> \u00c7evreci ula\u015f\u0131m\u0131 destekleyen i\u015flevsel \u00e7\u00f6z\u00fcmler.<\/li>\n\n\n\n<li><strong>Saks\u0131 ve Peyzaj \u00dcr\u00fcnleri:<\/strong> Mek\u00e2nlara do\u011fayla uyumlu estetik dokunu\u015flar.<\/li>\n\n\n\n<li><strong>Duraklar, Ayd\u0131nlatmalar, Y\u00f6nlendirme Tabelalar\u0131:<\/strong> Kullan\u0131c\u0131 dostu ve modern \u015fehir donat\u0131lar\u0131.<\/li>\n<\/ul>\n\n\n\n<h4 class=\"wp-block-heading\">\ud83d\udca1 Neden Bizim Kent Mobilyalar\u0131m\u0131z?<\/h4>\n\n\n\n<ul class=\"wp-block-list\">\n<li><strong>Dayan\u0131kl\u0131 Malzemeler:<\/strong> Her hava ko\u015fuluna uygun galvanizli metal, emprenyeli ah\u015fap ve UV dayan\u0131ml\u0131 plastik malzemeler.<\/li>\n\n\n\n<li><strong>Modern Tasar\u0131m:<\/strong> \u015eehir esteti\u011fini \u00f6n plana \u00e7\u0131karan \u00f6zg\u00fcn ve yenilik\u00e7i \u00e7izgiler.<\/li>\n\n\n\n<li><strong>\u00c7evre Dostu \u00dcretim:<\/strong> Geri d\u00f6n\u00fc\u015ft\u00fcr\u00fclebilir malzeme kullan\u0131m\u0131 ile s\u00fcrd\u00fcr\u00fclebilir \u00e7\u00f6z\u00fcmler.<\/li>\n\n\n\n<li><strong>Mod\u00fcler ve \u00d6zelle\u015ftirilebilir:<\/strong> \u0130htiyaca g\u00f6re farkl\u0131 renk, \u00f6l\u00e7\u00fc ve model se\u00e7enekleri.<\/li>\n<\/ul>\n\n\n\n<h4 class=\"wp-block-heading\">\ud83d\udee0\ufe0f Tasar\u0131mdan Montaja T\u00fcm S\u00fcre\u00e7te Yan\u0131n\u0131zday\u0131z<\/h4>\n\n\n\n<p>Kent mobilyalar\u0131m\u0131z, profesyonel ekibimiz taraf\u0131ndan projeye \u00f6zel olarak planlan\u0131r, titizlikle \u00fcretilir ve montaj\u0131 yap\u0131l\u0131r. Ayr\u0131ca sat\u0131\u015f sonras\u0131 destek hizmetlerimizle uzun \u00f6m\u00fcrl\u00fc kullan\u0131m sa\u011flar\u0131z.<\/p>\n","protected":false},"excerpt":{"rendered":"<p>\ud83e\ude91 Kent Mobilyalar\u0131 \u2013 \u015eehir Esteti\u011fini Tamamlayan Dokunu\u015flar Kent mobilyalar\u0131, modern \u015fehir ya\u015fam\u0131n\u0131n olmazsa olmaz unsurlar\u0131ndand\u0131r. Estetik tasar\u0131m\u0131, fonksiyonelli\u011fi ve dayan\u0131kl\u0131l\u0131\u011f\u0131 ile kamusal alanlara konfor kazand\u0131ran kent mobilyalar\u0131; kullan\u0131c\u0131 deneyimini iyile\u015ftirirken, \u00e7evresel uyumuyla da \u015fehir kimli\u011fine katk\u0131 sa\u011flar. \ud83d\udccc Nerelerde Kullan\u0131l\u0131r? \ud83d\udd39 \u00dcr\u00fcn Gruplar\u0131m\u0131z: \ud83d\udca1 Neden Bizim Kent Mobilyalar\u0131m\u0131z? \ud83d\udee0\ufe0f Tasar\u0131mdan Montaja T\u00fcm S\u00fcre\u00e7te Yan\u0131n\u0131zday\u0131z [&hellip;]<\/p>\n","protected":false},"author":1,"featured_media":0,"parent":0,"menu_order":0,"comment_status":"closed","ping_status":"closed","template":"","meta":{"footnotes":""},"class_list":["post-1855","page","type-page","status-publish","hentry"],"_links":{"self":[{"href":"https:\/\/parkolik.com\/index.php\/wp-json\/wp\/v2\/pages\/1855","targetHints":{"allow":["GET"]}}],"collection":[{"href":"https:\/\/parkolik.com\/index.php\/wp-json\/wp\/v2\/pages"}],"about":[{"href":"https:\/\/parkolik.com\/index.php\/wp-json\/wp\/v2\/types\/page"}],"author":[{"embeddable":true,"href":"https:\/\/parkolik.com\/index.php\/wp-json\/wp\/v2\/users\/1"}],"replies":[{"embeddable":true,"href":"https:\/\/parkolik.com\/index.php\/wp-json\/wp\/v2\/comments?post=1855"}],"version-history":[{"count":5,"href":"https:\/\/parkolik.com\/index.php\/wp-json\/wp\/v2\/pages\/1855\/revisions"}],"predecessor-version":[{"id":1886,"href":"https:\/\/parkolik.com\/index.php\/wp-json\/wp\/v2\/pages\/1855\/revisions\/1886"}],"wp:attachment":[{"href":"https:\/\/parkolik.com\/index.php\/wp-json\/wp\/v2\/media?parent=1855"}],"curies":[{"name":"wp","href":"https:\/\/api.w.org\/{rel}","templated":true}]}}