{"id":1881,"date":"2025-06-20T06:55:52","date_gmt":"2025-06-20T03:55:52","guid":{"rendered":"https:\/\/parkolik.com\/?page_id=1881"},"modified":"2025-06-20T06:55:52","modified_gmt":"2025-06-20T03:55:52","slug":"kopek-egitim-ekipmanlari","status":"publish","type":"page","link":"https:\/\/parkolik.com\/index.php\/kopek-egitim-ekipmanlari\/","title":{"rendered":"K\u00f6pek E\u011fitim Ekipmanlar\u0131"},"content":{"rendered":"","protected":false},"excerpt":{"rendered":"","protected":false},"author":1,"featured_media":0,"parent":0,"menu_order":0,"comment_status":"closed","ping_status":"closed","template":"","meta":{"footnotes":""},"class_list":["post-1881","page","type-page","status-publish","hentry"],"_links":{"self":[{"href":"https:\/\/parkolik.com\/index.php\/wp-json\/wp\/v2\/pages\/1881","targetHints":{"allow":["GET"]}}],"collection":[{"href":"https:\/\/parkolik.com\/index.php\/wp-json\/wp\/v2\/pages"}],"about":[{"href":"https:\/\/parkolik.com\/index.php\/wp-json\/wp\/v2\/types\/page"}],"author":[{"embeddable":true,"href":"https:\/\/parkolik.com\/index.php\/wp-json\/wp\/v2\/users\/1"}],"replies":[{"embeddable":true,"href":"https:\/\/parkolik.com\/index.php\/wp-json\/wp\/v2\/comments?post=1881"}],"version-history":[{"count":1,"href":"https:\/\/parkolik.com\/index.php\/wp-json\/wp\/v2\/pages\/1881\/revisions"}],"predecessor-version":[{"id":1882,"href":"https:\/\/parkolik.com\/index.php\/wp-json\/wp\/v2\/pages\/1881\/revisions\/1882"}],"wp:attachment":[{"href":"https:\/\/parkolik.com\/index.php\/wp-json\/wp\/v2\/media?parent=1881"}],"curies":[{"name":"wp","href":"https:\/\/api.w.org\/{rel}","templated":true}]}}