{"id":1968,"date":"2025-06-20T23:26:08","date_gmt":"2025-06-20T20:26:08","guid":{"rendered":"https:\/\/parkolik.com\/?page_id=1968"},"modified":"2025-06-20T23:26:08","modified_gmt":"2025-06-20T20:26:08","slug":"inek-figurlu-3d-kaucuk","status":"publish","type":"page","link":"https:\/\/parkolik.com\/index.php\/inek-figurlu-3d-kaucuk\/","title":{"rendered":"\u0130nek Fig\u00fcrl\u00fc 3D Kau\u00e7uk"},"content":{"rendered":"","protected":false},"excerpt":{"rendered":"","protected":false},"author":1,"featured_media":0,"parent":0,"menu_order":0,"comment_status":"closed","ping_status":"closed","template":"","meta":{"footnotes":""},"class_list":["post-1968","page","type-page","status-publish","hentry"],"_links":{"self":[{"href":"https:\/\/parkolik.com\/index.php\/wp-json\/wp\/v2\/pages\/1968","targetHints":{"allow":["GET"]}}],"collection":[{"href":"https:\/\/parkolik.com\/index.php\/wp-json\/wp\/v2\/pages"}],"about":[{"href":"https:\/\/parkolik.com\/index.php\/wp-json\/wp\/v2\/types\/page"}],"author":[{"embeddable":true,"href":"https:\/\/parkolik.com\/index.php\/wp-json\/wp\/v2\/users\/1"}],"replies":[{"embeddable":true,"href":"https:\/\/parkolik.com\/index.php\/wp-json\/wp\/v2\/comments?post=1968"}],"version-history":[{"count":1,"href":"https:\/\/parkolik.com\/index.php\/wp-json\/wp\/v2\/pages\/1968\/revisions"}],"predecessor-version":[{"id":1969,"href":"https:\/\/parkolik.com\/index.php\/wp-json\/wp\/v2\/pages\/1968\/revisions\/1969"}],"wp:attachment":[{"href":"https:\/\/parkolik.com\/index.php\/wp-json\/wp\/v2\/media?parent=1968"}],"curies":[{"name":"wp","href":"https:\/\/api.w.org\/{rel}","templated":true}]}}