{"id":1978,"date":"2025-06-22T21:55:06","date_gmt":"2025-06-22T18:55:06","guid":{"rendered":"https:\/\/parkolik.com\/?page_id=1978"},"modified":"2025-06-26T00:18:01","modified_gmt":"2025-06-25T21:18:01","slug":"ahsap-serisi-par-1001","status":"publish","type":"page","link":"https:\/\/parkolik.com\/index.php\/ahsap-serisi-par-1001\/","title":{"rendered":"Ah\u015fap Serisi Par 1001"},"content":{"rendered":"\n<div class=\"wp-block-columns is-layout-flex wp-container-core-columns-is-layout-9d6595d7 wp-block-columns-is-layout-flex\">\n<div class=\"wp-block-column is-layout-flow wp-block-column-is-layout-flow\">\n<div class=\"wp-block-group\"><div class=\"wp-block-group__inner-container is-layout-constrained wp-block-group-is-layout-constrained\"><div class=\"wp-block-image\">\n<figure data-wp-context=\"{&quot;imageId&quot;:&quot;69e255641c14b&quot;}\" data-wp-interactive=\"core\/image\" data-wp-key=\"69e255641c14b\" class=\"aligncenter size-full wp-lightbox-container\"><img loading=\"lazy\" decoding=\"async\" width=\"300\" height=\"300\" data-wp-class--hide=\"state.isContentHidden\" data-wp-class--show=\"state.isContentVisible\" data-wp-init=\"callbacks.setButtonStyles\" data-wp-on--click=\"actions.showLightbox\" data-wp-on--load=\"callbacks.setButtonStyles\" data-wp-on-window--resize=\"callbacks.setButtonStyles\" src=\"https:\/\/parkolik.com\/wp-content\/uploads\/2025\/06\/PAP-100-300x300-1.jpg\" alt=\"\" class=\"wp-image-1980\" srcset=\"https:\/\/parkolik.com\/wp-content\/uploads\/2025\/06\/PAP-100-300x300-1.jpg 300w, https:\/\/parkolik.com\/wp-content\/uploads\/2025\/06\/PAP-100-300x300-1-150x150.jpg 150w\" sizes=\"auto, (max-width: 300px) 100vw, 300px\" \/><button\n\t\t\tclass=\"lightbox-trigger\"\n\t\t\ttype=\"button\"\n\t\t\taria-haspopup=\"dialog\"\n\t\t\taria-label=\"B\u00fcy\u00fct\"\n\t\t\tdata-wp-init=\"callbacks.initTriggerButton\"\n\t\t\tdata-wp-on--click=\"actions.showLightbox\"\n\t\t\tdata-wp-style--right=\"state.imageButtonRight\"\n\t\t\tdata-wp-style--top=\"state.imageButtonTop\"\n\t\t>\n\t\t\t<svg xmlns=\"http:\/\/www.w3.org\/2000\/svg\" width=\"12\" height=\"12\" fill=\"none\" viewBox=\"0 0 12 12\">\n\t\t\t\t<path fill=\"#fff\" d=\"M2 0a2 2 0 0 0-2 2v2h1.5V2a.5.5 0 0 1 .5-.5h2V0H2Zm2 10.5H2a.5.5 0 0 1-.5-.5V8H0v2a2 2 0 0 0 2 2h2v-1.5ZM8 12v-1.5h2a.5.5 0 0 0 .5-.5V8H12v2a2 2 0 0 1-2 2H8Zm2-12a2 2 0 0 1 2 2v2h-1.5V2a.5.5 0 0 0-.5-.5H8V0h2Z\" \/>\n\t\t\t<\/svg>\n\t\t<\/button><\/figure>\n<\/div><\/div><\/div>\n<\/div>\n\n\n\n<div class=\"wp-block-column is-layout-flow wp-block-column-is-layout-flow\">\n<h3 class=\"wp-block-heading\"><strong>Teknik \u00d6zellikler<\/strong><\/h3>\n\n\n\n<hr class=\"wp-block-separator has-alpha-channel-opacity\"\/>\n\n\n\n<ul class=\"wp-block-list\">\n<li><strong>Kule :<\/strong> 1 Adet<\/li>\n\n\n\n<li><strong>Platfrom : <\/strong>1 Adet<\/li>\n\n\n\n<li><strong>7 Basamakl\u0131 Ara Merdiven : <\/strong>1 Adet<\/li>\n\n\n\n<li><strong>150 cm D\u00fcz kayd\u0131rak : <\/strong>1 Adet<\/li>\n\n\n\n<li><strong>150 cm helezon kayd\u0131rak : <\/strong>1 Adet<\/li>\n\n\n\n<li><strong>Platfrom Korkulu\u011fu :<\/strong> 2 Adet<\/li>\n\n\n\n<li><strong>\u00c7at\u0131 : <\/strong>1 Adet<\/li>\n\n\n\n<li><strong>2li Sal\u0131ncak Seti : <\/strong>1 Tak\u0131m<\/li>\n<\/ul>\n\n\n<a href=\"https:\/\/wa.me\/905426483450?text=Merhaba%2C+bu+%C3%BCr%C3%BCn+ile+ilgili+fiyat+almak+istiyorum%3A+https%3A%2F%2Fparkolik.com%2Findex.php%2Fwp-json%2Fwp%2Fv2%2Fpages%2F1978\" target=\"_blank\">\n                <img loading=\"lazy\" decoding=\"async\" src=\"https:\/\/parkolik.com\/wp-content\/uploads\/2025\/06\/whatsapp.png\" alt=\"Fiyat Al\" width=\"250\" height=\"85\" \" \/>\n            <\/a>\n<\/div>\n<\/div>\n\n\n\n<p><strong>POL\u0130ET\u0130LEN AKSAM<\/strong><\/p>\n\n\n\n<p>Oyun gruplar\u0131nda kullan\u0131lacak polietilen malzemelerin hammaddesi, <strong>al\u00e7ak yo\u011funluklu lineer polietilen (LLDPE)<\/strong> olacakt\u0131r. Bu hammaddeler:<\/p>\n\n\n\n<ul class=\"wp-block-list\">\n<li>EN 1176-1 ve EN 1176-3 standartlar\u0131na uygunluk belgesine sahip orijinal \u00fcr\u00fcnlerden se\u00e7ilmelidir.<\/li>\n\n\n\n<li>\u00c7ocuk sa\u011fl\u0131\u011f\u0131na zarar verebilecek herhangi bir kimyasal madde i\u00e7ermemelidir.<\/li>\n\n\n\n<li>Statik elektriklenmeyi \u00f6nlemek amac\u0131yla anti-statik katk\u0131 maddesi i\u00e7ermelidir.<\/li>\n\n\n\n<li>\u0130\u00e7erdi\u011fi boyalarda \u00e7inko bulunmamal\u0131d\u0131r.<\/li>\n\n\n\n<li>I\u015f\u0131k hassasiyeti, 6-8 skala aral\u0131\u011f\u0131nda olmal\u0131d\u0131r.<\/li>\n\n\n\n<li>S\u00fcrt\u00fcnme ve bas\u0131nca maruz kalan b\u00f6lgelerde minimum 5 mm kal\u0131nl\u0131kta olmal\u0131d\u0131r.<\/li>\n\n\n\n<li>G\u00fcne\u015fe kar\u015f\u0131 solmaya diren\u00e7li olup <strong>en az 2 y\u0131l garantili<\/strong> olacakt\u0131r.<\/li>\n<\/ul>\n\n\n\n<hr class=\"wp-block-separator has-alpha-channel-opacity\"\/>\n\n\n\n<h3 class=\"wp-block-heading\">TA\u015eIYICI KONSTR\u00dcKS\u0130YON<\/h3>\n\n\n\n<p>Oyun grubunun kule, kayd\u0131rak, \u00e7at\u0131, merdiven ve korkuluk gibi elemanlar\u0131n\u0131 ta\u015f\u0131yan ana kolonlar:<\/p>\n\n\n\n<ul class=\"wp-block-list\">\n<li><strong>100 x 100 mm \u00f6l\u00e7\u00fclerinde, emprenye edilmi\u015f masif ah\u015fap<\/strong> olacakt\u0131r.<\/li>\n\n\n\n<li>Kullan\u0131lacak ah\u015faplar tek par\u00e7a, kusursuz ve y\u00fczeyi \u00e7atlaks\u0131z olmal\u0131d\u0131r.<\/li>\n\n\n\n<li>Z\u0131mparalama i\u015flemi tam yap\u0131lm\u0131\u015f olmal\u0131, y\u00fczeyde p\u00fcr\u00fcz b\u0131rak\u0131lmamal\u0131d\u0131r.<\/li>\n\n\n\n<li>Ah\u015faplar\u0131n boyu, kaynak veya ek par\u00e7alarla uzat\u0131lm\u0131\u015f olmamal\u0131d\u0131r.<\/li>\n<\/ul>\n\n\n\n<hr class=\"wp-block-separator has-alpha-channel-opacity\"\/>\n\n\n\n<h3 class=\"wp-block-heading\">KAYDIRAK PLATFORMU<\/h3>\n\n\n\n<p>Helezon kayd\u0131ra\u011f\u0131n montaj\u0131 i\u00e7in kullan\u0131lacak platform:<\/p>\n\n\n\n<p>Platform ortas\u0131nda, esnemeyi \u00f6nlemek amac\u0131yla <strong>40 x 90 mm<\/strong> \u00f6l\u00e7\u00fclerinde destekli ah\u015fap uygulanacakt\u0131r.<\/p>\n\n\n\n<p>Kuyruk k\u0131sm\u0131 yekpare olacak; sonradan yama \u015feklinde ek yap\u0131lmayacakt\u0131r.<\/p>\n\n\n\n<p>Minimum \u00f6l\u00e7\u00fcler: <strong>115 cm x 205 cm x 9 cm<\/strong><\/p>\n\n\n\n<p>Minimum et kal\u0131nl\u0131\u011f\u0131: <strong>40 mm<\/strong><\/p>\n\n\n\n<h3 class=\"wp-block-heading\">7 BASAMAKLI ARA MERD\u0130VEN<\/h3>\n\n\n\n<ul class=\"wp-block-list\">\n<li>Merdivenler, <strong>150 cm kot fark\u0131<\/strong> olan platforma eri\u015fimi sa\u011flayacak \u015fekilde imal edilecektir.<\/li>\n\n\n\n<li><strong>Basamak y\u00fcksekli\u011fi:<\/strong> Minimum 130 mm, maksimum 200 mm.<\/li>\n\n\n\n<li><strong>Merdiven korkuluk y\u00fcksekli\u011fi:<\/strong> Minimum 700 mm, maksimum 850 mm.<\/li>\n\n\n\n<li>Her merdiven grubunda <strong>2 adet korkuluk<\/strong> bulunacakt\u0131r.<\/li>\n\n\n\n<li>Basamaklar, <strong>40 mm et kal\u0131nl\u0131\u011f\u0131nda ah\u015fap<\/strong> malzemeden imal edilecektir.<\/li>\n<\/ul>\n\n\n\n<hr class=\"wp-block-separator has-alpha-channel-opacity\"\/>\n\n\n\n<h3 class=\"wp-block-heading\">150 CM D\u00dcZ KAYDIRAK<\/h3>\n\n\n\n<ul class=\"wp-block-list\">\n<li>Platform y\u00fcksekli\u011fi: <strong>150 cm<\/strong><\/li>\n\n\n\n<li>Kayd\u0131rak, kendinden renkli polietilen plastikten, <strong>tek par\u00e7a ve \u00e7ift cidarl\u0131<\/strong> olarak, minimum <strong>35 kg a\u011f\u0131rl\u0131\u011f\u0131nda<\/strong> \u00fcretilecektir.<\/li>\n\n\n\n<li><strong>Koruyucu kenar i\u00e7 y\u00fcksekli\u011fi:<\/strong> 17 cm<br><strong>Kayma y\u00fczeyi geni\u015fli\u011fi:<\/strong> 40 cm<br><strong>E\u011fim:<\/strong> 25\u00b0\u201330\u00b0<\/li>\n\n\n\n<li>Giri\u015f b\u00f6l\u00fcm\u00fcnde g\u00fcvenlik i\u00e7in <strong>polietilen korkuluklar<\/strong> kullan\u0131lacakt\u0131r.<\/li>\n\n\n\n<li>Kayd\u0131ra\u011f\u0131n \u00e7\u0131k\u0131\u015f noktas\u0131ndaki ankraj yeri, <strong>metal aparatla zemine sabitlenmelidir<\/strong>.<\/li>\n\n\n\n<li>Y\u00fczey kalitesi i\u00e7in kal\u0131p, <strong>kumlamal\u0131 al\u00fcminyumdan<\/strong> veya e\u015fde\u011fer malzemeden imal edilmeli, ayr\u0131ca <strong>teflon kaplama<\/strong> uygulanmal\u0131d\u0131r.<\/li>\n\n\n\n<li><strong>Kayd\u0131rak a\u011f\u0131rl\u0131\u011f\u0131:<\/strong> Min. 35 kg<br><strong>Kayd\u0131rak panosu a\u011f\u0131rl\u0131\u011f\u0131:<\/strong> Min. 9 kg<\/li>\n<\/ul>\n\n\n\n<hr class=\"wp-block-separator has-alpha-channel-opacity\"\/>\n\n\n\n<h3 class=\"wp-block-heading\">150 CM HELEZON KAYDIRAK<\/h3>\n\n\n\n<ul class=\"wp-block-list\">\n<li>Platform y\u00fcksekli\u011fi: <strong>150 cm<\/strong><\/li>\n\n\n\n<li>\u00d876 mm \u00e7ap\u0131nda profil boruya sarmal \u015fekilde \u015fekillendirilmi\u015f, kendinden renkli polietilen malzemeden, <strong>tek par\u00e7a ve \u00e7ift cidarl\u0131<\/strong>, minimum <strong>45 kg a\u011f\u0131rl\u0131\u011f\u0131nda<\/strong> \u00fcretilecektir.<\/li>\n\n\n\n<li><strong>Koruyucu kenar i\u00e7 y\u00fcksekli\u011fi:<\/strong> 17 cm<br><strong>Kayma y\u00fczeyi geni\u015fli\u011fi:<\/strong> 40 cm<br><strong>E\u011fim:<\/strong> 25\u00b0\u201330\u00b0<\/li>\n\n\n\n<li>Giri\u015f b\u00f6l\u00fcm\u00fcnde her iki yanda <strong>9 kg\u2019l\u0131k polietilen korkuluk<\/strong>, \u00fcst k\u0131sm\u0131nda ise <strong>12 kg\u2019l\u0131k bariyer<\/strong> bulunmal\u0131d\u0131r.<\/li>\n\n\n\n<li>Kayd\u0131ra\u011f\u0131n orta k\u0131sm\u0131nda, <strong>76 mm \u00e7ap\u0131nda sanayi borusu<\/strong> ile metal aparat kullan\u0131larak zemine sabitlenmelidir.<\/li>\n\n\n\n<li><strong>Kayd\u0131rak a\u011f\u0131rl\u0131\u011f\u0131:<\/strong> Min. 45 kg<br><strong>Kayd\u0131rak panolar\u0131:<\/strong> Her biri min. 9 kg<\/li>\n<\/ul>\n\n\n\n<hr class=\"wp-block-separator has-alpha-channel-opacity\"\/>\n\n\n\n<h3 class=\"wp-block-heading\">KARE \u00c7ATI<\/h3>\n\n\n\n<ul class=\"wp-block-list\">\n<li><strong>Minimum y\u00fckseklik:<\/strong> 89 cm<\/li>\n\n\n\n<li>\u00c7at\u0131, &#8220;A&#8221; \u015feklinde olup ana iskeleti <strong>5 x 10 cm<\/strong> ebatlar\u0131ndaki latalardan imal edilecektir.<\/li>\n\n\n\n<li>\u00dcst y\u00fczey, <strong>2.2 x 9.2 cm<\/strong> yal\u0131 bask\u0131 modelinde latalarla kaplanacakt\u0131r.<\/li>\n\n\n\n<li><strong>TS EN 1176-1<\/strong> standard\u0131na g\u00f6re, platform ile \u00e7at\u0131 aras\u0131ndaki y\u00fckseklik en az <strong>1800 mm<\/strong> olmal\u0131d\u0131r.<\/li>\n\n\n\n<li>\u00c7at\u0131, ta\u015f\u0131y\u0131c\u0131 konstr\u00fcksiyona <strong>do\u011frudan ba\u011flanmal\u0131<\/strong>, araya ba\u011flant\u0131 eleman\u0131 konulmamal\u0131d\u0131r.<\/li>\n\n\n\n<li>\u00dcr\u00fcn y\u00fczeyi p\u00fcr\u00fczs\u00fcz olacak \u015fekilde <strong>z\u0131mparalanm\u0131\u015f<\/strong> olmal\u0131d\u0131r.<\/li>\n<\/ul>\n\n\n\n<hr class=\"wp-block-separator has-alpha-channel-opacity\"\/>\n\n\n\n<h3 class=\"wp-block-heading\">2\u2019L\u0130 SALINCAK<\/h3>\n\n\n\n<ul class=\"wp-block-list\">\n<li>Ta\u015f\u0131y\u0131c\u0131 ah\u015faplar <strong>90 x 90 mm<\/strong> \u00f6l\u00e7\u00fclerinde olup, yatay ve d\u00fc\u015fey kesim noktalar\u0131 dik a\u00e7\u0131 ile birle\u015fecek \u015fekilde, <strong>minimum 12 cm uzunlu\u011funda kasa vidalar\u0131yla<\/strong> sabitlenecektir.<\/li>\n\n\n\n<li>Oturaklar, <strong>al\u00e7ak yo\u011funluklu lineer polietilen<\/strong> hammaddeden, <strong>EN 1176-1,3<\/strong> belgeli, sa\u011fl\u0131\u011fa zarars\u0131z, \u00e7inko i\u00e7ermeyen ve <strong>\u0131\u015f\u0131k hassasiyeti 6\u20138 skala<\/strong> aral\u0131\u011f\u0131nda olan boyalarla \u00fcretilmi\u015f olmal\u0131d\u0131r.<\/li>\n<\/ul>\n\n\n\n<p><strong>Sal\u0131ncak otura\u011f\u0131 \u00f6l\u00e7\u00fcleri:<\/strong><\/p>\n\n\n\n<ul class=\"wp-block-list\">\n<li>En: 44 cm<\/li>\n\n\n\n<li>Boy: 32 cm<\/li>\n\n\n\n<li>Y\u00fckseklik: 33 cm<\/li>\n\n\n\n<li>A\u011f\u0131rl\u0131k: 3.30 kg<\/li>\n<\/ul>\n\n\n\n<p><strong>Zincir \u00d6zellikleri:<\/strong><\/p>\n\n\n\n<ul class=\"wp-block-list\">\n<li>Uzunluk: 190 cm<\/li>\n\n\n\n<li>Et kal\u0131nl\u0131\u011f\u0131: 5 mm<\/li>\n\n\n\n<li><strong>Galvanizli<\/strong> \u00e7elik malzemeden olmal\u0131d\u0131r.<\/li>\n\n\n\n<li>Oturaklar, <strong>4 noktadan zincirlerle<\/strong> ta\u015f\u0131y\u0131c\u0131ya monte edilmelidir.<\/li>\n\n\n\n<li>Zincir ba\u011flant\u0131lar\u0131, <strong>5\/16 zincir kilitleri<\/strong> ile sabitlenmelidir.<\/li>\n<\/ul>\n","protected":false},"excerpt":{"rendered":"<p>Teknik \u00d6zellikler POL\u0130ET\u0130LEN AKSAM Oyun gruplar\u0131nda kullan\u0131lacak polietilen malzemelerin hammaddesi, al\u00e7ak yo\u011funluklu lineer polietilen (LLDPE) olacakt\u0131r. Bu hammaddeler: TA\u015eIYICI KONSTR\u00dcKS\u0130YON Oyun grubunun kule, kayd\u0131rak, \u00e7at\u0131, merdiven ve korkuluk gibi elemanlar\u0131n\u0131 ta\u015f\u0131yan ana kolonlar: KAYDIRAK PLATFORMU Helezon kayd\u0131ra\u011f\u0131n montaj\u0131 i\u00e7in kullan\u0131lacak platform: Platform ortas\u0131nda, esnemeyi \u00f6nlemek amac\u0131yla 40 x 90 mm \u00f6l\u00e7\u00fclerinde destekli ah\u015fap uygulanacakt\u0131r. Kuyruk [&hellip;]<\/p>\n","protected":false},"author":1,"featured_media":0,"parent":0,"menu_order":0,"comment_status":"closed","ping_status":"closed","template":"","meta":{"footnotes":""},"class_list":["post-1978","page","type-page","status-publish","hentry"],"_links":{"self":[{"href":"https:\/\/parkolik.com\/index.php\/wp-json\/wp\/v2\/pages\/1978","targetHints":{"allow":["GET"]}}],"collection":[{"href":"https:\/\/parkolik.com\/index.php\/wp-json\/wp\/v2\/pages"}],"about":[{"href":"https:\/\/parkolik.com\/index.php\/wp-json\/wp\/v2\/types\/page"}],"author":[{"embeddable":true,"href":"https:\/\/parkolik.com\/index.php\/wp-json\/wp\/v2\/users\/1"}],"replies":[{"embeddable":true,"href":"https:\/\/parkolik.com\/index.php\/wp-json\/wp\/v2\/comments?post=1978"}],"version-history":[{"count":42,"href":"https:\/\/parkolik.com\/index.php\/wp-json\/wp\/v2\/pages\/1978\/revisions"}],"predecessor-version":[{"id":2334,"href":"https:\/\/parkolik.com\/index.php\/wp-json\/wp\/v2\/pages\/1978\/revisions\/2334"}],"wp:attachment":[{"href":"https:\/\/parkolik.com\/index.php\/wp-json\/wp\/v2\/media?parent=1978"}],"curies":[{"name":"wp","href":"https:\/\/api.w.org\/{rel}","templated":true}]}}