{"id":2093,"date":"2025-06-23T10:01:09","date_gmt":"2025-06-23T07:01:09","guid":{"rendered":"https:\/\/parkolik.com\/?page_id=2093"},"modified":"2025-07-05T03:04:25","modified_gmt":"2025-07-05T00:04:25","slug":"ekonomik-serisi-par-1001","status":"publish","type":"page","link":"https:\/\/parkolik.com\/index.php\/ekonomik-serisi-par-1001\/","title":{"rendered":"Ekonomik Serisi Par 1001"},"content":{"rendered":"\n<div class=\"wp-block-columns is-layout-flex wp-container-core-columns-is-layout-9d6595d7 wp-block-columns-is-layout-flex\">\n<div class=\"wp-block-column is-layout-flow wp-block-column-is-layout-flow\">\n<div class=\"wp-block-group\"><div class=\"wp-block-group__inner-container is-layout-constrained wp-block-group-is-layout-constrained\"><div class=\"wp-block-image\">\n<figure data-wp-context=\"{&quot;imageId&quot;:&quot;69e255d1a1a39&quot;}\" data-wp-interactive=\"core\/image\" data-wp-key=\"69e255d1a1a39\" class=\"aligncenter size-full wp-lightbox-container\"><img loading=\"lazy\" decoding=\"async\" width=\"300\" height=\"300\" data-wp-class--hide=\"state.isContentHidden\" data-wp-class--show=\"state.isContentVisible\" data-wp-init=\"callbacks.setButtonStyles\" data-wp-on--click=\"actions.showLightbox\" data-wp-on--load=\"callbacks.setButtonStyles\" data-wp-on-window--resize=\"callbacks.setButtonStyles\" src=\"https:\/\/parkolik.com\/wp-content\/uploads\/2025\/06\/PIP-200-1-300x300-1.jpg\" alt=\"\" class=\"wp-image-2105\" srcset=\"https:\/\/parkolik.com\/wp-content\/uploads\/2025\/06\/PIP-200-1-300x300-1.jpg 300w, https:\/\/parkolik.com\/wp-content\/uploads\/2025\/06\/PIP-200-1-300x300-1-150x150.jpg 150w\" sizes=\"auto, (max-width: 300px) 100vw, 300px\" \/><button\n\t\t\tclass=\"lightbox-trigger\"\n\t\t\ttype=\"button\"\n\t\t\taria-haspopup=\"dialog\"\n\t\t\taria-label=\"B\u00fcy\u00fct\"\n\t\t\tdata-wp-init=\"callbacks.initTriggerButton\"\n\t\t\tdata-wp-on--click=\"actions.showLightbox\"\n\t\t\tdata-wp-style--right=\"state.imageButtonRight\"\n\t\t\tdata-wp-style--top=\"state.imageButtonTop\"\n\t\t>\n\t\t\t<svg xmlns=\"http:\/\/www.w3.org\/2000\/svg\" width=\"12\" height=\"12\" fill=\"none\" viewBox=\"0 0 12 12\">\n\t\t\t\t<path fill=\"#fff\" d=\"M2 0a2 2 0 0 0-2 2v2h1.5V2a.5.5 0 0 1 .5-.5h2V0H2Zm2 10.5H2a.5.5 0 0 1-.5-.5V8H0v2a2 2 0 0 0 2 2h2v-1.5ZM8 12v-1.5h2a.5.5 0 0 0 .5-.5V8H12v2a2 2 0 0 1-2 2H8Zm2-12a2 2 0 0 1 2 2v2h-1.5V2a.5.5 0 0 0-.5-.5H8V0h2Z\" \/>\n\t\t\t<\/svg>\n\t\t<\/button><\/figure>\n<\/div><\/div><\/div>\n<\/div>\n\n\n\n<div class=\"wp-block-column is-layout-flow wp-block-column-is-layout-flow\">\n<h3 class=\"wp-block-heading\">\ud83d\udccc <strong>TEKN\u0130K \u00d6ZELL\u0130KLER<\/strong><\/h3>\n\n\n\n<p><strong>1. OYUN GRUBU ELEMANLARI<\/strong><\/p>\n\n\n\n<ul class=\"wp-block-list\">\n<li><strong>D\u00fcz Kayd\u0131rak:<\/strong> 1 Adet, polietilen, min. 1000 mm platform y\u00fcksekli\u011fi, kaymaz y\u00fczeyli, g\u00fcvenlik korkuluklu.<\/li>\n\n\n\n<li><strong>Sal\u0131ncak \u00dcnitesi:<\/strong> 2\u2019li, fig\u00fcrl\u00fc oturakl\u0131, polietilen destekli, galvanizli zincir sistemi.<\/li>\n\n\n\n<li><strong>\u00c7\u0131k\u0131\u015f Merdiveni:<\/strong> 1 Adet, kaymaz basamakl\u0131, polietilen yan panelli.<\/li>\n\n\n\n<li><strong>\u00dcst \u00c7at\u0131:<\/strong> Kendinden renkli polietilen, UV katk\u0131l\u0131, konik formda.<\/li>\n\n\n\n<li><strong>Ta\u015f\u0131y\u0131c\u0131 Direkler:<\/strong> \u00d8114 mm sanayi borusu veya minimum 90&#215;90 mm ah\u015fap kesit, galvanizli, elektrostatik toz boya veya emprenye.<\/li>\n<\/ul>\n\n\n<a href=\"https:\/\/wa.me\/905426483450?text=Merhaba%2C+bu+%C3%BCr%C3%BCn+ile+ilgili+fiyat+almak+istiyorum%3A+https%3A%2F%2Fparkolik.com%2Findex.php%2Fwp-json%2Fwp%2Fv2%2Fpages%2F2093\" target=\"_blank\">\n                <img loading=\"lazy\" decoding=\"async\" src=\"https:\/\/parkolik.com\/wp-content\/uploads\/2025\/06\/whatsapp.png\" alt=\"Fiyat Al\" width=\"250\" height=\"85\" \" \/>\n            <\/a>\n<\/div>\n<\/div>\n\n\n\n<h3 class=\"wp-block-heading\">\ud83d\udd39<strong>2. MALZEME DETAYLARI<\/strong><\/h3>\n\n\n\n<ul class=\"wp-block-list\">\n<li><strong>Polietilen Aksam:<\/strong> LLDPE, UV dayan\u0131ml\u0131, canl\u0131 renkler, kolay temizlenebilir.<\/li>\n\n\n\n<li><strong>Metal Aksam:<\/strong> Kumlama + elektrostatik toz boya, f\u0131r\u0131nlama 200\u00b0C min. 20 dk.<\/li>\n\n\n\n<li><strong>Ba\u011flant\u0131 Elemanlar\u0131:<\/strong> Galvanizli c\u0131vatalar, enjeksiyon polietilen kapakl\u0131.<\/li>\n<\/ul>\n\n\n\n<hr class=\"wp-block-separator has-alpha-channel-opacity\"\/>\n\n\n\n<p><strong>3. SALINCAKLAR<\/strong><\/p>\n\n\n\n<ul class=\"wp-block-list\">\n<li>Fig\u00fcrl\u00fc oturaklar, zincir ba\u011flant\u0131lar plastik koruma hortumlu, min. 6 mm kal\u0131n galvaniz zincir.<\/li>\n\n\n\n<li>Ta\u015f\u0131y\u0131c\u0131 dikmeler beton ankrajl\u0131 sabitlenir.<\/li>\n<\/ul>\n\n\n\n<hr class=\"wp-block-separator has-alpha-channel-opacity\"\/>\n\n\n\n<p><strong>4. STANDARTLAR<\/strong><\/p>\n\n\n\n<ul class=\"wp-block-list\">\n<li>T\u00fcm detaylar <strong>TS EN 1176<\/strong> \u00e7ocuk oyun alanlar\u0131 g\u00fcvenlik standard\u0131na uygun.<\/li>\n<\/ul>\n\n\n\n<hr class=\"wp-block-separator has-alpha-channel-opacity\"\/>\n\n\n\n<h3 class=\"wp-block-heading\">\ud83d\udccc <strong>\u00dcR\u00dcN TANIMI (K\u0131sa A\u00e7\u0131klama)<\/strong><\/h3>\n\n\n\n<p>Tek kuleli, \u00e7at\u0131l\u0131, kompakt tasar\u0131m\u0131 ve \u00e7ift sal\u0131ncak \u00fcnitesi ile k\u00fc\u00e7\u00fck alanlar i\u00e7in ideal olan bu model; kayd\u0131rak, merdiven ve sal\u0131ncak kombinasyonu sayesinde farkl\u0131 ya\u015f gruplar\u0131na hitap eder.<br>Polietilen par\u00e7alar\u0131 UV dayan\u0131ml\u0131d\u0131r, metal ve ah\u015fap ta\u015f\u0131y\u0131c\u0131lar uzun \u00f6m\u00fcrl\u00fcd\u00fcr. Okul bah\u00e7eleri, apartman siteleri ve parklar i\u00e7in uygundur.\u0131\u015ft\u0131r.<\/p>\n","protected":false},"excerpt":{"rendered":"<p>\ud83d\udccc TEKN\u0130K \u00d6ZELL\u0130KLER 1. OYUN GRUBU ELEMANLARI \ud83d\udd392. MALZEME DETAYLARI 3. SALINCAKLAR 4. STANDARTLAR \ud83d\udccc \u00dcR\u00dcN TANIMI (K\u0131sa A\u00e7\u0131klama) Tek kuleli, \u00e7at\u0131l\u0131, kompakt tasar\u0131m\u0131 ve \u00e7ift sal\u0131ncak \u00fcnitesi ile k\u00fc\u00e7\u00fck alanlar i\u00e7in ideal olan bu model; kayd\u0131rak, merdiven ve sal\u0131ncak kombinasyonu sayesinde farkl\u0131 ya\u015f gruplar\u0131na hitap eder.Polietilen par\u00e7alar\u0131 UV dayan\u0131ml\u0131d\u0131r, metal ve ah\u015fap ta\u015f\u0131y\u0131c\u0131lar uzun [&hellip;]<\/p>\n","protected":false},"author":1,"featured_media":0,"parent":0,"menu_order":0,"comment_status":"closed","ping_status":"closed","template":"","meta":{"footnotes":""},"class_list":["post-2093","page","type-page","status-publish","hentry"],"_links":{"self":[{"href":"https:\/\/parkolik.com\/index.php\/wp-json\/wp\/v2\/pages\/2093","targetHints":{"allow":["GET"]}}],"collection":[{"href":"https:\/\/parkolik.com\/index.php\/wp-json\/wp\/v2\/pages"}],"about":[{"href":"https:\/\/parkolik.com\/index.php\/wp-json\/wp\/v2\/types\/page"}],"author":[{"embeddable":true,"href":"https:\/\/parkolik.com\/index.php\/wp-json\/wp\/v2\/users\/1"}],"replies":[{"embeddable":true,"href":"https:\/\/parkolik.com\/index.php\/wp-json\/wp\/v2\/comments?post=2093"}],"version-history":[{"count":2,"href":"https:\/\/parkolik.com\/index.php\/wp-json\/wp\/v2\/pages\/2093\/revisions"}],"predecessor-version":[{"id":2980,"href":"https:\/\/parkolik.com\/index.php\/wp-json\/wp\/v2\/pages\/2093\/revisions\/2980"}],"wp:attachment":[{"href":"https:\/\/parkolik.com\/index.php\/wp-json\/wp\/v2\/media?parent=2093"}],"curies":[{"name":"wp","href":"https:\/\/api.w.org\/{rel}","templated":true}]}}